{"id":20063,"date":"2026-03-31T08:03:25","date_gmt":"2026-03-31T06:03:25","guid":{"rendered":"https:\/\/thurne.se\/product\/process-monitoring\/"},"modified":"2026-04-10T12:19:09","modified_gmt":"2026-04-10T10:19:09","slug":"monitorowanie-procesu","status":"publish","type":"product","link":"https:\/\/thurne.se\/pl\/produkt\/monitorowanie-procesu\/","title":{"rendered":"Monitorowanie Procesu"},"content":{"rendered":"<p>[vc_row][vc_column][vc_column_text]Technologia pomiaru inline oparta na obrazowaniu optycznym i analizie obrazu w czasie rzeczywistym. Mo\u017ce by\u0107 stosowana do zawiesin, obejmuj\u0105cych np. cz\u0105stki, kryszta\u0142y, krople lub p\u0119cherzyki gazu jako faz\u0119 rozproszon\u0105. Analiza w\u0142a\u015bciwo\u015bci zawiesin w czasie rzeczywistym jest kluczowa dla kontroli i optymalizacji proces\u00f3w.<\/p>\n<p>Systemy pomiarowe opieraj\u0105 si\u0119 na bezpo\u015brednim obrazowaniu optycznym zawiesin procesowych w ruroci\u0105gach, reaktorach i zbiornikach. Pozyskiwanie obraz\u00f3w jest nast\u0119pnie analizowane przy u\u017cyciu w\u0142asnych algorytm\u00f3w w celu wykrycia element\u00f3w fazy rozproszonej, takich jak cz\u0105stki, p\u0119cherzyki i kryszta\u0142y. W rezultacie uzyskuje si\u0119 szczeg\u00f3\u0142owe statystyki tych element\u00f3w, w tym rozmiar, kszta\u0142t, pr\u0119dko\u015b\u0107 i kolor. Systemy pomiarowe sk\u0142adaj\u0105 si\u0119 z jednostki obrazuj\u0105cej Pixscope oraz jednostki g\u0142\u00f3wnej Pixstation, dzia\u0142aj\u0105cej z oprogramowaniem pomiarowym Pixact.<\/p>\n<ul>\n<li>Wysoka jako\u015b\u0107 obrazu nawet w zawiesinach o du\u017cym zabarwieniu i wysokim st\u0119\u017ceniu kryszta\u0142\u00f3w.<\/li>\n<li>Pomiar wielko\u015bci kryszta\u0142\u00f3w w czasie rzeczywistym od fazy zasiewu do ko\u0144ca partii.<\/li>\n<li>Raportowanie wynik\u00f3w pomiar\u00f3w w formacie Excel lub CSV.<\/li>\n<li>Przesy\u0142anie wynik\u00f3w pomiar\u00f3w do systemu DCS zak\u0142adu (np. mA, Profinet, Modbus-TCP, OPC UA).<\/li>\n<li>W pe\u0142ni konfigurowalny interfejs u\u017cytkownika i raportowanie danych.<\/li>\n<li>Solidna jednostka obrazuj\u0105ca bez ruchomych cz\u0119\u015bci, wyposa\u017cona w automatyczn\u0105 dysz\u0119 myj\u0105c\u0105.<\/li>\n<\/ul>\n<p>Dzi\u0119ki tej technologii mo\u017cliwe jest zwi\u0119kszenie wydajno\u015bci procesu i minimalizacja zmienno\u015bci jako\u015bci produktu ko\u0144cowego.<\/p>\n<h4>Dzia\u0142ania badawczo-rozwojowe w laboratoriach i na skali pilota\u017cowej:<\/h4>\n<ul>\n<li>Zrozumienie podstawowych zjawisk procesowych i mechanizm\u00f3w reakcji.<\/li>\n<li>Pozyskiwanie szczeg\u00f3\u0142owych danych pomiarowych wspieraj\u0105cych rozw\u00f3j nowych mieszanek, receptur i proces\u00f3w.<\/li>\n<li>Analiza pr\u00f3bek pobranych manualnie.<\/li>\n<li>Korzystanie z tych samych narz\u0119dzi od laboratorium po skal\u0119 pilota\u017cow\u0105 u\u0142atwia prac\u0119 nad skalowaniem proces\u00f3w.<\/li>\n<li>Generowanie szczeg\u00f3\u0142owych danych pomiarowych w celu optymalizacji parametr\u00f3w procesowych i schemat\u00f3w kontroli.<\/li>\n<\/ul>\n<h4>Produkcja i skala zak\u0142adowa:<\/h4>\n<ul>\n<li>Wizualna kontrola zawiesiny procesowej za pomoc\u0105 kamery na \u017cywo.<\/li>\n<li>Dostarczanie szczeg\u00f3\u0142owych danych pomiarowych w czasie rzeczywistym do kontroli procesu.<\/li>\n<li>Zast\u0119powanie manualnych procedur pobierania pr\u00f3bek i analiz w kontroli jako\u015bci.<\/li>\n<li>Analiza odchyle\u0144 procesu za pomoc\u0105 pomiar\u00f3w online.<\/li>\n<li>Dokumentacja i raportowanie jako\u015bci produkcji.<\/li>\n<li>Analiza por\u00f3wnawcza receptur, reaktor\u00f3w, linii procesowych i zak\u0142ad\u00f3w w celu promowania najlepszych praktyk.<\/li>\n<li>Umo\u017cliwienie szybkiego diagnozowania problem\u00f3w.<\/li>\n<li>Tworzenie bazy danych produkcyjnych wspieraj\u0105cej rozwi\u0105zywanie problem\u00f3w w przypadku zak\u0142\u00f3ce\u0144..<\/li>\n<\/ul>\n<h4>ZASTOSOWANIA<\/h4>\n<h5>Kryszta\u0142y<\/h5>\n<ul>\n<li>Analiza fazy zasiewu.<\/li>\n<li>Monitorowanie i kontrola wzrostu kryszta\u0142\u00f3w.<\/li>\n<li>Wykrywanie spontanicznej nukleacji.<\/li>\n<li>Pomiar ko\u0144cowego rozk\u0142adu wielko\u015bci kryszta\u0142\u00f3w.<\/li>\n<\/ul>\n<h5>Cz\u0105stki<\/h5>\n<ul>\n<li>Analiza w\u0142a\u015bciwo\u015bci cz\u0105stek (rozmiar, kszta\u0142t, kolor).<\/li>\n<li>Klasyfikacja cz\u0105stek wed\u0142ug cech wizualnych.<\/li>\n<\/ul>\n<h5>P\u0119cherzyki<\/h5>\n<ul>\n<li>Pomiar rozk\u0142adu wielko\u015bci p\u0119cherzyk\u00f3w.<\/li>\n<li>Analiza jednorodno\u015bci zawiesiny.<\/li>\n<li>Optymalizacja rozproszenia gazu (dawkowanie \u015brodk\u00f3w pianotw\u00f3rczych\/antypianotw\u00f3rczych, mieszanie, podawanie gazu).<\/li>\n<\/ul>\n<h5>Krople<\/h5>\n<ul>\n<li>Pomiar rozk\u0142adu wielko\u015bci kropli.<\/li>\n<li>Optymalizacja i kontrola parametr\u00f3w procesu (np. temperatura, ci\u015bnienie, energia mieszania) oraz dawkowania chemikali\u00f3w.<\/li>\n<\/ul>\n<h5>Bioprocesy<\/h5>\n<ul>\n<li>Analiza wielko\u015bci i morfologii kom\u00f3rek, np. w\u0142\u00f3kien grzybni.<\/li>\n<li>Ocena jednorodno\u015bci i struktury zawiesiny.<\/li>\n<li>Pomiar rozk\u0142adu p\u0119cherzyk\u00f3w w reaktorze.<\/li>\n<\/ul>\n<p>Typ ko\u0142nierza jednostki obrazuj\u0105cej i d\u0142ugo\u015b\u0107 sondy s\u0105 konfigurowalne, co pozwala na monta\u017c w r\u00f3\u017cnych urz\u0105dzeniach procesowych. Jednostka obrazuj\u0105ca mo\u017ce by\u0107 wyposa\u017cona w dysz\u0119 myj\u0105c\u0105 do oczyszczania szczeliny pomiarowej. Preferowane miejsce instalacji Pixscope to ko\u0142nierz na bocznej \u015bcianie reaktora lub zbiornika. Wersja wyd\u0142u\u017cona umo\u017cliwia monta\u017c na ko\u0142nierzu g\u00f3rnym.[\/vc_column_text][\/vc_column][\/vc_row][vc_row lg_spacing=&#8221;padding_top:30&#8243;][vc_column][vc_video link=&#8221;https:\/\/www.youtube.com\/watch?v=8KI0LVVKYec&#8221; el_width=&#8221;60&#8243; align=&#8221;center&#8221;][\/vc_column][\/vc_row][vc_row lg_spacing=&#8221;padding_top:30&#8243;][vc_column][vc_column_text]<\/p>\n<h4>Broszura w j\u0119zyku angielskim<\/h4>\n<p>[\/vc_column_text][\/vc_column][vc_column width=&#8221;1\/3&#8243;][tm_button size=&#8221;lg&#8221; button=&#8221;url:https%3A%2F%2Fthurne.se%2Fwp-content%2Fuploads%2F2026%2F03%2FPixact_brochure_2025_general.pdf|title:BROSZURA|target:_blank&#8221; align=&#8221;center&#8221;][\/vc_column][vc_column width=&#8221;1\/3&#8243;][\/vc_column][vc_column width=&#8221;1\/3&#8243;][\/vc_column][\/vc_row][vc_row lg_spacing=&#8221;padding_top:30&#8243;][vc_column][vc_column_text]<\/p>\n<h4>Wi\u0119cej informacji na stronie producenta:<\/h4>\n<p>[\/vc_column_text][\/vc_column][vc_column width=&#8221;1\/3&#8243;][tm_button size=&#8221;lg&#8221; button=&#8221;url:https%3A%2F%2Fpixact.fi%2F|title:PRODUCENT|target:_blank&#8221; align=&#8221;center&#8221;][\/vc_column][vc_column width=&#8221;1\/3&#8243;][\/vc_column][vc_column width=&#8221;1\/3&#8243;][\/vc_column][\/vc_row]<\/p>\n","protected":false},"excerpt":{"rendered":"Systemy pomiarowe in-line do diagnostyki\u00a0 zawiesin procesowych w przemy\u015ble w czasie rzeczywistym. Montowane bezpo\u015brednio na liniach procesowych, reaktorach lub zbiornikach, technologia ta pozwala na pozyskiwanie bardzo szczeg\u00f3\u0142owych danych pomiarowych w rzeczywistych warunkach procesowych.","protected":false},"featured_media":20035,"template":"","meta":[],"product_cat":[793,803,805,818,797,806,970,904,937,952,871,808,799,895,800,973,855,798,832],"product_tag":[],"class_list":{"0":"post-20063","1":"product","2":"type-product","3":"status-publish","4":"has-post-thumbnail","6":"product_cat-bioprocesy","7":"product_cat-chemia","8":"product_cat-chemikalia-specjalistyczne","9":"product_cat-farmacja","10":"product_cat-grupy","11":"product_cat-hydrometallurgy-pl","12":"product_cat-komponenty-4","13":"product_cat-komponenty-2","14":"product_cat-komponenty-10","15":"product_cat-komponenty-6","16":"product_cat-komponenty","17":"product_cat-rafinerie-i-przemysl-polimerowy","18":"product_cat-reaktor-i-zbiornik","19":"product_cat-reaktory-i-akcesoria","20":"product_cat-rozwiazania","21":"product_cat-technologia-reakcji","22":"product_cat-technologia-reakcji-3","23":"product_cat-wedlug-branz","24":"product_cat-zywnosc-i-napoje","25":"pa_supplier-pixact-pl","27":"first","28":"instock","29":"shipping-taxable","30":"purchasable","31":"product-type-simple"},"_links":{"self":[{"href":"https:\/\/thurne.se\/pl\/wp-json\/wp\/v2\/product\/20063","targetHints":{"allow":["GET"]}}],"collection":[{"href":"https:\/\/thurne.se\/pl\/wp-json\/wp\/v2\/product"}],"about":[{"href":"https:\/\/thurne.se\/pl\/wp-json\/wp\/v2\/types\/product"}],"wp:featuredmedia":[{"embeddable":true,"href":"https:\/\/thurne.se\/pl\/wp-json\/wp\/v2\/media\/20035"}],"wp:attachment":[{"href":"https:\/\/thurne.se\/pl\/wp-json\/wp\/v2\/media?parent=20063"}],"wp:term":[{"taxonomy":"product_cat","embeddable":true,"href":"https:\/\/thurne.se\/pl\/wp-json\/wp\/v2\/product_cat?post=20063"},{"taxonomy":"product_tag","embeddable":true,"href":"https:\/\/thurne.se\/pl\/wp-json\/wp\/v2\/product_tag?post=20063"}],"curies":[{"name":"wp","href":"https:\/\/api.w.org\/{rel}","templated":true}]}}