{"id":19498,"date":"2024-07-30T17:12:16","date_gmt":"2024-07-30T15:12:16","guid":{"rendered":"https:\/\/thurne.se\/product\/tank-agitators\/"},"modified":"2026-01-23T12:48:47","modified_gmt":"2026-01-23T11:48:47","slug":"mieszadla-zbiornikowe","status":"publish","type":"product","link":"https:\/\/thurne.se\/pl\/produkt\/mieszadla-zbiornikowe\/","title":{"rendered":"Mieszad\u0142a zbiornikowe"},"content":{"rendered":"<p>[vc_row][vc_column][vc_column_text]Bardzo elastyczne obj\u0119to\u015bci nape\u0142niania<\/p>\n<p>Mieszad\u0142a VISCO JET\u00ae VJ500:<br \/>\n&#8211; Indywidualne rozwi\u0105zania w zakresie mieszade\u0142 z jednego \u017ar\u00f3d\u0142a dla r\u00f3\u017cnych kszta\u0142t\u00f3w i obj\u0119to\u015bci pojemnik\u00f3w;<br \/>\n&#8211; Mo\u017ce by\u0107 \u0142\u0105czony ze wszystkimi wirnikami VISCO JET\u00ae w celu uzyskania optymalnych wynik\u00f3w mieszania przy sta\u0142ej jako\u015bci przez d\u0142ugi czas;<br \/>\n&#8211; Zr\u00f3wnowa\u017cone i energooszcz\u0119dne rozwi\u0105zanie mieszad\u0142a dzi\u0119ki wolnoobrotowemu systemowi mieszad\u0142a o niskiej mocy nap\u0119du;<br \/>\n&#8211; Zwi\u0119kszona wydajno\u015b\u0107 procesu dzi\u0119ki kr\u00f3tszym czasom mieszania przy u\u017cyciu zaawansowanej technologii mieszania VISCO JET\u00ae;<br \/>\n&#8211; R\u00f3\u017cne rozwi\u0105zania uszczelniaj\u0105ce, od prostego specjalnego pier\u015bcienia uszczelniaj\u0105cego wa\u0142u po uszczelnienie mechaniczne dwustronnego dzia\u0142ania, zapewniaj\u0105ce wysokie bezpiecze\u0144stwo produktu i pracy;<br \/>\n&#8211; Kompaktowa konstrukcja u\u0142atwiaj\u0105ca instalacj\u0119 i uruchomienie \u2013 zaprojektowana i wyprodukowana z my\u015bl\u0105 o szybkim wdro\u017ceniu u klienta;<br \/>\n&#8211; Opcjonalnie mieszad\u0142o w wersji ATEX dla stref 0 lub 21;<br \/>\n&#8211; R\u00f3\u017cne opcje dla Twojego indywidualnego rozwi\u0105zania. Idealny do zbiornik\u00f3w poziomych.<\/p>\n<p>Mieszad\u0142a VISCO JET\u00ae VJ510:<br \/>\n&#8211; Indywidualne rozwi\u0105zania w zakresie mieszade\u0142 do sta\u0142ych lub ruchomych poziomych zbiornik\u00f3w magazynowych lub produkcyjnych (w ci\u0119\u017car\u00f3wce lub poci\u0105gu);<br \/>\n&#8211; Mo\u017ce by\u0107 \u0142\u0105czony ze wszystkimi wirnikami VISCO JET\u00ae w celu uzyskania optymalnych wynik\u00f3w mieszania przy sta\u0142ej jako\u015bci przez d\u0142ugi czas;<br \/>\n&#8211; Zr\u00f3wnowa\u017cone i energooszcz\u0119dne rozwi\u0105zanie mieszad\u0142a dzi\u0119ki wolnoobrotowemu systemowi mieszad\u0142a o niskiej mocy nap\u0119du;<br \/>\n&#8211; Zwi\u0119kszona wydajno\u015b\u0107 procesu dzi\u0119ki kr\u00f3tszym czasom mieszania przy u\u017cyciu zaawansowanej technologii mieszania VISCO JET\u00ae;<br \/>\n&#8211; R\u00f3\u017cne rozwi\u0105zania uszczelniaj\u0105ce, od prostego specjalnego pier\u015bcienia uszczelniaj\u0105cego wa\u0142u po uszczelnienie mechaniczne dwustronnego dzia\u0142ania, zapewniaj\u0105ce wysokie bezpiecze\u0144stwo produktu i pracy;<br \/>\n&#8211; Kompaktowa konstrukcja u\u0142atwiaj\u0105ca instalacj\u0119 i uruchomienie \u2013 zaprojektowana i wyprodukowana z my\u015bl\u0105 o szybkim wdro\u017ceniu u klienta;<br \/>\n&#8211; Opcjonalnie mieszad\u0142o w wersji ATEX dla stref 0 lub 21;<br \/>\n&#8211; R\u00f3\u017cne opcje dla Twojego indywidualnego rozwi\u0105zania. Specjalista od zbiornik\u00f3w mobilnych.<\/p>\n<p>Mieszad\u0142a VISCO JET\u00ae VJ520:<br \/>\n&#8211; Specjalnie opracowany do pojemnik\u00f3w transportowych ze stali nierdzewnej z pokrywami;<br \/>\n&#8211; Indywidualne rozwi\u0105zania mieszade\u0142 z jednego \u017ar\u00f3d\u0142a o indywidualnej mocy nap\u0119du od 0,55 kW;<br \/>\n&#8211; Kompaktowa konstrukcja z uchwytem do podnoszenia dla \u0142atwej instalacji i uruchomienia;<br \/>\n&#8211; Mo\u017ce by\u0107 \u0142\u0105czony ze wszystkimi rozwi\u0105zaniami wirnika VISCO JET\u00ae w celu uzyskania optymalnych wynik\u00f3w mieszania przy sta\u0142ej jako\u015bci przez d\u0142ugi czas;<br \/>\n&#8211; Niskie zu\u017cycie element\u00f3w mieszad\u0142a dzi\u0119ki niskim pr\u0119dko\u015bciom;<br \/>\n&#8211; Opcjonalnie dost\u0119pna konstrukcja mieszad\u0142a dla obszaru ATEX. Bardzo elastyczny pod wzgl\u0119dem obj\u0119to\u015bci.<\/p>\n<p>Mieszad\u0142a VISCO JET\u00ae VJ600:<br \/>\n&#8211; Mieszad\u0142o zbiornikowe do zamontowanych na sta\u0142e, pionowych zbiornik\u00f3w magazynowych lub produkcyjnych z mieszad\u0142em zainstalowanym nad dnem zbiornika;<br \/>\n&#8211; Mo\u017ce by\u0107 \u0142\u0105czony ze wszystkimi wirnikami VISCO JET\u00ae w celu uzyskania optymalnych wynik\u00f3w mieszania przy sta\u0142ej jako\u015bci przez d\u0142ugi czas;<br \/>\n&#8211; Zr\u00f3wnowa\u017cone i energooszcz\u0119dne rozwi\u0105zanie mieszad\u0142a dzi\u0119ki wolnoobrotowemu systemowi mieszad\u0142a o niskiej mocy nap\u0119du;<br \/>\n&#8211; Zwi\u0119kszona wydajno\u015b\u0107 procesu dzi\u0119ki kr\u00f3tszym czasom mieszania przy u\u017cyciu zaawansowanej technologii mieszania VISCO JET\u00ae;<br \/>\n&#8211; R\u00f3\u017cne rozwi\u0105zania uszczelniaj\u0105ce, od prostego specjalnego pier\u015bcienia uszczelniaj\u0105cego wa\u0142u po uszczelnienie mechaniczne dwustronnego dzia\u0142ania, zapewniaj\u0105ce wysokie bezpiecze\u0144stwo produktu i pracy;<br \/>\n&#8211; Kompaktowa konstrukcja u\u0142atwiaj\u0105ca instalacj\u0119 i uruchomienie \u2013 zaprojektowana i wyprodukowana z my\u015bl\u0105 o szybkim wdro\u017ceniu u klienta;<br \/>\n&#8211; Opcjonalnie mieszad\u0142o w wersji ATEX dla stref 0 lub 21;<br \/>\n&#8211; R\u00f3\u017cne opcje dla Twojego indywidualnego rozwi\u0105zania.<\/p>\n<p>Mieszad\u0142a VISCO JET\u00ae VJ610:<br \/>\n&#8211; Mieszad\u0142o zbiornikowe do sta\u0142ych, stacjonarnych zbiornik\u00f3w magazynowych lub produkcyjnych;<br \/>\n&#8211; R\u00f3\u017cne elementy mieszaj\u0105ce VISCO JET\u00ae do medi\u00f3w o niskiej, \u015bredniej i wysokiej lepko\u015bci;<br \/>\n&#8211; Zr\u00f3wnowa\u017cone i energooszcz\u0119dne rozwi\u0105zanie mieszad\u0142a dzi\u0119ki wolnoobrotowemu systemowi mieszad\u0142a o niskiej mocy nap\u0119du;<br \/>\n&#8211; Sprz\u0119g\u0142o magnetyczne zapewnia hermetycznie zamkni\u0119ty system bez wyciek\u00f3w lub zanieczyszczenia medium mieszaj\u0105cego;<br \/>\n&#8211; Opcjonalnie mieszad\u0142o w wersji ATEX dla stref 0 lub 21;<br \/>\n&#8211; R\u00f3\u017cne opcje dla Twojego indywidualnego rozwi\u0105zania. Elastyczne mieszad\u0142o z bocznym wej\u015bciem.<\/p>\n<p>Mieszad\u0142a VISCO JET\u00ae VJ620:<br \/>\n&#8211; Mieszad\u0142o zbiornikowe do sta\u0142ych, stacjonarnych zbiornik\u00f3w magazynowych lub produkcyjnych;<br \/>\n&#8211; Z wk\u0142adem mieszaj\u0105cym VISCO JET\u00ae STEP\u00b3 zapewniaj\u0105cym optymalne wyniki mieszania przy sta\u0142ej jako\u015bci przez d\u0142ugi czas;<br \/>\n&#8211; Zr\u00f3wnowa\u017cone i energooszcz\u0119dne rozwi\u0105zanie mieszad\u0142a dzi\u0119ki wolnoobrotowemu systemowi mieszad\u0142a o niskiej mocy nap\u0119du;<br \/>\n&#8211; W zestawie specjalna technologia uszczelniania do monta\u017cu bocznego;<br \/>\n&#8211; Opcjonalnie mieszad\u0142o w wersji ATEX dla stref 0 lub 21;<br \/>\n&#8211; R\u00f3\u017cne opcje dla Twojego indywidualnego rozwi\u0105zania.[\/vc_column_text][\/vc_column][\/vc_row][vc_row lg_spacing=&#8221;padding_top:30&#8243;][vc_column][vc_column_text]<\/p>\n<h4>Wi\u0119cej informacji na stronie producenta:<\/h4>\n<p>[\/vc_column_text][\/vc_column][vc_column width=&#8221;1\/3&#8243;][tm_button size=&#8221;lg&#8221; button=&#8221;url:https%3A%2F%2Fviscojet.de%2Fen%2Fproduct-overview%2F%23tank|title:PRODUCENT|target:_blank&#8221; align=&#8221;center&#8221;][\/vc_column][vc_column width=&#8221;1\/3&#8243;][\/vc_column][vc_column width=&#8221;1\/3&#8243;][\/vc_column][\/vc_row]<\/p>\n","protected":false},"excerpt":{"rendered":"Mieszad\u0142a zbiornikowe s\u0105 przeznaczone do trwale zainstalowanych zbiornik\u00f3w magazynowych lub produkcyjnych o pojemno\u015bci od 10 litr\u00f3w do 1,5 miliona litr\u00f3w i mog\u0105 by\u0107 indywidualnie dostosowane do potrzeb klienta. Podczas rozwoju i in\u017cynierii skupiono si\u0119 na optymalizacji procesu, bezpiecze\u0144stwie, zr\u00f3wnowa\u017conym rozwoju i \u0142atwo\u015bci konserwacji, aby zaoferowa\u0107 wydajne rozwi\u0105zanie do dalszego rozwoju produkt\u00f3w i proces\u00f3w we wszystkich bran\u017cach.","protected":false},"featured_media":19496,"template":"","meta":[],"product_cat":[803,805,818,797,806,987,848,851,799,800,854,855,798,832],"product_tag":[],"class_list":{"0":"post-19498","1":"product","2":"type-product","3":"status-publish","4":"has-post-thumbnail","6":"product_cat-chemia","7":"product_cat-chemikalia-specjalistyczne","8":"product_cat-farmacja","9":"product_cat-grupy","10":"product_cat-hydrometallurgy-pl","11":"product_cat-mieszadla","12":"product_cat-mikser-5","13":"product_cat-mikser-3","14":"product_cat-reaktor-i-zbiornik","15":"product_cat-rozwiazania","16":"product_cat-systemy-procesowe-3","17":"product_cat-technologia-reakcji-3","18":"product_cat-wedlug-branz","19":"product_cat-zywnosc-i-napoje","20":"pa_supplier-visco-jet-pl","22":"first","23":"instock","24":"shipping-taxable","25":"purchasable","26":"product-type-simple"},"_links":{"self":[{"href":"https:\/\/thurne.se\/pl\/wp-json\/wp\/v2\/product\/19498","targetHints":{"allow":["GET"]}}],"collection":[{"href":"https:\/\/thurne.se\/pl\/wp-json\/wp\/v2\/product"}],"about":[{"href":"https:\/\/thurne.se\/pl\/wp-json\/wp\/v2\/types\/product"}],"wp:featuredmedia":[{"embeddable":true,"href":"https:\/\/thurne.se\/pl\/wp-json\/wp\/v2\/media\/19496"}],"wp:attachment":[{"href":"https:\/\/thurne.se\/pl\/wp-json\/wp\/v2\/media?parent=19498"}],"wp:term":[{"taxonomy":"product_cat","embeddable":true,"href":"https:\/\/thurne.se\/pl\/wp-json\/wp\/v2\/product_cat?post=19498"},{"taxonomy":"product_tag","embeddable":true,"href":"https:\/\/thurne.se\/pl\/wp-json\/wp\/v2\/product_tag?post=19498"}],"curies":[{"name":"wp","href":"https:\/\/api.w.org\/{rel}","templated":true}]}}