{"id":19491,"date":"2024-07-30T15:59:37","date_gmt":"2024-07-30T13:59:37","guid":{"rendered":"https:\/\/thurne.se\/product\/container-and-drum-agitators\/"},"modified":"2026-01-05T15:42:02","modified_gmt":"2026-01-05T14:42:02","slug":"mieszadla-kontenerowe-i-bebnowe","status":"publish","type":"product","link":"https:\/\/thurne.se\/pl\/produkt\/mieszadla-kontenerowe-i-bebnowe\/","title":{"rendered":"Mieszad\u0142a kontenerowe i b\u0119bnowe"},"content":{"rendered":"<p>[vc_row][vc_column][vc_column_text]Ekspert od ma\u0142ych otwor\u00f3w<br \/>\nSzybko i bezproblemowo \u2013 produkty mo\u017cna miesza\u0107 bezpo\u015brednio w b\u0119bnie za pomoc\u0105 mieszade\u0142 VISCO JET\u00ae VJ370, zapobiegaj\u0105c w ten spos\u00f3b utracie jako\u015bci z powodu pozosta\u0142o\u015bci lub sedymentacji w b\u0119bnie:<br \/>\n&#8211; Moc nap\u0119du 0,37 kW dla dostosowanego i zr\u00f3wnowa\u017conego rozwi\u0105zania do mieszania do 1000 mPas;<br \/>\n&#8211; Prosty i bezpieczny monta\u017c mieszad\u0142a na obr\u0119czy b\u0119bna za pomoc\u0105 k\u0105towej belki poprzecznej;<br \/>\n&#8211; Sk\u0142adany wirnik VISCO JET\u00ae MISTRAL dla optymalnych rezultat\u00f3w mieszania;<br \/>\n&#8211; Wysokiej jako\u015bci, trwa\u0142y i ze stali nierdzewnej mieszad\u0142o \u2013 szybkie i \u0142atwe do czyszczenia;<br \/>\n&#8211; Niskie zu\u017cycie element\u00f3w mieszad\u0142a dzi\u0119ki niskim pr\u0119dko\u015bciom;<br \/>\n&#8211; Konstrukcja mieszad\u0142a dla obszaru ATEX dost\u0119pna jako opcja. Specjalista od beczek otwartych<\/p>\n<p>Szybko i bezproblemowo \u2013 produkty mo\u017cna miesza\u0107 bezpo\u015brednio w beczce za pomoc\u0105 mieszade\u0142 VISCO JET\u00ae VJ380, zapobiegaj\u0105c w ten spos\u00f3b utracie jako\u015bci z powodu resztek lub sedymentacji w beczce:<br \/>\n&#8211; Moc nap\u0119dowa 0,37 kW oferuje indywidualne i zr\u00f3wnowa\u017cone rozwi\u0105zanie dla klienta w zakresie mieszania do lepko\u015bci 5000 mPas;<br \/>\n&#8211; Prosty i bezpieczny monta\u017c mieszad\u0142a, w tym blokada obrotu na obr\u0119czy b\u0119bna;<br \/>\n&#8211; Wysokiej jako\u015bci, trwa\u0142e i nierdzewne mieszad\u0142o \u2013 szybkie i \u0142atwe do czyszczenia;<br \/>\n&#8211; VISCO JET\u00ae CLASSIC zapewnia optymalne rezultaty mieszania przy sta\u0142ej jako\u015bci produktu w d\u0142ugim okresie;<br \/>\n&#8211; Niskie zu\u017cycie element\u00f3w mieszad\u0142a dzi\u0119ki niskim pr\u0119dko\u015bciom;<br \/>\n&#8211; Konstrukcja mieszad\u0142a dla obszaru ATEX dost\u0119pna jako opcja. Specjalista od zbiornik\u00f3w mobilnych<\/p>\n<p>Podczas opracowywania i projektowania mieszade\u0142 VISCO JET\u00ae VJ520 skupiamy si\u0119 na optymalizacji i bezpiecze\u0144stwie proces\u00f3w, efektywno\u015bci energetycznej, zr\u00f3wnowa\u017conym rozwoju i \u0142atwo\u015bci konserwacji, aby oferowa\u0107 wydajne rozwi\u0105zania dla dalszego rozwoju proces\u00f3w i produkt\u00f3w we wszystkich bran\u017cach:<br \/>\n&#8211; Specjalnie opracowane do pojemnik\u00f3w transportowych ze stali nierdzewnej z pokrywami;<br \/>\n&#8211; Indywidualne rozwi\u0105zania mieszade\u0142 z jednego \u017ar\u00f3d\u0142a z indywidualn\u0105 moc\u0105 nap\u0119du od 0,55 kW;<br \/>\n&#8211; Kompaktowa konstrukcja z uchwytem podnosz\u0105cym dla \u0142atwej instalacji i uruchomienia;<br \/>\n&#8211; Mo\u017cliwo\u015b\u0107 \u0142\u0105czenia ze wszystkimi rozwi\u0105zaniami wirnik\u00f3w VISCO JET\u00ae w celu uzyskania optymalnych wynik\u00f3w mieszania przy sta\u0142ej jako\u015bci w d\u0142ugim okresie;<br \/>\n&#8211; Niskie zu\u017cycie komponent\u00f3w mieszad\u0142a dzi\u0119ki niskim pr\u0119dko\u015bciom;<br \/>\n&#8211; Konstrukcja mieszad\u0142a dla obszaru ATEX dost\u0119pna jako opcja.[\/vc_column_text][\/vc_column][\/vc_row][vc_row lg_spacing=&#8221;padding_top:30&#8243;][vc_column][vc_column_text]<\/p>\n<h4>Wiecej informacji na stronie producenta:<\/h4>\n<p>[\/vc_column_text][\/vc_column][vc_column width=&#8221;1\/3&#8243;][tm_button size=&#8221;lg&#8221; button=&#8221;url:https%3A%2F%2Fviscojet.de%2Fen%2Fproduct-overview%2F%23container|title:PRODUCENT|target:_blank&#8221; align=&#8221;center&#8221;][\/vc_column][vc_column width=&#8221;1\/3&#8243;][\/vc_column][vc_column width=&#8221;1\/3&#8243;][\/vc_column][\/vc_row]<\/p>\n","protected":false},"excerpt":{"rendered":"Mieszad\u0142a kontenerowe i b\u0119bnowe mog\u0105 miesza\u0107 media o ci\u015bnieniu do 30 000 mPas w kontenerach IBC i standardowych beczkach 200-litrowych przed dalszym przetwarzaniem lub przetwarza\u0107 je wydajnie i w spos\u00f3b zr\u00f3wnowa\u017cony w samym kontenerze","protected":false},"featured_media":19492,"template":"","meta":[],"product_cat":[793,803,805,818,797,806,987,848,851,799,800,854,855,798,832],"product_tag":[],"class_list":{"0":"post-19491","1":"product","2":"type-product","3":"status-publish","4":"has-post-thumbnail","6":"product_cat-bioprocesy","7":"product_cat-chemia","8":"product_cat-chemikalia-specjalistyczne","9":"product_cat-farmacja","10":"product_cat-grupy","11":"product_cat-hydrometallurgy-pl","12":"product_cat-mieszadla","13":"product_cat-mikser-5","14":"product_cat-mikser-3","15":"product_cat-reaktor-i-zbiornik","16":"product_cat-rozwiazania","17":"product_cat-systemy-procesowe-3","18":"product_cat-technologia-reakcji-3","19":"product_cat-wedlug-branz","20":"product_cat-zywnosc-i-napoje","21":"pa_supplier-visco-jet-pl","23":"first","24":"instock","25":"shipping-taxable","26":"purchasable","27":"product-type-simple"},"_links":{"self":[{"href":"https:\/\/thurne.se\/pl\/wp-json\/wp\/v2\/product\/19491","targetHints":{"allow":["GET"]}}],"collection":[{"href":"https:\/\/thurne.se\/pl\/wp-json\/wp\/v2\/product"}],"about":[{"href":"https:\/\/thurne.se\/pl\/wp-json\/wp\/v2\/types\/product"}],"wp:featuredmedia":[{"embeddable":true,"href":"https:\/\/thurne.se\/pl\/wp-json\/wp\/v2\/media\/19492"}],"wp:attachment":[{"href":"https:\/\/thurne.se\/pl\/wp-json\/wp\/v2\/media?parent=19491"}],"wp:term":[{"taxonomy":"product_cat","embeddable":true,"href":"https:\/\/thurne.se\/pl\/wp-json\/wp\/v2\/product_cat?post=19491"},{"taxonomy":"product_tag","embeddable":true,"href":"https:\/\/thurne.se\/pl\/wp-json\/wp\/v2\/product_tag?post=19491"}],"curies":[{"name":"wp","href":"https:\/\/api.w.org\/{rel}","templated":true}]}}