{"id":19484,"date":"2024-07-30T15:09:16","date_gmt":"2024-07-30T13:09:16","guid":{"rendered":"https:\/\/thurne.se\/product\/column-agitators\/"},"modified":"2026-01-05T15:42:20","modified_gmt":"2026-01-05T14:42:20","slug":"mieszadla-kolumnowe","status":"publish","type":"product","link":"https:\/\/thurne.se\/pl\/produkt\/mieszadla-kolumnowe\/","title":{"rendered":"Mieszad\u0142a kolumnowe"},"content":{"rendered":"<p>[vc_row][vc_column][vc_column_text]Kompaktowe rozwi\u0105zanie<br \/>\nVISCO JET\u00ae VJ200 mo\u017ce sprosta\u0107 niemal ka\u017cdemu wymogowi w zak\u0142adzie pilota\u017cowym lub laboratorium i zwi\u0119kszy\u0107 wydajno\u015b\u0107 i precyzj\u0119 podczas procesu rozwoju i produkcji:<br \/>\n&#8211; R\u00f3\u017cne moce nap\u0119dowe 0,37 lub 0,55 kW<br \/>\n&#8211; Wysoko\u015b\u0107 podnoszenia 500 mm umo\u017cliwia elastyczne mieszanie w r\u00f3\u017cnych: ma\u0142ych i \u015brednich pojemnikach, takich jak wiadra o \u015brednicy do 400 mm i wysoko\u015bci do 500 mm;<br \/>\n&#8211; Wysoko\u015b\u0107 podnoszenia mo\u017cna szybko i \u0142atwo regulowa\u0107 za pomoc\u0105 uchwytu na ramieniu kolumny bez zb\u0119dnego wysi\u0142ku;<br \/>\n&#8211; Dost\u0119pne z wbudowanym przetwornikiem cz\u0119stotliwo\u015bci do regulacji pr\u0119dko\u015bci, a tak\u017ce r\u00f3\u017cnymi zestawami prze\u0142\u0105cznik\u00f3w i rozwi\u0105zaniami sterowania;<br \/>\n&#8211; Zintegrowane rozwi\u0105zanie pasowe, w tym wy\u0142\u0105cznik bezpiecze\u0144stwa, aby mechanicznie zapobiega\u0107 skr\u0119caniu si\u0119 lub przesuwaniu pojemnika, minimalizuj\u0105c w ten spos\u00f3b ryzyko wypadk\u00f3w;<br \/>\n&#8211; Wysoki poziom bezpiecze\u0144stwa podczas obs\u0142ugi mieszad\u0142a dzi\u0119ki zintegrowanemu prze\u0142\u0105cznikowi pozycji roboczej i wykrywaniu pojemnika;<br \/>\n&#8211; Konstrukcja mieszad\u0142a dla strefy ATEX dost\u0119pna jako opcja. Elastyczne mieszad\u0142o \u2013 od wiadra do b\u0119bna;<br \/>\n&#8211; Opcjonalne szybkoz\u0142\u0105cze zapewniaj\u0105ce du\u017c\u0105 elastyczno\u015b\u0107;<br \/>\n&#8211; Mo\u017cliwo\u015b\u0107 \u0142\u0105czenia ze wszystkimi rozwi\u0105zaniami wirnik\u00f3w VISCO JET\u00ae w celu uzyskania optymalnych rezultat\u00f3w mieszania przy zachowaniu sta\u0142ej jako\u015bci produktu w d\u0142ugim okresie.<\/p>\n<p>VISCO JET\u00ae VJ400 to kompaktowe mieszad\u0142o kolumnowe oferuj\u0105ce maksymaln\u0105 elastyczno\u015b\u0107 i bezpiecze\u0144stwo zar\u00f3wno dla produktu, jak i operatora, w r\u00f3\u017cnych rozmiarach i stylach:<br \/>\n&#8211; R\u00f3\u017cne moce nap\u0119dowe 1,1 lub 1,5 kW dost\u0119pne dla dostosowanego i zr\u00f3wnowa\u017conego rozwi\u0105zania dla zadania mieszania klienta;<br \/>\n&#8211; Dost\u0119pne z wbudowanym przetwornikiem cz\u0119stotliwo\u015bci do regulacji pr\u0119dko\u015bci, a tak\u017ce r\u00f3\u017cnymi zestawami prze\u0142\u0105cznik\u00f3w i rozwi\u0105zaniami sterowania;<br \/>\n&#8211; Wysoko\u015b\u0107 podnoszenia 500 mm lub 900 mm umo\u017cliwia elastyczne mieszanie r\u00f3\u017cnych pojemnikach, takich jak wiadra lub 200-litrowe beczki o \u015brednicy do 600 mm i wysoko\u015bci do 900 mm;<br \/>\n&#8211; Mieszad\u0142o mo\u017cna zamontowa\u0107 na pod\u0142odze za pomoc\u0105 podstawy lub na \u015bcianie za pomoc\u0105 p\u0142yty monta\u017cowej;<br \/>\n&#8211; Wysoko\u015b\u0107 podnoszenia mo\u017cna szybko i \u0142atwo regulowa\u0107 za pomoc\u0105 uchwytu na ramieniu kolumny bez zb\u0119dnego wysi\u0142ku;<br \/>\n&#8211; Wysoki poziom bezpiecze\u0144stwa podczas obs\u0142ugi mieszad\u0142a dzi\u0119ki zintegrowanemu prze\u0142\u0105cznikowi pozycji roboczej i wykrywaniu pojemnika za pomoc\u0105 p\u0142yty oporowej;<br \/>\n&#8211; Konstrukcja mieszad\u0142a dla strefy ATEX dost\u0119pna jako opcja. Elastyczne mieszad\u0142o \u2013 od wiadra do b\u0119bna.[\/vc_column_text][\/vc_column][\/vc_row][vc_row lg_spacing=&#8221;padding_top:30&#8243;][vc_column][vc_column_text]<\/p>\n<h4>Wi\u0119cej informacji na stronie producenta:<\/h4>\n<p>[\/vc_column_text][\/vc_column][vc_column width=&#8221;1\/3&#8243;][tm_button size=&#8221;lg&#8221; button=&#8221;url:https%3A%2F%2Fviscojet.de%2Fen%2Fproduct-overview%2F%23stand|title:PRODUCENT|target:_blank&#8221; align=&#8221;center&#8221;][\/vc_column][vc_column width=&#8221;1\/3&#8243;][\/vc_column][vc_column width=&#8221;1\/3&#8243;][\/vc_column][\/vc_row]<\/p>\n","protected":false},"excerpt":{"rendered":"Mieszad\u0142a kolumnowe umo\u017cliwiaj\u0105 bezpieczne mieszanie w pojemnikach o r\u00f3\u017cnych rozmiarach i kszta\u0142tach, r\u00f3\u017cnych obj\u0119to\u015bciach nape\u0142nienia, zapewniaj\u0105c przy tym najwy\u017cszy stopie\u0144 elastyczno\u015bci.","protected":false},"featured_media":19485,"template":"","meta":[],"product_cat":[793,803,805,818,797,806,987,848,851,799,800,854,855,798,832],"product_tag":[],"class_list":{"0":"post-19484","1":"product","2":"type-product","3":"status-publish","4":"has-post-thumbnail","6":"product_cat-bioprocesy","7":"product_cat-chemia","8":"product_cat-chemikalia-specjalistyczne","9":"product_cat-farmacja","10":"product_cat-grupy","11":"product_cat-hydrometallurgy-pl","12":"product_cat-mieszadla","13":"product_cat-mikser-5","14":"product_cat-mikser-3","15":"product_cat-reaktor-i-zbiornik","16":"product_cat-rozwiazania","17":"product_cat-systemy-procesowe-3","18":"product_cat-technologia-reakcji-3","19":"product_cat-wedlug-branz","20":"product_cat-zywnosc-i-napoje","21":"pa_supplier-visco-jet-pl","23":"first","24":"instock","25":"shipping-taxable","26":"purchasable","27":"product-type-simple"},"_links":{"self":[{"href":"https:\/\/thurne.se\/pl\/wp-json\/wp\/v2\/product\/19484","targetHints":{"allow":["GET"]}}],"collection":[{"href":"https:\/\/thurne.se\/pl\/wp-json\/wp\/v2\/product"}],"about":[{"href":"https:\/\/thurne.se\/pl\/wp-json\/wp\/v2\/types\/product"}],"wp:featuredmedia":[{"embeddable":true,"href":"https:\/\/thurne.se\/pl\/wp-json\/wp\/v2\/media\/19485"}],"wp:attachment":[{"href":"https:\/\/thurne.se\/pl\/wp-json\/wp\/v2\/media?parent=19484"}],"wp:term":[{"taxonomy":"product_cat","embeddable":true,"href":"https:\/\/thurne.se\/pl\/wp-json\/wp\/v2\/product_cat?post=19484"},{"taxonomy":"product_tag","embeddable":true,"href":"https:\/\/thurne.se\/pl\/wp-json\/wp\/v2\/product_tag?post=19484"}],"curies":[{"name":"wp","href":"https:\/\/api.w.org\/{rel}","templated":true}]}}