{"id":19479,"date":"2024-07-30T14:38:14","date_gmt":"2024-07-30T12:38:14","guid":{"rendered":"https:\/\/thurne.se\/product\/laboratory-and-pilot-plant-agitators\/"},"modified":"2026-01-05T15:42:35","modified_gmt":"2026-01-05T14:42:35","slug":"mieszadla-laboratoryjne-i-pilotazowe","status":"publish","type":"product","link":"https:\/\/thurne.se\/pl\/produkt\/mieszadla-laboratoryjne-i-pilotazowe\/","title":{"rendered":"Mieszad\u0142a laboratoryjne i pilota\u017cowe"},"content":{"rendered":"<p>[vc_row][vc_column][vc_column_text]Niezawodny i wszechstronny<br \/>\nVISCO JET\u00ae VJ100 to idealne, wszechstronne rozwi\u0105zanie do mieszania medi\u00f3w o niskiej i wysokiej lepko\u015bci w laboratoriach i idealnie nadaje si\u0119 do pojemnik\u00f3w o pojemno\u015bci do 20 litr\u00f3w:<br \/>\n&#8211; Mocny nap\u0119d o mocy 120\/80 W (wej\u015bcie\/wyj\u015bcie) i 200 Ncm dla lepko\u015bci do 100 000 mPas;<br \/>\n&#8211; Idealnie pasuje do ma\u0142ych pojemnik\u00f3w o \u015brednicy do 250 mm;<br \/>\n&#8211; Wygodny cyfrowy wy\u015bwietlacz 3,2\u2033 umo\u017cliwiaj\u0105cy wydajn\u0105 prac\u0119, z pami\u0119ci\u0105 ulubionych wysoko\u015bci po\u0142o\u017cenia, a tak\u017ce z obs\u0142ug\u0105 interwa\u0142\u00f3w i timerem\/licznikiem<br \/>\n&#8211; Z ograniczeniem pr\u0119dko\u015bci i momentu obrotowego dla bezpiecznej pracy w laboratorium;<br \/>\n&#8211; Interfejs USB i standardowy RS232 do szybkiej dokumentacji procesu;<br \/>\n&#8211; Szybkoz\u0142\u0105cze umo\u017cliwiaj\u0105ce \u0142atw\u0105 i nieskomplikowan\u0105 wymian\u0119 jednostek mieszaj\u0105cych dla r\u00f3\u017cnych pojemnik\u00f3w i zada\u0144 mieszania;<br \/>\n&#8211; Mo\u017cna \u0142\u0105czy\u0107 ze wszystkimi rozwi\u0105zaniami wirnikowymi VISCO JET\u00ae w celu uzyskania optymalnych wynik\u00f3w mieszania przy sta\u0142ej jako\u015bci produktu w d\u0142u\u017cszej perspektywie. Kompaktowe rozwi\u0105zanie<br \/>\nVISCO JET\u00ae VJ200 mo\u017ce obs\u0142u\u017cy\u0107 niemal ka\u017cde wymagania w zak\u0142adzie pilota\u017cowym lub obszarze laboratorium, zwi\u0119kszaj\u0105c wydajno\u015b\u0107 i precyzj\u0119 podczas procesu rozwoju i produkcji:<br \/>\n&#8211; Dost\u0119pne r\u00f3\u017cne moce nap\u0119dowe 0,37 lub 0,55 kW umo\u017cliwiaj\u0105ce indywidualne i zr\u00f3wnowa\u017cone rozwi\u0105zanie zadania mieszania realizowanego przez klienta;<br \/>\n&#8211; wysoko\u015b\u0107 podnoszenia 500 mm umo\u017cliwia elastyczne mieszanie w r\u00f3\u017cnych ma\u0142ych i \u015brednich pojemnikach, takich jak wiadra o \u015brednicy do 400 mm i wysoko\u015bci do 500 mm;<br \/>\n&#8211; Wysoko\u015b\u0107 podnoszenia mo\u017cna szybko i \u0142atwo regulowa\u0107 za pomoc\u0105 uchwytu na ramieniu kolumny, bez nadmiernego wysi\u0142ku;<br \/>\n&#8211; Dost\u0119pne z wbudowan\u0105 przetwornic\u0105 cz\u0119stotliwo\u015bci do regulacji pr\u0119dko\u015bci, a tak\u017ce r\u00f3\u017cnymi zestawami prze\u0142\u0105cznik\u00f3w i rozwi\u0105zaniami steruj\u0105cymi;<br \/>\n&#8211; Zintegrowane rozwi\u0105zanie pas\u00f3w, w tym wy\u0142\u0105cznik bezpiecze\u0144stwa, kt\u00f3re mechanicznie zapobiegaj\u0105 skr\u0119caniu si\u0119 lub przesuwaniu pojemnika, minimalizuj\u0105c w ten spos\u00f3b ryzyko wypadk\u00f3w;<br \/>\n&#8211; Wysoki poziom bezpiecze\u0144stwa podczas obs\u0142ugi mieszad\u0142a dzi\u0119ki zintegrowanemu wy\u0142\u0105cznikowi pozycji roboczej i detekcji pojemnika;<br \/>\n&#8211; Konstrukcja mieszad\u0142a dla obszaru ATEX dost\u0119pna opcjonalnie;<br \/>\n&#8211; Opcjonalne szybkoz\u0142\u0105cze zapewniaj\u0105ce du\u017c\u0105 elastyczno\u015b\u0107;<br \/>\n&#8211; Mo\u017cna \u0142\u0105czy\u0107 ze wszystkimi rozwi\u0105zaniami wirnikowymi VISCO JET\u00ae w celu uzyskania optymalnych wynik\u00f3w mieszania przy sta\u0142ej jako\u015bci produktu przez d\u0142ugi czas.[\/vc_column_text][\/vc_column][\/vc_row][vc_row lg_spacing=&#8221;padding_top:30&#8243;][vc_column][vc_column_text]<\/p>\n<h4>Wi\u0119cej informacji na stronie producenta:<\/h4>\n<p>[\/vc_column_text][\/vc_column][vc_column width=&#8221;1\/3&#8243;][tm_button size=&#8221;lg&#8221; button=&#8221;url:https%3A%2F%2Fviscojet.de%2Fen%2Fproduct-overview%2F%23lab|title:PRODUCENT|target:_blank&#8221; align=&#8221;center&#8221;][\/vc_column][vc_column width=&#8221;1\/3&#8243;][\/vc_column][vc_column width=&#8221;1\/3&#8243;][\/vc_column][\/vc_row]<\/p>\n","protected":false},"excerpt":{"rendered":"Mieszad\u0142a laboratoryjne i pilota\u017cowe s\u0105 ma\u0142e, mocne i wydajne. W laboratoriach testy mieszania s\u0105 pocz\u0105tkowo przeprowadzane na ma\u0142\u0105 skal\u0119 w fazie rozwoju. Mieszad\u0142a zosta\u0142y zaprojektowane specjalnie do danego zastosowania i oferuj\u0105 najwi\u0119ksz\u0105 mo\u017cliw\u0105 elastyczno\u015b\u0107 w codziennej pracy w laboratorium.","protected":false},"featured_media":19480,"template":"","meta":[],"product_cat":[793,803,805,818,797,806,987,848,851,799,800,854,855,798,832],"product_tag":[],"class_list":{"0":"post-19479","1":"product","2":"type-product","3":"status-publish","4":"has-post-thumbnail","6":"product_cat-bioprocesy","7":"product_cat-chemia","8":"product_cat-chemikalia-specjalistyczne","9":"product_cat-farmacja","10":"product_cat-grupy","11":"product_cat-hydrometallurgy-pl","12":"product_cat-mieszadla","13":"product_cat-mikser-5","14":"product_cat-mikser-3","15":"product_cat-reaktor-i-zbiornik","16":"product_cat-rozwiazania","17":"product_cat-systemy-procesowe-3","18":"product_cat-technologia-reakcji-3","19":"product_cat-wedlug-branz","20":"product_cat-zywnosc-i-napoje","21":"pa_supplier-visco-jet-pl","23":"first","24":"instock","25":"shipping-taxable","26":"purchasable","27":"product-type-simple"},"_links":{"self":[{"href":"https:\/\/thurne.se\/pl\/wp-json\/wp\/v2\/product\/19479","targetHints":{"allow":["GET"]}}],"collection":[{"href":"https:\/\/thurne.se\/pl\/wp-json\/wp\/v2\/product"}],"about":[{"href":"https:\/\/thurne.se\/pl\/wp-json\/wp\/v2\/types\/product"}],"wp:featuredmedia":[{"embeddable":true,"href":"https:\/\/thurne.se\/pl\/wp-json\/wp\/v2\/media\/19480"}],"wp:attachment":[{"href":"https:\/\/thurne.se\/pl\/wp-json\/wp\/v2\/media?parent=19479"}],"wp:term":[{"taxonomy":"product_cat","embeddable":true,"href":"https:\/\/thurne.se\/pl\/wp-json\/wp\/v2\/product_cat?post=19479"},{"taxonomy":"product_tag","embeddable":true,"href":"https:\/\/thurne.se\/pl\/wp-json\/wp\/v2\/product_tag?post=19479"}],"curies":[{"name":"wp","href":"https:\/\/api.w.org\/{rel}","templated":true}]}}