{"id":19254,"date":"2022-02-01T12:41:47","date_gmt":"2022-02-01T11:41:47","guid":{"rendered":"https:\/\/thurne.se\/product\/sic-corresic-plate-heat-exchanger\/"},"modified":"2025-11-05T13:20:45","modified_gmt":"2025-11-05T12:20:45","slug":"plytowy-wymiennik-ciepla-sic-corresic","status":"publish","type":"product","link":"https:\/\/thurne.se\/pl\/produkt\/plytowy-wymiennik-ciepla-sic-corresic\/","title":{"rendered":"P\u0142ytowy wymiennik ciep\u0142a SiC CORRESIC"},"content":{"rendered":"<p>[vc_row][vc_column][vc_column_text]Ta konstrukcja jest najbardziej kompaktowym i najbardziej wydajnym typem wymiennik\u00f3w ciep\u0142a z w\u0119glika krzemu. Nasze p\u0142ytowe wymienniki ciep\u0142a z w\u0119glika krzemu CORRESIC sk\u0142adaj\u0105 si\u0119 z wielu cienkich, lekko oddzielonych p\u0142yt z w\u0119glika krzemu, kt\u00f3re maj\u0105 bardzo du\u017ce powierzchnie i ma\u0142e kana\u0142y przep\u0142ywu cieczy do wymiany ciep\u0142a.[\/vc_column_text][\/vc_column][\/vc_row][vc_row lg_spacing=&#8221;padding_top:30&#8243;][vc_column][vc_column_text]<\/p>\n<h4>Broszura:<\/h4>\n<h4><\/h4>\n<p>[\/vc_column_text][\/vc_column][vc_column width=&#8221;1\/3&#8243;][tm_button size=&#8221;lg&#8221; button=&#8221;url:%2Fwp-content%2Fuploads%2F2021%2F10%2Face-corrosion-resistant-heat-exchangers-mersen-2.pdf|title:BROSZURA|target:_blank&#8221; align=&#8221;center&#8221;][\/vc_column][vc_column width=&#8221;1\/3&#8243;][\/vc_column][vc_column width=&#8221;1\/3&#8243;][\/vc_column][\/vc_row][vc_row lg_spacing=&#8221;padding_top:30&#8243;][vc_column][vc_column_text]<\/p>\n<h4>Wi\u0119cej informacji na stronie producenta:<\/h4>\n<h4><\/h4>\n<p>[\/vc_column_text][\/vc_column][vc_column width=&#8221;1\/3&#8243;][tm_button size=&#8221;lg&#8221; button=&#8221;url:http%3A%2F%2Fwww.mersen.com%2Fproducts%2Fanticorrosion-equipment%2Fheat-exchanger-manufacturer|title:PRODUCENT|target:_blank&#8221; align=&#8221;center&#8221;][\/vc_column][vc_column width=&#8221;1\/3&#8243;][\/vc_column][vc_column width=&#8221;1\/3&#8243;][\/vc_column][\/vc_row][vc_row][vc_column][vc_column_text]<\/p>\n<p>[\/vc_column_text][\/vc_column][\/vc_row]<\/p>\n","protected":false},"excerpt":{"rendered":"P\u0142ytowe wymienniki ciep\u0142a z w\u0119glika krzemu CORRESIC s\u0105 przystosowane do ogrzewania i ch\u0142odzenia silnie i\/lub utleniaj\u0105cych chemikali\u00f3w.","protected":false},"featured_media":19255,"template":"","meta":[],"product_cat":[793,803,805,907,818,797,976,806,906,808,800,836,798,921,922,977,985,832],"product_tag":[],"class_list":{"0":"post-19254","1":"product","2":"type-product","3":"status-publish","4":"has-post-thumbnail","6":"product_cat-bioprocesy","7":"product_cat-chemia","8":"product_cat-chemikalia-specjalistyczne","9":"product_cat-chlodzenie-i-ogrzewanie","10":"product_cat-farmacja","11":"product_cat-grupy","12":"product_cat-heat-exchange-pl","13":"product_cat-hydrometallurgy-pl","14":"product_cat-kondensacja","15":"product_cat-rafinerie-i-przemysl-polimerowy","16":"product_cat-rozwiazania","17":"product_cat-sprzet-do-wymiany-ciepla","18":"product_cat-wedlug-branz","19":"product_cat-wymiennik-ciepla-do-mediow-korozyjnych-2","20":"product_cat-wymiennik-ciepla-do-mediow-korozyjnych","21":"product_cat-wymiennik-ciepla-do-mediow-korozyjnych-3","22":"product_cat-wymiennik-ciepla-sic","23":"product_cat-zywnosc-i-napoje","24":"pa_supplier-mersen-pl","26":"first","27":"instock","28":"shipping-taxable","29":"purchasable","30":"product-type-simple"},"_links":{"self":[{"href":"https:\/\/thurne.se\/pl\/wp-json\/wp\/v2\/product\/19254","targetHints":{"allow":["GET"]}}],"collection":[{"href":"https:\/\/thurne.se\/pl\/wp-json\/wp\/v2\/product"}],"about":[{"href":"https:\/\/thurne.se\/pl\/wp-json\/wp\/v2\/types\/product"}],"wp:featuredmedia":[{"embeddable":true,"href":"https:\/\/thurne.se\/pl\/wp-json\/wp\/v2\/media\/19255"}],"wp:attachment":[{"href":"https:\/\/thurne.se\/pl\/wp-json\/wp\/v2\/media?parent=19254"}],"wp:term":[{"taxonomy":"product_cat","embeddable":true,"href":"https:\/\/thurne.se\/pl\/wp-json\/wp\/v2\/product_cat?post=19254"},{"taxonomy":"product_tag","embeddable":true,"href":"https:\/\/thurne.se\/pl\/wp-json\/wp\/v2\/product_tag?post=19254"}],"curies":[{"name":"wp","href":"https:\/\/api.w.org\/{rel}","templated":true}]}}