{"id":19251,"date":"2022-02-01T12:41:47","date_gmt":"2022-02-01T11:41:47","guid":{"rendered":"https:\/\/thurne.se\/product\/sic-block-heat-exchanger\/"},"modified":"2025-06-02T16:45:37","modified_gmt":"2025-06-02T14:45:37","slug":"blokowy-wymiennik-ciepla-sic","status":"publish","type":"product","link":"https:\/\/thurne.se\/pl\/produkt\/blokowy-wymiennik-ciepla-sic\/","title":{"rendered":"Blokowy wymiennik ciep\u0142a SiC"},"content":{"rendered":"<p>[vc_row][vc_column][vc_column_text]Ta konstrukcja jest jednym z najbardziej wszechstronnych typ\u00f3w wymiennik\u00f3w ciep\u0142a z w\u0119glika krzemu.[\/vc_column_text][\/vc_column][\/vc_row][vc_row lg_spacing=&#8221;padding_top:30&#8243;][vc_column][vc_column_text]<\/p>\n<h4>Broszura:<\/h4>\n<h4><\/h4>\n<p>[\/vc_column_text][\/vc_column][vc_column width=&#8221;1\/3&#8243;][tm_button size=&#8221;lg&#8221; button=&#8221;url:%2Fwp-content%2Fuploads%2F2021%2F10%2Face-corrosion-resistant-heat-exchangers-mersen-2.pdf|title:BROSZURA|target:_blank&#8221; align=&#8221;center&#8221;][\/vc_column][vc_column width=&#8221;1\/3&#8243;][\/vc_column][vc_column width=&#8221;1\/3&#8243;][\/vc_column][\/vc_row][vc_row lg_spacing=&#8221;padding_top:30&#8243;][vc_column][vc_column_text]<\/p>\n<h4>Wi\u0119cej informacji na stronie producenta:<\/h4>\n<h4><\/h4>\n<p>[\/vc_column_text][\/vc_column][vc_column width=&#8221;1\/3&#8243;][tm_button size=&#8221;lg&#8221; button=&#8221;url:http%3A%2F%2Fwww.mersen.com%2Fproducts%2Fanticorrosion-equipment%2Fheat-exchanger-manufacturer|title:PRODUCENT|target:_blank&#8221; align=&#8221;center&#8221;][\/vc_column][vc_column width=&#8221;1\/3&#8243;][\/vc_column][vc_column width=&#8221;1\/3&#8243;][\/vc_column][\/vc_row][vc_row][vc_column][vc_column_text]<\/p>\n<p>[\/vc_column_text][\/vc_column][\/vc_row]<\/p>\n","protected":false},"excerpt":{"rendered":"Blokowe wymienniki ciep\u0142a z w\u0119glika krzemu CORRESIC s\u0105 przystosowane do ogrzewania, ch\u0142odzenia, odparowywania, kondensacji i absorpcji silnie i\/lub utleniaj\u0105cych substancji chemicznych.","protected":false},"featured_media":19252,"template":"","meta":[],"product_cat":[803,805,907,797,976,806,906,808,800,836,798,922,977,921,985],"product_tag":[],"class_list":{"0":"post-19251","1":"product","2":"type-product","3":"status-publish","4":"has-post-thumbnail","6":"product_cat-chemia","7":"product_cat-chemikalia-specjalistyczne","8":"product_cat-chlodzenie-i-ogrzewanie","9":"product_cat-grupy","10":"product_cat-heat-exchange-pl","11":"product_cat-hydrometallurgy-pl","12":"product_cat-kondensacja","13":"product_cat-rafinerie-i-przemysl-polimerowy","14":"product_cat-rozwiazania","15":"product_cat-sprzet-do-wymiany-ciepla","16":"product_cat-wedlug-branz","17":"product_cat-wymiennik-ciepla-do-mediow-korozyjnych","18":"product_cat-wymiennik-ciepla-do-mediow-korozyjnych-3","19":"product_cat-wymiennik-ciepla-do-mediow-korozyjnych-2","20":"product_cat-wymiennik-ciepla-sic","21":"pa_supplier-mersen-pl","23":"first","24":"instock","25":"shipping-taxable","26":"purchasable","27":"product-type-simple"},"_links":{"self":[{"href":"https:\/\/thurne.se\/pl\/wp-json\/wp\/v2\/product\/19251","targetHints":{"allow":["GET"]}}],"collection":[{"href":"https:\/\/thurne.se\/pl\/wp-json\/wp\/v2\/product"}],"about":[{"href":"https:\/\/thurne.se\/pl\/wp-json\/wp\/v2\/types\/product"}],"wp:featuredmedia":[{"embeddable":true,"href":"https:\/\/thurne.se\/pl\/wp-json\/wp\/v2\/media\/19252"}],"wp:attachment":[{"href":"https:\/\/thurne.se\/pl\/wp-json\/wp\/v2\/media?parent=19251"}],"wp:term":[{"taxonomy":"product_cat","embeddable":true,"href":"https:\/\/thurne.se\/pl\/wp-json\/wp\/v2\/product_cat?post=19251"},{"taxonomy":"product_tag","embeddable":true,"href":"https:\/\/thurne.se\/pl\/wp-json\/wp\/v2\/product_tag?post=19251"}],"curies":[{"name":"wp","href":"https:\/\/api.w.org\/{rel}","templated":true}]}}