{"id":19239,"date":"2022-02-01T12:41:46","date_gmt":"2022-02-01T11:41:46","guid":{"rendered":"https:\/\/thurne.se\/product\/phase-separation-of-liquids\/"},"modified":"2025-06-02T15:28:23","modified_gmt":"2025-06-02T13:28:23","slug":"separacja-faz-cieczy","status":"publish","type":"product","link":"https:\/\/thurne.se\/pl\/produkt\/separacja-faz-cieczy\/","title":{"rendered":"Separacja faz cieczy"},"content":{"rendered":"<p>[vc_row][vc_column][vc_column_text]Oferujemy szerok\u0105 gam\u0119 r\u00f3\u017cnych system\u00f3w separacyjnych do fizycznego rozdzielania niemieszaj\u0105cych si\u0119 cieczy. Procedura wykorzystuje zachowanie koalescencji kropli na powierzchni drutu, aby je powi\u0119kszy\u0107, powoduj\u0105c tym samym znaczne przyspieszenie si\u0142y grawitacyjnego rozdzielania faz. Wymagany czas przebywania, a w konsekwencji wymiarowanie naczynia wybijaj\u0105cego, mo\u017ce zosta\u0107 znacznie skr\u00f3cone.[\/vc_column_text][\/vc_column][\/vc_row][vc_row lg_spacing=&#8221;padding_top:30&#8243;][vc_column][vc_column_text]<\/p>\n<h4>Broszura:<\/h4>\n<h4><\/h4>\n<p>[\/vc_column_text][\/vc_column][vc_column width=&#8221;1\/3&#8243;][tm_button size=&#8221;lg&#8221; button=&#8221;url:%2Fwp-content%2Fuploads%2F2021%2F10%2FLeaflet-Separationtechnology.pdf|title:BROSZURA%201|target:_blank&#8221; align=&#8221;center&#8221;][\/vc_column][vc_column width=&#8221;1\/3&#8243;][tm_button size=&#8221;lg&#8221; button=&#8221;url:%2Fwp-content%2Fuploads%2F2021%2F10%2FRHO_TD_32_Droplet-separation.pdf|title:BROSZURA%202|target:_blank&#8221; align=&#8221;center&#8221;][\/vc_column][vc_column width=&#8221;1\/3&#8243;][\/vc_column][\/vc_row][vc_row][vc_column][vc_column_text]<\/p>\n<p>[\/vc_column_text][\/vc_column][\/vc_row]<\/p>\n","protected":false},"excerpt":{"rendered":"R\u00f3\u017cnorodno\u015b\u0107 techniczna, elastyczno\u015b\u0107, do\u015bwiadczenie i wiedza specjalistyczna w zakresie rozwi\u0105za\u0144 z zakresu przeplatanych, drucianych siatek dostarczanych przez kms inspiruj\u0105 zar\u00f3wno in\u017cynier\u00f3w ds. rozwoju, jak i nabywc\u00f3w.","protected":false},"featured_media":19240,"template":"","meta":[],"product_cat":[803,805,818,981,982,797,979,808,800,980,983,798,978,832],"product_tag":[],"class_list":{"0":"post-19239","1":"product","2":"type-product","3":"status-publish","4":"has-post-thumbnail","6":"product_cat-chemia","7":"product_cat-chemikalia-specjalistyczne","8":"product_cat-farmacja","9":"product_cat-filtr","10":"product_cat-filtrowanie","11":"product_cat-grupy","12":"product_cat-komponenty-8","13":"product_cat-rafinerie-i-przemysl-polimerowy","14":"product_cat-rozwiazania","15":"product_cat-separator-kropelkowy","16":"product_cat-siatka-druciano-dzianinowa","17":"product_cat-wedlug-branz","18":"product_cat-wnetrze-kolumny","19":"product_cat-zywnosc-i-napoje","20":"pa_supplier-rhodius-pl","22":"first","23":"instock","24":"shipping-taxable","25":"purchasable","26":"product-type-simple"},"_links":{"self":[{"href":"https:\/\/thurne.se\/pl\/wp-json\/wp\/v2\/product\/19239","targetHints":{"allow":["GET"]}}],"collection":[{"href":"https:\/\/thurne.se\/pl\/wp-json\/wp\/v2\/product"}],"about":[{"href":"https:\/\/thurne.se\/pl\/wp-json\/wp\/v2\/types\/product"}],"wp:featuredmedia":[{"embeddable":true,"href":"https:\/\/thurne.se\/pl\/wp-json\/wp\/v2\/media\/19240"}],"wp:attachment":[{"href":"https:\/\/thurne.se\/pl\/wp-json\/wp\/v2\/media?parent=19239"}],"wp:term":[{"taxonomy":"product_cat","embeddable":true,"href":"https:\/\/thurne.se\/pl\/wp-json\/wp\/v2\/product_cat?post=19239"},{"taxonomy":"product_tag","embeddable":true,"href":"https:\/\/thurne.se\/pl\/wp-json\/wp\/v2\/product_tag?post=19239"}],"curies":[{"name":"wp","href":"https:\/\/api.w.org\/{rel}","templated":true}]}}