{"id":19202,"date":"2022-02-01T12:41:38","date_gmt":"2022-02-01T11:41:38","guid":{"rendered":"https:\/\/thurne.se\/product\/annular-groove-graphite-heat-exchangers\/"},"modified":"2025-06-02T14:04:05","modified_gmt":"2025-06-02T12:04:05","slug":"wymienniki-ciepla-z-grafitu-rowkowanego-pierscieniowo","status":"publish","type":"product","link":"https:\/\/thurne.se\/pl\/produkt\/wymienniki-ciepla-z-grafitu-rowkowanego-pierscieniowo\/","title":{"rendered":"Wymienniki ciep\u0142a z grafitu rowkowanego pier\u015bcieniowo"},"content":{"rendered":"<p>[vc_row][vc_column][vc_column_text]Ta konkretna konstrukcja pozwala na odzysk ciep\u0142a pomi\u0119dzy dwoma niezwykle korozyjnymi p\u0142ynami.[\/vc_column_text][\/vc_column][\/vc_row][vc_row lg_spacing=&#8221;padding_top:30&#8243;][vc_column][vc_video link=&#8221;https:\/\/www.youtube.com\/watch?v=IR74QqNPvXo&#8221; el_width=&#8221;60&#8243; align=&#8221;center&#8221;][\/vc_column][\/vc_row][vc_row lg_spacing=&#8221;padding_top:30&#8243;][vc_column][vc_column_text]<\/p>\n<h4>Broszura:<\/h4>\n<h4><\/h4>\n<p>[\/vc_column_text][\/vc_column][vc_column width=&#8221;1\/3&#8243;][tm_button size=&#8221;lg&#8221; button=&#8221;url:%2Fwp-content%2Fuploads%2F2021%2F10%2Face-corrosion-resistant-heat-exchangers-mersen-2.pdf|title:BROSZURA|target:_blank&#8221; align=&#8221;center&#8221;][\/vc_column][vc_column width=&#8221;1\/3&#8243;][\/vc_column][vc_column width=&#8221;1\/3&#8243;][\/vc_column][\/vc_row][vc_row lg_spacing=&#8221;padding_top:30&#8243;][vc_column][vc_column_text]<\/p>\n<h4>Wi\u0119cej informacji na stronie producenta:<\/h4>\n<h4><\/h4>\n<p>[\/vc_column_text][\/vc_column][vc_column width=&#8221;1\/3&#8243;][tm_button size=&#8221;lg&#8221; button=&#8221;url:http%3A%2F%2Fwww.mersen.com%2Fproducts%2Fanticorrosion-equipment%2Fheat-exchanger-manufacturer|title:PRODUCENT|target:_blank&#8221; align=&#8221;center&#8221;][\/vc_column][vc_column width=&#8221;1\/3&#8243;][\/vc_column][vc_column width=&#8221;1\/3&#8243;][\/vc_column][\/vc_row][vc_row][vc_column][vc_column_text]<\/p>\n<p>[\/vc_column_text][\/vc_column][\/vc_row]<\/p>\n","protected":false},"excerpt":{"rendered":"Wymienniki ciep\u0142a z rowkiem pier\u015bcieniowym wykonane z grafitu (wymienniki mi\u0119dzyrowkowe) s\u0105 specjalnie przystosowane do ogrzewania lub ch\u0142odzenia bardzo \u017cr\u0105cych chemikali\u00f3w w postaci p\u0142ynnej","protected":false},"featured_media":19204,"template":"","meta":[],"product_cat":[803,805,907,835,797,976,806,906,808,800,836,798,977,921,922],"product_tag":[],"class_list":{"0":"post-19202","1":"product","2":"type-product","3":"status-publish","4":"has-post-thumbnail","6":"product_cat-chemia","7":"product_cat-chemikalia-specjalistyczne","8":"product_cat-chlodzenie-i-ogrzewanie","9":"product_cat-grafitowy-wymiennik-ciepla","10":"product_cat-grupy","11":"product_cat-heat-exchange-pl","12":"product_cat-hydrometallurgy-pl","13":"product_cat-kondensacja","14":"product_cat-rafinerie-i-przemysl-polimerowy","15":"product_cat-rozwiazania","16":"product_cat-sprzet-do-wymiany-ciepla","17":"product_cat-wedlug-branz","18":"product_cat-wymiennik-ciepla-do-mediow-korozyjnych-3","19":"product_cat-wymiennik-ciepla-do-mediow-korozyjnych-2","20":"product_cat-wymiennik-ciepla-do-mediow-korozyjnych","21":"pa_supplier-mersen-pl","23":"first","24":"instock","25":"shipping-taxable","26":"purchasable","27":"product-type-simple"},"_links":{"self":[{"href":"https:\/\/thurne.se\/pl\/wp-json\/wp\/v2\/product\/19202","targetHints":{"allow":["GET"]}}],"collection":[{"href":"https:\/\/thurne.se\/pl\/wp-json\/wp\/v2\/product"}],"about":[{"href":"https:\/\/thurne.se\/pl\/wp-json\/wp\/v2\/types\/product"}],"wp:featuredmedia":[{"embeddable":true,"href":"https:\/\/thurne.se\/pl\/wp-json\/wp\/v2\/media\/19204"}],"wp:attachment":[{"href":"https:\/\/thurne.se\/pl\/wp-json\/wp\/v2\/media?parent=19202"}],"wp:term":[{"taxonomy":"product_cat","embeddable":true,"href":"https:\/\/thurne.se\/pl\/wp-json\/wp\/v2\/product_cat?post=19202"},{"taxonomy":"product_tag","embeddable":true,"href":"https:\/\/thurne.se\/pl\/wp-json\/wp\/v2\/product_tag?post=19202"}],"curies":[{"name":"wp","href":"https:\/\/api.w.org\/{rel}","templated":true}]}}