{"id":19192,"date":"2021-11-24T09:14:29","date_gmt":"2021-11-24T08:14:29","guid":{"rendered":"https:\/\/thurne.se\/product\/bellows-compensators\/"},"modified":"2025-06-02T13:45:40","modified_gmt":"2025-06-02T11:45:40","slug":"kompensatory-mieszkowe","status":"publish","type":"product","link":"https:\/\/thurne.se\/pl\/produkt\/kompensatory-mieszkowe\/","title":{"rendered":"Kompensatory mieszkowe"},"content":{"rendered":"<p>[vc_row][vc_column][vc_column_text]Wszystkie produkty s\u0105 wykonane wy\u0142\u0105cznie z wyt\u0142aczanego w pa\u015bcie PTFE, co zapewnia najwy\u017csz\u0105 trwa\u0142o\u015b\u0107, zar\u00f3wno w wersji pierwotnej, jak i antystatycznej. Opieraj\u0105c si\u0119 na tych dw\u00f3ch w\u0142a\u015bciwo\u015bciach PTFE, produkty firmy Mersen nadaj\u0105 si\u0119 do stosowania ze wszystkimi produktami chemicznymi i kompensuj\u0105 powtarzaj\u0105c\u0105 si\u0119 rozszerzalno\u015b\u0107 ciepln\u0105 w ruroci\u0105gach. S\u0105 r\u00f3wnie\u017c szeroko stosowane do ochrony sprz\u0119tu przed wibracjami i obci\u0105\u017ceniami ruroci\u0105g\u00f3w. Opr\u00f3cz odporno\u015bci na korozj\u0119 chemiczn\u0105, kompensatory PTFE firmy Mersen wytrzymuj\u0105 ci\u015bnienie do 30 bar\u00f3w. Kompensatory Armylor\u00ae G283 s\u0105 zewn\u0119trznie wzmocnione obudow\u0105 ze stali nierdzewnej.<\/p>\n<p>KLUCZOWE W\u0141A\u015aCIWO\u015aCI:<br \/>\n\u2013 Dost\u0119pne miechy 3 i 5 zwojowe<br \/>\n\u2013 Wzmocnione mieszki do pracy pod wysokim ci\u015bnieniem<br \/>\n\u2013 Pe\u0142na pr\u00f3\u017cnia do 180\u00b0C<br \/>\n\u2013 Kompensator ze stali nierdzewnej wy\u0142o\u017cony PTFE dost\u0119pny do pracy pod bardzo wysokim ci\u015bnieniem<br \/>\n\u2013 Mieszki i kompensatory od 1&#8243; (DN25) do 42&#8243; (DN1050) s\u0105 wyposa\u017cone w ko\u0142nierze ze stali w\u0119glowej, PN10, ANSI 150 lbs lub inne standardy po\u0142\u0105cze\u0144<br \/>\n\u2013 Dost\u0119pne w\u0142a\u015bciwo\u015bci antystatyczne<\/p>\n<p>KORZY\u015aCI DLA KLIENTA:<br \/>\n\u2013 Wysoka zdolno\u015b\u0107 zginania<br \/>\n\u2013 Wi\u0119kszo\u015b\u0107 standardowych rozmiar\u00f3w jest dost\u0119pna w magazynie w Europie<br \/>\n\u2013 Ochrona urz\u0105dze\u0144 i instalacji[\/vc_column_text][\/vc_column][\/vc_row][vc_row lg_spacing=&#8221;padding_top:30&#8243;][vc_column][vc_column_text]<\/p>\n<h4>Broszura:<\/h4>\n<p>[\/vc_column_text][\/vc_column][vc_column width=&#8221;1\/3&#8243;][tm_button size=&#8221;lg&#8221; button=&#8221;url:%2Fwp-content%2Fuploads%2F2021%2F10%2FB16_5_E_MERSEN-Bellows-Compensators-BD-1.pdf|title:BROSZURA|target:_blank&#8221; align=&#8221;center&#8221;][\/vc_column][vc_column width=&#8221;1\/3&#8243;][\/vc_column][vc_column width=&#8221;1\/3&#8243;][\/vc_column][\/vc_row]<\/p>\n","protected":false},"excerpt":{"rendered":"Mieszek PTFE lub kompensator PTFE i kompensatory PTFE \u0142\u0105cz\u0105 w sobie wysok\u0105 odporno\u015b\u0107 na korozj\u0119 PTFE i jego fantastyczn\u0105 zdolno\u015b\u0107 zginania. Nadaje si\u0119 do stosowania ze wszystkimi produktami chemicznymi i kompensuje powtarzaj\u0105c\u0105 si\u0119 rozszerzalno\u015b\u0107 ciepln\u0105 w ruroci\u0105gach. S\u0105 r\u00f3wnie\u017c szeroko stosowane do ochrony sprz\u0119tu przed wibracjami i obci\u0105\u017ceniami ruroci\u0105g\u00f3w.","protected":false},"featured_media":19193,"template":"","meta":[],"product_cat":[803,968,797,806,811,904,937,953,871,819,804,800,967,855,798,832],"product_tag":[],"class_list":{"0":"post-19192","1":"product","2":"type-product","3":"status-publish","4":"has-post-thumbnail","6":"product_cat-chemia","7":"product_cat-elementy-rurociagow","8":"product_cat-grupy","9":"product_cat-hydrometallurgy-pl","10":"product_cat-komponenty-9","11":"product_cat-komponenty-2","12":"product_cat-komponenty-10","13":"product_cat-komponenty-7","14":"product_cat-komponenty","15":"product_cat-obsluga-proszku-2","16":"product_cat-odpornosc-na-korozje-2","17":"product_cat-rozwiazania","18":"product_cat-rurociag","19":"product_cat-technologia-reakcji-3","20":"product_cat-wedlug-branz","21":"product_cat-zywnosc-i-napoje","22":"pa_supplier-mersen-pl","24":"first","25":"instock","26":"shipping-taxable","27":"purchasable","28":"product-type-simple"},"_links":{"self":[{"href":"https:\/\/thurne.se\/pl\/wp-json\/wp\/v2\/product\/19192","targetHints":{"allow":["GET"]}}],"collection":[{"href":"https:\/\/thurne.se\/pl\/wp-json\/wp\/v2\/product"}],"about":[{"href":"https:\/\/thurne.se\/pl\/wp-json\/wp\/v2\/types\/product"}],"wp:featuredmedia":[{"embeddable":true,"href":"https:\/\/thurne.se\/pl\/wp-json\/wp\/v2\/media\/19193"}],"wp:attachment":[{"href":"https:\/\/thurne.se\/pl\/wp-json\/wp\/v2\/media?parent=19192"}],"wp:term":[{"taxonomy":"product_cat","embeddable":true,"href":"https:\/\/thurne.se\/pl\/wp-json\/wp\/v2\/product_cat?post=19192"},{"taxonomy":"product_tag","embeddable":true,"href":"https:\/\/thurne.se\/pl\/wp-json\/wp\/v2\/product_tag?post=19192"}],"curies":[{"name":"wp","href":"https:\/\/api.w.org\/{rel}","templated":true}]}}