{"id":19188,"date":"2021-11-24T09:14:28","date_gmt":"2021-11-24T08:14:28","guid":{"rendered":"https:\/\/thurne.se\/product\/ptfe-pfa-piping\/"},"modified":"2025-06-02T13:40:19","modified_gmt":"2025-06-02T11:40:19","slug":"rury-z-ptfe-i-pfa","status":"publish","type":"product","link":"https:\/\/thurne.se\/pl\/produkt\/rury-z-ptfe-i-pfa\/","title":{"rendered":"Rury z PTFE i PFA"},"content":{"rendered":"<p>[vc_row][vc_column][vc_column_text]Wiedza specjalistyczna firmy Mersen. Od 1964 roku firma Mersen dostarcza tysi\u0105com producent\u00f3w chemikali\u00f3w na ca\u0142ym \u015bwiecie szerok\u0105 gam\u0119 rur z PTFE lub rur PFA oraz kszta\u0142tek z PTFE.<\/p>\n<p>MERSEN JAKO EKSPERT W TECHNOLOGII WYK\u0141ADANIA Teflonem<br \/>\n\u2022 Wyt\u0142aczanie drobnych proszk\u00f3w PTFE<br \/>\n\u2022 Wtrysk PFA<\/p>\n<p>Zalety rur Armylor\u00ae 2 wy\u0142ozonych PTFE<br \/>\n\u2022 Wysoka odporno\u015b\u0107 na szok termiczny<br \/>\n\u2022 Wyk\u0142adziny bezszwowe PTFE \/ PFA<br \/>\n\u2022 \u0141atwy monta\u017c, poniewa\u017c nie wymaga uszczelki<br \/>\n\u2022 Niski wsp\u00f3\u0142czynnik przepuszczalno\u015bci naturalnej<br \/>\n\u2022 Mo\u017cliwo\u015b\u0107 wykonania niestandardowych element\u00f3w o z\u0142o\u017conej geometrii<\/p>\n<p>ODPORNO\u015a\u0106 NA PR\u00d3\u017bNI\u0118<br \/>\n\u2022 do DN200: 2 Tor w temp. 200 oC<br \/>\n\u2022 od DN250 do DN300 w temp. 100 oC[\/vc_column_text][\/vc_column][\/vc_row][vc_row lg_spacing=&#8221;padding_top:30&#8243;][vc_column][vc_column_text]<\/p>\n<h4>Broszura:<\/h4>\n<p>[\/vc_column_text][\/vc_column][vc_column width=&#8221;1\/3&#8243;][tm_button size=&#8221;lg&#8221; button=&#8221;url:http%3A%2F%2Fthurne.aurianagency.lv%2Fwp-content%2Fuploads%2F2021%2F10%2FB22_3_E_Piping-DIN-3.pdf|title:BROSZURA|target:_blank&#8221; align=&#8221;center&#8221;][\/vc_column][vc_column width=&#8221;1\/3&#8243;][\/vc_column][vc_column width=&#8221;1\/3&#8243;][\/vc_column][\/vc_row]<\/p>\n","protected":false},"excerpt":{"rendered":"Szpule rur wy\u0142o\u017conych PTFE lub PFA oraz kolanka, tr\u00f3jniki, reduktory, krzy\u017caki, przek\u0142adki z PTFE s\u0105 uznawane za idealne rozwi\u0105zania do transportu lub przetwarzania wysoce korozyjnych p\u0142yn\u00f3w w trudnych warunkach. Wyk\u0142adzina z PTFE lub wyk\u0142adzina PFA jest chemicznie oboj\u0119tna i jest odporna na wi\u0119kszo\u015b\u0107 p\u0142yn\u00f3w korozyjnych w temperaturze do 230\u00b0C.","protected":false},"featured_media":19189,"template":"","meta":[],"product_cat":[803,805,968,818,797,871,808,800,967,969,798,832],"product_tag":[],"class_list":{"0":"post-19188","1":"product","2":"type-product","3":"status-publish","4":"has-post-thumbnail","6":"product_cat-chemia","7":"product_cat-chemikalia-specjalistyczne","8":"product_cat-elementy-rurociagow","9":"product_cat-farmacja","10":"product_cat-grupy","11":"product_cat-komponenty","12":"product_cat-rafinerie-i-przemysl-polimerowy","13":"product_cat-rozwiazania","14":"product_cat-rurociag","15":"product_cat-rurociagi-z-ptfe-i-pfa","16":"product_cat-wedlug-branz","17":"product_cat-zywnosc-i-napoje","18":"pa_supplier-mersen-pl","20":"first","21":"instock","22":"shipping-taxable","23":"purchasable","24":"product-type-simple"},"_links":{"self":[{"href":"https:\/\/thurne.se\/pl\/wp-json\/wp\/v2\/product\/19188","targetHints":{"allow":["GET"]}}],"collection":[{"href":"https:\/\/thurne.se\/pl\/wp-json\/wp\/v2\/product"}],"about":[{"href":"https:\/\/thurne.se\/pl\/wp-json\/wp\/v2\/types\/product"}],"wp:featuredmedia":[{"embeddable":true,"href":"https:\/\/thurne.se\/pl\/wp-json\/wp\/v2\/media\/19189"}],"wp:attachment":[{"href":"https:\/\/thurne.se\/pl\/wp-json\/wp\/v2\/media?parent=19188"}],"wp:term":[{"taxonomy":"product_cat","embeddable":true,"href":"https:\/\/thurne.se\/pl\/wp-json\/wp\/v2\/product_cat?post=19188"},{"taxonomy":"product_tag","embeddable":true,"href":"https:\/\/thurne.se\/pl\/wp-json\/wp\/v2\/product_tag?post=19188"}],"curies":[{"name":"wp","href":"https:\/\/api.w.org\/{rel}","templated":true}]}}