{"id":19120,"date":"2021-11-24T09:06:52","date_gmt":"2021-11-24T08:06:52","guid":{"rendered":"https:\/\/thurne.se\/product\/graphite-bursting-disc\/"},"modified":"2025-05-29T14:31:28","modified_gmt":"2025-05-29T12:31:28","slug":"grafitowe-plytki-bezpieczenstwa","status":"publish","type":"product","link":"https:\/\/thurne.se\/pl\/produkt\/grafitowe-plytki-bezpieczenstwa\/","title":{"rendered":"Grafitowe p\u0142ytki bezpiecze\u0144stwa"},"content":{"rendered":"<p>[vc_row][vc_column][vc_column_text]GRAPHILOR to wyj\u0105tkowy materia\u0142 odporny na szoki termiczne. Mersen jest uznawany za eksperta w projektowaniu i produkcji grafitowych p\u0142ytek bezpiecze\u0144stwa. Nasza wiedza gwarantuje, \u017ce otrzymasz tarcze bezpiecze\u0144stwa najbardziej odpowiednie do warunk\u00f3w procesu. Nasza szeroka gama projekt\u00f3w p\u0142ytek bezpiecze\u0144stwa, obejmuj\u0105ca membran\u0119 jednocz\u0119\u015bciow\u0105 lub wymienn\u0105, w zale\u017cno\u015bci od rozmiaru i wymaga\u0144 ci\u015bnieniowych. Wszystkie p\u0142ytki bezpiecze\u0144stwa Mersen podlegaj\u0105 kontroli i spe\u0142niaj\u0105 mi\u0119dzynarodowe standardy i certyfikaty.[\/vc_column_text][\/vc_column][\/vc_row][vc_row lg_spacing=&#8221;padding_top:30&#8243;][vc_column][vc_video link=&#8221;https:\/\/youtu.be\/yeBGPrYNzGE?si=NTdEsxIs5re028rq&#8221; align=&#8221;center&#8221;][vc_column_text]<\/p>\n<p style=\"text-align: center;\"><iframe loading=\"lazy\" title=\"YouTube video player\" src=\"https:\/\/www.youtube.com\/embed\/yeBGPrYNzGE?si=KN1oAHXqGK7bRsFJ\" width=\"560\" height=\"315\" frameborder=\"0\" allowfullscreen=\"allowfullscreen\"><\/iframe><\/p>\n<p>[\/vc_column_text][\/vc_column][\/vc_row][vc_row lg_spacing=&#8221;padding_top:30&#8243;][vc_column][vc_column_text]<\/p>\n<h4>Broszura:<\/h4>\n<p>[\/vc_column_text][\/vc_column][vc_column width=&#8221;1\/3&#8243;][tm_button size=&#8221;lg&#8221; button=&#8221;url:%2Fwp-content%2Fuploads%2F2021%2F10%2FB16_5_E_MERSEN-Bellows-Compensators-BD.pdf|title:BROSZURA%20|target:_blank&#8221; align=&#8221;center&#8221;][\/vc_column][vc_column width=&#8221;1\/3&#8243;][\/vc_column][vc_column width=&#8221;1\/3&#8243;][\/vc_column][\/vc_row]<\/p>\n","protected":false},"excerpt":{"rendered":"GRAPHILOR, grafit impregnowany \u017cywic\u0105, opracowany i opatentowany przez firm\u0119 Mersen, jest nieprzepuszczalny dla wi\u0119kszo\u015bci \u017cr\u0105cych cieczy i par w zakresie swojej temperatury\/ci\u015bnienia","protected":false},"featured_media":19121,"template":"","meta":[],"product_cat":[793,803,805,954,797,871,952,811,904,953,937,819,804,950,951,808,799,800,855,955,798,832],"product_tag":[],"class_list":{"0":"post-19120","1":"product","2":"type-product","3":"status-publish","4":"has-post-thumbnail","6":"product_cat-bioprocesy","7":"product_cat-chemia","8":"product_cat-chemikalia-specjalistyczne","9":"product_cat-elementy-zabezpieczajace","10":"product_cat-grupy","11":"product_cat-komponenty","12":"product_cat-komponenty-6","13":"product_cat-komponenty-9","14":"product_cat-komponenty-2","15":"product_cat-komponenty-7","16":"product_cat-komponenty-10","17":"product_cat-obsluga-proszku-2","18":"product_cat-odpornosc-na-korozje-2","19":"product_cat-plytki-bezpieczenstwa-2","20":"product_cat-plytki-bezpieczenstwa","21":"product_cat-rafinerie-i-przemysl-polimerowy","22":"product_cat-reaktor-i-zbiornik","23":"product_cat-rozwiazania","24":"product_cat-technologia-reakcji-3","25":"product_cat-urzadzenia-bezpieczenstwa","26":"product_cat-wedlug-branz","27":"product_cat-zywnosc-i-napoje","28":"pa_supplier-mersen-pl","30":"first","31":"instock","32":"shipping-taxable","33":"purchasable","34":"product-type-simple"},"_links":{"self":[{"href":"https:\/\/thurne.se\/pl\/wp-json\/wp\/v2\/product\/19120","targetHints":{"allow":["GET"]}}],"collection":[{"href":"https:\/\/thurne.se\/pl\/wp-json\/wp\/v2\/product"}],"about":[{"href":"https:\/\/thurne.se\/pl\/wp-json\/wp\/v2\/types\/product"}],"wp:featuredmedia":[{"embeddable":true,"href":"https:\/\/thurne.se\/pl\/wp-json\/wp\/v2\/media\/19121"}],"wp:attachment":[{"href":"https:\/\/thurne.se\/pl\/wp-json\/wp\/v2\/media?parent=19120"}],"wp:term":[{"taxonomy":"product_cat","embeddable":true,"href":"https:\/\/thurne.se\/pl\/wp-json\/wp\/v2\/product_cat?post=19120"},{"taxonomy":"product_tag","embeddable":true,"href":"https:\/\/thurne.se\/pl\/wp-json\/wp\/v2\/product_tag?post=19120"}],"curies":[{"name":"wp","href":"https:\/\/api.w.org\/{rel}","templated":true}]}}