{"id":19113,"date":"2021-11-04T10:12:50","date_gmt":"2021-11-04T09:12:50","guid":{"rendered":"https:\/\/thurne.se\/product\/single-use-split-butterfly-valve\/"},"modified":"2025-11-06T10:05:51","modified_gmt":"2025-11-06T09:05:51","slug":"jednorazowy-zawor-motylkowy-dzielony","status":"publish","type":"product","link":"https:\/\/thurne.se\/pl\/produkt\/jednorazowy-zawor-motylkowy-dzielony\/","title":{"rendered":"Jednorazowy zaw\u00f3r motylkowy dzielony"},"content":{"rendered":"<p>[vc_row][vc_column][vc_column_text]Kluczow\u0105 technologi\u0105 AVAX jest wdro\u017cenie sprawdzonego mechanizmu blokuj\u0105cego w postaci z\u0142\u0105cza bagnetowego. Dzi\u0119ki tej ewolucji technicznej po raz pierwszy obudowy i tarcze nie s\u0105 ze sob\u0105 blokowane indywidualnie, ale za pomoc\u0105 wzajemnego ruchu blokuj\u0105cego. Dzi\u0119ki dwukomponentowemu procesowi produkcyjnemu metod\u0105 wtrysku gwarantujemy w pe\u0142ni higieniczn\u0105 konstrukcj\u0119. Wszystkie komponenty systemu spe\u0142niaj\u0105 g\u0142\u00f3wne wymagania farmaceutyczne, takie jak FDA, USP i EP.<\/p>\n<p>\u2013 Spe\u0142nia wymagania OEB 5 (STTW \u2264 1 \u00b5g\/m3)<br \/>\n\u2013 Intuicyjna i bezpieczna obs\u0142uga<br \/>\n\u2013 Zintegrowana uszczelka Tri-Clamp (4&gt;&gt; BS 4825-3)<br \/>\n\u2013 Opcjonalnie tryb hybrydowy z systemem AVAX ze stali nierdzewnej<br \/>\n\u2013 Dost\u0119pne wykonanie sterylne[\/vc_column_text][\/vc_column][\/vc_row][vc_row lg_spacing=&#8221;padding_top:30&#8243;][vc_column][vc_video link=&#8221;https:\/\/www.youtube.com\/watch?v=hLHnTTrwtoQ&#8221; el_width=&#8221;60&#8243; align=&#8221;center&#8221;][\/vc_column][\/vc_row][vc_row lg_spacing=&#8221;padding_top:30&#8243;][vc_column][vc_video link=&#8221;https:\/\/www.youtube.com\/watch?v=eKphfoy_pds&#8221; el_width=&#8221;60&#8243; align=&#8221;center&#8221;][\/vc_column][\/vc_row][vc_row lg_spacing=&#8221;padding_top:30&#8243;][vc_column][vc_column_text]<\/p>\n<h4>Broszura:<\/h4>\n<p>[\/vc_column_text][\/vc_column][vc_column width=&#8221;1\/3&#8243;][tm_button size=&#8221;lg&#8221; button=&#8221;url:http%3A%2F%2Fthurne.aurianagency.lv%2Fwp-content%2Fuploads%2F2021%2F10%2FAVAX_single-use_brochure_E.pdf|title:BROSZURA%20|target:_blank&#8221; align=&#8221;center&#8221;][\/vc_column][vc_column width=&#8221;1\/3&#8243;][\/vc_column][vc_column width=&#8221;1\/3&#8243;][\/vc_column][\/vc_row][vc_row lg_spacing=&#8221;padding_top:30&#8243;][vc_column][vc_column_text]<\/p>\n<h4>Wi\u0119cej informacji na stronie producenta:<\/h4>\n<p>[\/vc_column_text][\/vc_column][vc_column width=&#8221;1\/3&#8243;][tm_button size=&#8221;lg&#8221; button=&#8221;url:https%3A%2F%2Fandocksysteme.de%2Fen%2Fprodukte%2Favax%2F|title:PRODUCENT|target:_blank&#8221; align=&#8221;center&#8221;][\/vc_column][\/vc_row]<\/p>\n","protected":false},"excerpt":{"rendered":"AVAX to wyznaczaj\u0105ca trendy i niezr\u00f3wnana technologia dzielonych przepustnic firmy Andocksysteme. Ca\u0142kowicie wykonany z tworzyw sztucznych klasy medycznej, stanowi pocz\u0105tek nowej generacji jednorazowych interfejs\u00f3w ochronnych. Ten unikalny zaw\u00f3r, \u015bci\u015ble zaprojektowany jako sp\u00f3jny system pasywny z pasywnym, umo\u017cliwia jego u\u017cyteczno\u015b\u0107 w dowolnym po\u017c\u0105danym zastosowaniu ze wzgl\u0119du na jego interoperacyjno\u015b\u0107.","protected":false},"featured_media":19114,"template":"","meta":[],"product_cat":[793,803,805,818,797,806,811,814,817,827,819,812,828,821,808,800,822,823,810,820,813,798,816,881,880,832],"product_tag":[],"class_list":{"0":"post-19113","1":"product","2":"type-product","3":"status-publish","4":"has-post-thumbnail","6":"product_cat-bioprocesy","7":"product_cat-chemia","8":"product_cat-chemikalia-specjalistyczne","9":"product_cat-farmacja","10":"product_cat-grupy","11":"product_cat-hydrometallurgy-pl","12":"product_cat-komponenty-9","13":"product_cat-ladowanie-reaktora-zamknietego","14":"product_cat-mieszanie-mielenie-i-przesiewanie","15":"product_cat-milling-and-sieving-pl","16":"product_cat-obsluga-proszku-2","17":"product_cat-ograniczona-obsluga-proszku","18":"product_cat-powder-mixing-and-scaling-pl","19":"product_cat-procesy-inzynieryjne-do-przetwarzania-proszkow","20":"product_cat-rafinerie-i-przemysl-polimerowy","21":"product_cat-rozwiazania","22":"product_cat-rozwiazania-do-transferu-proszku","23":"product_cat-rozwiazania-do-transferu-proszku-2","24":"product_cat-rozwiazania-w-zakresie-transportu-materialow-sypkich","25":"product_cat-sprzet-do-obslugi-proszku","26":"product_cat-szczelne-przetwarzanie-produktu-2","27":"product_cat-wedlug-branz","28":"product_cat-wysokiej-klasy-system-dozowania","29":"product_cat-zawor","30":"product_cat-zawory-motylkowe-dzielone","31":"product_cat-zywnosc-i-napoje","32":"pa_supplier-andocksysteme-pl","34":"first","35":"instock","36":"shipping-taxable","37":"purchasable","38":"product-type-simple"},"_links":{"self":[{"href":"https:\/\/thurne.se\/pl\/wp-json\/wp\/v2\/product\/19113","targetHints":{"allow":["GET"]}}],"collection":[{"href":"https:\/\/thurne.se\/pl\/wp-json\/wp\/v2\/product"}],"about":[{"href":"https:\/\/thurne.se\/pl\/wp-json\/wp\/v2\/types\/product"}],"wp:featuredmedia":[{"embeddable":true,"href":"https:\/\/thurne.se\/pl\/wp-json\/wp\/v2\/media\/19114"}],"wp:attachment":[{"href":"https:\/\/thurne.se\/pl\/wp-json\/wp\/v2\/media?parent=19113"}],"wp:term":[{"taxonomy":"product_cat","embeddable":true,"href":"https:\/\/thurne.se\/pl\/wp-json\/wp\/v2\/product_cat?post=19113"},{"taxonomy":"product_tag","embeddable":true,"href":"https:\/\/thurne.se\/pl\/wp-json\/wp\/v2\/product_tag?post=19113"}],"curies":[{"name":"wp","href":"https:\/\/api.w.org\/{rel}","templated":true}]}}