{"id":19106,"date":"2021-11-04T10:12:50","date_gmt":"2021-11-04T09:12:50","guid":{"rendered":"https:\/\/thurne.se\/product\/split-butterfly-valve-aport\/"},"modified":"2025-05-29T12:14:43","modified_gmt":"2025-05-29T10:14:43","slug":"przepustnica-dzielona-aport","status":"publish","type":"product","link":"https:\/\/thurne.se\/pl\/produkt\/przepustnica-dzielona-aport\/","title":{"rendered":"Przepustnica dzielona (APORT)"},"content":{"rendered":"<p>[vc_row][vc_column][vc_column_text]Obecnie nowoczesny i innowacyjny system pakowania musi spe\u0142nia\u0107 wiele kryteri\u00f3w funkcjonalnych: jest jednorazowego u\u017cytku, mie\u015bci si\u0119 w klasie OEB 5, jest kompatybilny z r\u00f3\u017cnymi interfejsami nape\u0142niania i opr\u00f3\u017cniania, nadaje si\u0119 do zamkni\u0119tego pobierania pr\u00f3bek, posiada certyfikowany pojemnik do transportu towar\u00f3w niebezpiecznych a tak\u017ce mo\u017ce osi\u0105gn\u0105\u0107 funkcje hybrydowe. Obecnie instalowane s\u0105 z\u0142o\u017cone i trudne do czyszczenia systemy do zastosowa\u0144 ci\u015bnieniowych, pr\u00f3\u017cniowych, temperaturowych, CIP\/SIP i odpornych na rozpuszczalniki. Po raz pierwszy dzi\u0119ki udoskonaleniom technologicznym uda\u0142o nam si\u0119 dzi\u0119ki firmie APORT zapewni\u0107 wyj\u0105tkow\u0105 wydajno\u015b\u0107 w jednym kompaktowym zaworze, a tym samym usprawni\u0107 ca\u0142y proces. Do APORT mo\u017cna zadokowa\u0107 elastyczne torby jednorazowe, takie jak ACUBE z dzielon\u0105 przepustnic\u0105 AVAX, a tak\u017ce naczynia ze stali nierdzewnej.<\/p>\n<p>APORT jest u\u017cywany w zastosowaniach obejmuj\u0105cych zbiorniki procesowe z atmosfer\u0105 wybuchow\u0105, takie jak reaktory, mieszalniki i suszarki, o wysokich wymaganiach w zakresie szczelno\u015bci, odporno\u015bci na pr\u00f3\u017cni\u0119 i szok ci\u015bnieniowy. APORT jest pierwszym i jedynym na \u015bwiecie zaworem, kt\u00f3ry spe\u0142nia wszystkie te wymagania.<\/p>\n<p>Zalety:<br \/>\n\u2013 Spe\u0142nia wymagania OEB 5 (STTW \u2264 1 \u03bcg\/m3)<br \/>\n\u2013 Intuicyjna i bezpieczna obs\u0142uga<br \/>\n\u2013 Kompaktowa i solidna konstrukcja z elastycznym ACUBE<br \/>\n\u2013 Zintegrowany interfejs AVAX z konstrukcj\u0105 pasywn\u0105 i pasywn\u0105<br \/>\n\u2013 Zintegrowana uszczelka Tri-Clamp (4&lt;&lt; BS 4825-3)<br \/>\n\u2013 Dzia\u0142anie hybrydowe z jednorazowym systemem AVAX<br \/>\n\u2013 Dost\u0119pne wykonanie CIP i SIP<br \/>\n\u2013 Zgodno\u015b\u0107 z wytycznymi ATEX<br \/>\n\u2013 Pe\u0142na pr\u00f3\u017cnia i ci\u015bnienie do 20 barg<br \/>\n\u2013 Zatwierdzenie FDA dla wszystkich uszczelek<br \/>\n\u2013 Odporno\u015b\u0107 na temperatur\u0119: -20\u00b0C do 280\u00b0C (w zale\u017cno\u015bci od materia\u0142u)<br \/>\n\u2013 Ch\u0142odzone lub podgrzewane obudowy zawor\u00f3w<br \/>\n\u2013 Technologia pneumatycznego uszczelniania ze skrobakiem<br \/>\n\u2013 Ekonomiczny system[\/vc_column_text][\/vc_column][\/vc_row][vc_row lg_spacing=&#8221;padding_top:30&#8243;][vc_column][vc_video link=&#8221;https:\/\/www.youtube.com\/watch?v=f9nldRVEb7E&#8221; el_width=&#8221;60&#8243; align=&#8221;center&#8221;][\/vc_column][\/vc_row][vc_row lg_spacing=&#8221;padding_top:30&#8243;][vc_column][vc_column_text]<\/p>\n<h4>Broszura:<\/h4>\n<p>[\/vc_column_text][\/vc_column][vc_column width=&#8221;1\/3&#8243;][tm_button size=&#8221;lg&#8221; button=&#8221;url:http%3A%2F%2Fthurne.aurianagency.lv%2Fwp-content%2Fuploads%2F2021%2F10%2FAPORTAVAX-hybrid_brochure_E.pdf|title:BROSZURA|target:_blank&#8221; align=&#8221;center&#8221;][\/vc_column][vc_column width=&#8221;1\/3&#8243;][\/vc_column][vc_column width=&#8221;1\/3&#8243;][\/vc_column][\/vc_row][vc_row lg_spacing=&#8221;padding_top:30&#8243;][vc_column][vc_column_text]<\/p>\n<h4>Wi\u0119cej informacji na stronie producenta:<\/h4>\n<p>[\/vc_column_text][\/vc_column][vc_column width=&#8221;1\/3&#8243;][tm_button size=&#8221;lg&#8221; button=&#8221;url:https%3A%2F%2Fandocksysteme.de%2Fen%2Fprodukte%2Faport%2F|title:PRODUCENT|target:_blank&#8221; align=&#8221;center&#8221;][\/vc_column][\/vc_row]<\/p>\n","protected":false},"excerpt":{"rendered":"APORT \u2013 unikalne po\u0142\u0105czenie interfejsu procesu i przechowywania","protected":false},"featured_media":19107,"template":"","meta":[],"product_cat":[793,803,805,818,797,806,811,814,817,827,819,812,828,821,808,800,822,823,810,820,902,813,798,816,881,947,880],"product_tag":[],"class_list":{"0":"post-19106","1":"product","2":"type-product","3":"status-publish","4":"has-post-thumbnail","6":"product_cat-bioprocesy","7":"product_cat-chemia","8":"product_cat-chemikalia-specjalistyczne","9":"product_cat-farmacja","10":"product_cat-grupy","11":"product_cat-hydrometallurgy-pl","12":"product_cat-komponenty-9","13":"product_cat-ladowanie-reaktora-zamknietego","14":"product_cat-mieszanie-mielenie-i-przesiewanie","15":"product_cat-milling-and-sieving-pl","16":"product_cat-obsluga-proszku-2","17":"product_cat-ograniczona-obsluga-proszku","18":"product_cat-powder-mixing-and-scaling-pl","19":"product_cat-procesy-inzynieryjne-do-przetwarzania-proszkow","20":"product_cat-rafinerie-i-przemysl-polimerowy","21":"product_cat-rozwiazania","22":"product_cat-rozwiazania-do-transferu-proszku","23":"product_cat-rozwiazania-do-transferu-proszku-2","24":"product_cat-rozwiazania-w-zakresie-transportu-materialow-sypkich","25":"product_cat-sprzet-do-obslugi-proszku","26":"product_cat-sprzet-do-transferu-proszku","27":"product_cat-szczelne-przetwarzanie-produktu-2","28":"product_cat-wedlug-branz","29":"product_cat-wysokiej-klasy-system-dozowania","30":"product_cat-zawor","31":"product_cat-zawor-2","32":"product_cat-zawory-motylkowe-dzielone","33":"pa_supplier-andocksysteme-pl","35":"first","36":"instock","37":"shipping-taxable","38":"purchasable","39":"product-type-simple"},"_links":{"self":[{"href":"https:\/\/thurne.se\/pl\/wp-json\/wp\/v2\/product\/19106","targetHints":{"allow":["GET"]}}],"collection":[{"href":"https:\/\/thurne.se\/pl\/wp-json\/wp\/v2\/product"}],"about":[{"href":"https:\/\/thurne.se\/pl\/wp-json\/wp\/v2\/types\/product"}],"wp:featuredmedia":[{"embeddable":true,"href":"https:\/\/thurne.se\/pl\/wp-json\/wp\/v2\/media\/19107"}],"wp:attachment":[{"href":"https:\/\/thurne.se\/pl\/wp-json\/wp\/v2\/media?parent=19106"}],"wp:term":[{"taxonomy":"product_cat","embeddable":true,"href":"https:\/\/thurne.se\/pl\/wp-json\/wp\/v2\/product_cat?post=19106"},{"taxonomy":"product_tag","embeddable":true,"href":"https:\/\/thurne.se\/pl\/wp-json\/wp\/v2\/product_tag?post=19106"}],"curies":[{"name":"wp","href":"https:\/\/api.w.org\/{rel}","templated":true}]}}