{"id":19102,"date":"2021-11-04T10:12:48","date_gmt":"2021-11-04T09:12:48","guid":{"rendered":"https:\/\/thurne.se\/product\/multi-use-split-butterfly-valve-avax-mut\/"},"modified":"2025-05-29T11:52:36","modified_gmt":"2025-05-29T09:52:36","slug":"wielofunkcyjny-rozdzielany-zawor-motylkowy-avax-mut","status":"publish","type":"product","link":"https:\/\/thurne.se\/pl\/produkt\/wielofunkcyjny-rozdzielany-zawor-motylkowy-avax-mut\/","title":{"rendered":"Wielofunkcyjny rozdzielany zaw\u00f3r motylkowy (AVAX MUT)"},"content":{"rendered":"<p>[vc_row][vc_column][vc_column_text]Warunki eksploatacji<br \/>\n\u2013 Temperatura robocza -20\u00b0C do +50\u00b0C<br \/>\n\u2013 Temperatura rezystancji (materia\u0142u) -20\u00b0C do +80\u00b0C<\/p>\n<p>Aplikacja<br \/>\n\u2013 Poziom hermetyzacji OEL &lt;1,0 \u03bcg\/m3 (wg ISPE, wcze\u015bniej SMEPAC)<\/p>\n<p>Standardowe zespo\u0142y<br \/>\n\u2013 Interfejs ograniczaj\u0105cy 4\u2033 Tri Clamp BS 4825-3<br \/>\n\u2013 Instrukcja obs\u0142ugi (d\u017awignia r\u0119czna)<\/p>\n<p>Wymiary<br \/>\n\u2013 \u015arednica nominalna DN100<br \/>\n\u2013 Monta\u017c komponent\u00f3w 135 mm x 75,9 mm (\u015brednica x wysoko\u015b\u0107)<br \/>\n\u2013 Waga 2,2 kg<\/p>\n<p>Szczeg\u00f3\u0142y powierzchni<br \/>\n\u2013 Chropowato\u015b\u0107 powierzchni Ra \u2264 0,8 \u00b5m (przestrze\u0144 kontaktu produktu)<br \/>\n\u2013 Ra \u2264 1,6 \u00b5m (przestrze\u0144 nie stykaj\u0105ca si\u0119 z produktem)<\/p>\n<p>Tworzywo<br \/>\n\u2013 Cz\u0119\u015bci produkcyjne ze stali nierdzewnej 1.4404 \/ 316L (cz\u0119\u015bci maj\u0105ce kontakt z produktem); 1.4301 \/ 304 (Cz\u0119\u015bci nie maj\u0105ce kontaktu z produktem)<br \/>\n\u2013 Uszczelki FPM lub PTFE bia\u0142y\/czarny (cz\u0119\u015bci maj\u0105ce kontakt z produktem)<br \/>\n\u2013 \u0141o\u017cyska PEEK (przestrze\u0144 nie stykaj\u0105ca si\u0119 z produktem)<\/p>\n<p>Certyfikaty \/ arkusze danych<br \/>\n\u2013 Specyfikacja materia\u0142u<br \/>\n\u2013 Zgodno\u015b\u0107 z FDA (cz\u0119\u015bci maj\u0105ce kontakt z produktem)<\/p>\n<p>Kompatybilno\u015b\u0107 \/ Akcesoria<br \/>\n\u2013 Kompatybilne systemy AVAX plastik, ACUBE, ACUBE-PRO, AVAX stal nierdzewna, Regulowana rama do ACUBE<br \/>\n\u2013 Obs\u0142uga akcesori\u00f3w Narz\u0119dzie blokuj\u0105ce AVAX, pokrywa, adapter do mycia AVAX ze stali nierdzewnej, uchwyt[\/vc_column_text][\/vc_column][\/vc_row][vc_row lg_spacing=&#8221;padding_top:30&#8243;][vc_column][vc_column_text]<\/p>\n<h4>Broszura:<\/h4>\n<p>[\/vc_column_text][\/vc_column][vc_column width=&#8221;1\/3&#8243;][tm_button size=&#8221;lg&#8221; button=&#8221;url:https%3A%2F%2Fthurne.se%2Fwp-content%2Fuploads%2F2021%2F10%2FAVAX-hybrid_flyer_EN.pdf|title:BROSZURA%20|target:_blank&#8221; align=&#8221;center&#8221;][\/vc_column][vc_column width=&#8221;1\/3&#8243;][\/vc_column][vc_column width=&#8221;1\/3&#8243;][\/vc_column][\/vc_row][vc_row lg_spacing=&#8221;padding_top:30&#8243;][vc_column][vc_column_text]<\/p>\n<h4>Wi\u0119cej informacji na stronie producenta:<\/h4>\n<p>[\/vc_column_text][\/vc_column][vc_column width=&#8221;1\/3&#8243;][tm_button size=&#8221;lg&#8221; button=&#8221;url:https%3A%2F%2Fandocksysteme.de%2Fen%2Fprodukte%2Favax%2F|title:PRODUCENT|target:_blank&#8221; align=&#8221;center&#8221;][\/vc_column][\/vc_row]<\/p>\n","protected":false},"excerpt":{"rendered":"Nowa, rewolucyjna technologia AVAX SBV jest r\u00f3wnie\u017c dost\u0119pna w wykonaniu ze stali nierdzewnej. Dzi\u0119ki temu AVAX mo\u017ce by\u0107 u\u017cywany w zastosowaniach o wy\u017cszych wymaganiach dotycz\u0105cych ci\u015bnienia i\/lub temperatury.","protected":false},"featured_media":19103,"template":"","meta":[],"product_cat":[793,803,805,818,797,806,811,814,817,827,819,812,828,821,808,800,822,823,810,820,813,798,816,881,880],"product_tag":[],"class_list":{"0":"post-19102","1":"product","2":"type-product","3":"status-publish","4":"has-post-thumbnail","6":"product_cat-bioprocesy","7":"product_cat-chemia","8":"product_cat-chemikalia-specjalistyczne","9":"product_cat-farmacja","10":"product_cat-grupy","11":"product_cat-hydrometallurgy-pl","12":"product_cat-komponenty-9","13":"product_cat-ladowanie-reaktora-zamknietego","14":"product_cat-mieszanie-mielenie-i-przesiewanie","15":"product_cat-milling-and-sieving-pl","16":"product_cat-obsluga-proszku-2","17":"product_cat-ograniczona-obsluga-proszku","18":"product_cat-powder-mixing-and-scaling-pl","19":"product_cat-procesy-inzynieryjne-do-przetwarzania-proszkow","20":"product_cat-rafinerie-i-przemysl-polimerowy","21":"product_cat-rozwiazania","22":"product_cat-rozwiazania-do-transferu-proszku","23":"product_cat-rozwiazania-do-transferu-proszku-2","24":"product_cat-rozwiazania-w-zakresie-transportu-materialow-sypkich","25":"product_cat-sprzet-do-obslugi-proszku","26":"product_cat-szczelne-przetwarzanie-produktu-2","27":"product_cat-wedlug-branz","28":"product_cat-wysokiej-klasy-system-dozowania","29":"product_cat-zawor","30":"product_cat-zawory-motylkowe-dzielone","31":"pa_supplier-andocksysteme-pl","33":"first","34":"instock","35":"shipping-taxable","36":"purchasable","37":"product-type-simple"},"_links":{"self":[{"href":"https:\/\/thurne.se\/pl\/wp-json\/wp\/v2\/product\/19102","targetHints":{"allow":["GET"]}}],"collection":[{"href":"https:\/\/thurne.se\/pl\/wp-json\/wp\/v2\/product"}],"about":[{"href":"https:\/\/thurne.se\/pl\/wp-json\/wp\/v2\/types\/product"}],"wp:featuredmedia":[{"embeddable":true,"href":"https:\/\/thurne.se\/pl\/wp-json\/wp\/v2\/media\/19103"}],"wp:attachment":[{"href":"https:\/\/thurne.se\/pl\/wp-json\/wp\/v2\/media?parent=19102"}],"wp:term":[{"taxonomy":"product_cat","embeddable":true,"href":"https:\/\/thurne.se\/pl\/wp-json\/wp\/v2\/product_cat?post=19102"},{"taxonomy":"product_tag","embeddable":true,"href":"https:\/\/thurne.se\/pl\/wp-json\/wp\/v2\/product_tag?post=19102"}],"curies":[{"name":"wp","href":"https:\/\/api.w.org\/{rel}","templated":true}]}}