{"id":19097,"date":"2021-11-04T10:12:49","date_gmt":"2021-11-04T09:12:49","guid":{"rendered":"https:\/\/thurne.se\/product\/safeseal-pneumatic-tool\/"},"modified":"2025-05-28T16:37:52","modified_gmt":"2025-05-28T14:37:52","slug":"narzedzie-pneumatyczne-safeseal","status":"publish","type":"product","link":"https:\/\/thurne.se\/pl\/produkt\/narzedzie-pneumatyczne-safeseal\/","title":{"rendered":"Narz\u0119dzie pneumatyczne SafeSeal"},"content":{"rendered":"<p>[vc_row][vc_column][vc_column_text]Narz\u0119dzie pneumatyczne SafeSeal jest u\u017cywane w zastosowaniach zwi\u0105zanych z pakowaniem na ko\u0144cu linii i jest zgodne z nast\u0119puj\u0105cymi funkcjami:<br \/>\n\u2013 Dost\u0119pne dla zamkni\u0119\u0107 SafeSeal w rozmiarze M i L<br \/>\n\u2013 Automatyczne prasowanie i docinanie zamkni\u0119\u0107 SafeSeal<br \/>\n\u2013 W pe\u0142ni sterowane pneumatycznie (kompatybilne z ATEX)<br \/>\n\u2013 Wykonane ze stali nierdzewnej<br \/>\n\u2013 Wysokie bezpiecze\u0144stwo dzi\u0119ki obs\u0142udze dwur\u0119cznej<br \/>\n\u2013 Mo\u017cliwo\u015b\u0107 integracji z istniej\u0105cym systemem[\/vc_column_text][\/vc_column][\/vc_row][vc_row lg_spacing=&#8221;padding_top:30&#8243;][vc_column][vc_video link=&#8221;https:\/\/vimeo.com\/995838891&#8243; el_width=&#8221;60&#8243; align=&#8221;center&#8221;][\/vc_column][\/vc_row][vc_row lg_spacing=&#8221;padding_top:30&#8243;][vc_column][vc_column_text]<\/p>\n<h4>Broszura:<\/h4>\n<p>[\/vc_column_text][\/vc_column][vc_column width=&#8221;1\/3&#8243;][tm_button size=&#8221;lg&#8221; button=&#8221;url:https%3A%2F%2Fthurne.se%2Fwp-content%2Fuploads%2F2021%2F12%2FSafeSeal_8-Seiter_englisch_02.pdf|title:BROSZURA%20|target:_blank&#8221; align=&#8221;center&#8221;][\/vc_column][vc_column width=&#8221;1\/3&#8243;][\/vc_column][vc_column width=&#8221;1\/3&#8243;][\/vc_column][\/vc_row][vc_row lg_spacing=&#8221;padding_top:30&#8243;][vc_column][vc_column_text]<\/p>\n<h4>Wi\u0119cej informacji na stronie producenta:<\/h4>\n<p>[\/vc_column_text][\/vc_column][vc_column width=&#8221;1\/3&#8243;][tm_button size=&#8221;lg&#8221; button=&#8221;url:https%3A%2F%2Fwww.lugaia.ch%2Fen%2Fproducts-solutions%2Fsafeseal-closure-system%2Fsafeseal-pneumatic-tool-39|title:PRODUCENT|target:_blank&#8221; align=&#8221;center&#8221;][\/vc_column][vc_column width=&#8221;1\/3&#8243;][\/vc_column][vc_column width=&#8221;1\/3&#8243;][\/vc_column][\/vc_row]<\/p>\n","protected":false},"excerpt":{"rendered":"Dzi\u0119ki narz\u0119dziu pneumatycznemu SafeSeal opracowano system zamykania, kt\u00f3ry charakteryzuje si\u0119 prost\u0105 obs\u0142ug\u0105, wysokim bezpiecze\u0144stwem pracy, uniwersalnym zastosowaniem i wysok\u0105 jako\u015bci\u0105. Poziom szczelno\u015bci OEB 5 (&lt;1 \u00b5g\/m3) jest zapewniony w po\u0142\u0105czeniu z zamkni\u0119ciami SafeSeal i foliami systemu ci\u0105g\u0142ego wk\u0142adu.","protected":false},"featured_media":19098,"template":"","meta":[],"product_cat":[793,803,805,818,806,811,817,819,812,821,808,800,822,823,810,813,798,816,832],"product_tag":[],"class_list":{"0":"post-19097","1":"product","2":"type-product","3":"status-publish","4":"has-post-thumbnail","6":"product_cat-bioprocesy","7":"product_cat-chemia","8":"product_cat-chemikalia-specjalistyczne","9":"product_cat-farmacja","10":"product_cat-hydrometallurgy-pl","11":"product_cat-komponenty-9","12":"product_cat-mieszanie-mielenie-i-przesiewanie","13":"product_cat-obsluga-proszku-2","14":"product_cat-ograniczona-obsluga-proszku","15":"product_cat-procesy-inzynieryjne-do-przetwarzania-proszkow","16":"product_cat-rafinerie-i-przemysl-polimerowy","17":"product_cat-rozwiazania","18":"product_cat-rozwiazania-do-transferu-proszku","19":"product_cat-rozwiazania-do-transferu-proszku-2","20":"product_cat-rozwiazania-w-zakresie-transportu-materialow-sypkich","21":"product_cat-szczelne-przetwarzanie-produktu-2","22":"product_cat-wedlug-branz","23":"product_cat-wysokiej-klasy-system-dozowania","24":"product_cat-zywnosc-i-napoje","25":"pa_supplier-lugaia-pl","27":"first","28":"instock","29":"shipping-taxable","30":"purchasable","31":"product-type-simple"},"_links":{"self":[{"href":"https:\/\/thurne.se\/pl\/wp-json\/wp\/v2\/product\/19097","targetHints":{"allow":["GET"]}}],"collection":[{"href":"https:\/\/thurne.se\/pl\/wp-json\/wp\/v2\/product"}],"about":[{"href":"https:\/\/thurne.se\/pl\/wp-json\/wp\/v2\/types\/product"}],"wp:featuredmedia":[{"embeddable":true,"href":"https:\/\/thurne.se\/pl\/wp-json\/wp\/v2\/media\/19098"}],"wp:attachment":[{"href":"https:\/\/thurne.se\/pl\/wp-json\/wp\/v2\/media?parent=19097"}],"wp:term":[{"taxonomy":"product_cat","embeddable":true,"href":"https:\/\/thurne.se\/pl\/wp-json\/wp\/v2\/product_cat?post=19097"},{"taxonomy":"product_tag","embeddable":true,"href":"https:\/\/thurne.se\/pl\/wp-json\/wp\/v2\/product_tag?post=19097"}],"curies":[{"name":"wp","href":"https:\/\/api.w.org\/{rel}","templated":true}]}}