{"id":19087,"date":"2021-11-04T10:12:49","date_gmt":"2021-11-04T09:12:49","guid":{"rendered":"https:\/\/thurne.se\/product\/shell-tube-corrugated-tubes\/"},"modified":"2025-05-28T16:30:55","modified_gmt":"2025-05-28T14:30:55","slug":"rury-karbowane-typu-shell-tube","status":"publish","type":"product","link":"https:\/\/thurne.se\/pl\/produkt\/rury-karbowane-typu-shell-tube\/","title":{"rendered":"Rury karbowane typu Shell &#038; Tube"},"content":{"rendered":"<p>[vc_row lg_spacing=&#8221;padding_top:30&#8243;][vc_column][vc_column_text]<\/p>\n<h4>Broszura:<\/h4>\n<p>[\/vc_column_text][\/vc_column][vc_column width=&#8221;1\/3&#8243;][tm_button size=&#8221;lg&#8221; button=&#8221;url:http%3A%2F%2Fthurne.aurianagency.lv%2Fwp-content%2Fuploads%2F2021%2F10%2F4-TUBULAR-EXCHANGER-1.pdf|title:BROSZURA%20|target:_blank&#8221; align=&#8221;center&#8221;][\/vc_column][vc_column width=&#8221;1\/3&#8243;][\/vc_column][vc_column width=&#8221;1\/3&#8243;][\/vc_column][\/vc_row][vc_row lg_spacing=&#8221;padding_top:30&#8243;][vc_column][vc_column_text]<\/p>\n<h4>Wi\u0119cej informacji na stronie producenta:<\/h4>\n<p>[\/vc_column_text][\/vc_column][vc_column width=&#8221;1\/3&#8243;][tm_button size=&#8221;lg&#8221; button=&#8221;url:http%3A%2F%2Fkapp-process.com%2F%3Fpage_id%3D2010|title:PRODUCENT|target:_blank&#8221; align=&#8221;center&#8221;][\/vc_column][vc_column width=&#8221;1\/3&#8243;][\/vc_column][vc_column width=&#8221;1\/3&#8243;][\/vc_column][\/vc_row]<\/p>\n","protected":false},"excerpt":{"rendered":"Kapp Processes oferuje w magazynie szerok\u0105 gam\u0119 wymiennik\u00f3w z rur falistych o powierzchni wymiany od 0,5 do 6 m\u00b2, aby zapewni\u0107 kr\u00f3tkie terminy dostaw.","protected":false},"featured_media":19089,"template":"","meta":[],"product_cat":[793,803,805,907,797,806,906,909,910,808,800,908,836,798,832],"product_tag":[],"class_list":{"0":"post-19087","1":"product","2":"type-product","3":"status-publish","4":"has-post-thumbnail","6":"product_cat-bioprocesy","7":"product_cat-chemia","8":"product_cat-chemikalia-specjalistyczne","9":"product_cat-chlodzenie-i-ogrzewanie","10":"product_cat-grupy","11":"product_cat-hydrometallurgy-pl","12":"product_cat-kondensacja","13":"product_cat-plaszczowo-rurowe","14":"product_cat-plaszczowo-rurowe-2","15":"product_cat-rafinerie-i-przemysl-polimerowy","16":"product_cat-rozwiazania","17":"product_cat-wymiennik-ciepla-st","18":"product_cat-sprzet-do-wymiany-ciepla","19":"product_cat-wedlug-branz","20":"product_cat-zywnosc-i-napoje","21":"pa_supplier-kapp-pl","22":"pa_type-corrugated-tubes-pl","23":"pa_type-with-u-tubes-pl","25":"first","26":"instock","27":"shipping-taxable","28":"purchasable","29":"product-type-simple"},"_links":{"self":[{"href":"https:\/\/thurne.se\/pl\/wp-json\/wp\/v2\/product\/19087","targetHints":{"allow":["GET"]}}],"collection":[{"href":"https:\/\/thurne.se\/pl\/wp-json\/wp\/v2\/product"}],"about":[{"href":"https:\/\/thurne.se\/pl\/wp-json\/wp\/v2\/types\/product"}],"wp:featuredmedia":[{"embeddable":true,"href":"https:\/\/thurne.se\/pl\/wp-json\/wp\/v2\/media\/19089"}],"wp:attachment":[{"href":"https:\/\/thurne.se\/pl\/wp-json\/wp\/v2\/media?parent=19087"}],"wp:term":[{"taxonomy":"product_cat","embeddable":true,"href":"https:\/\/thurne.se\/pl\/wp-json\/wp\/v2\/product_cat?post=19087"},{"taxonomy":"product_tag","embeddable":true,"href":"https:\/\/thurne.se\/pl\/wp-json\/wp\/v2\/product_tag?post=19087"}],"curies":[{"name":"wp","href":"https:\/\/api.w.org\/{rel}","templated":true}]}}