{"id":19078,"date":"2021-11-04T10:12:46","date_gmt":"2021-11-04T09:12:46","guid":{"rendered":"https:\/\/thurne.se\/product\/lab-machine-ploughshare\/"},"modified":"2025-08-19T09:38:02","modified_gmt":"2025-08-19T07:38:02","slug":"maszyna-laboratoryjna-lemiesz","status":"publish","type":"product","link":"https:\/\/thurne.se\/pl\/produkt\/maszyna-laboratoryjna-lemiesz\/","title":{"rendered":"Maszyna laboratoryjna (lemiesz)"},"content":{"rendered":"<p>[vc_row][vc_column][vc_column_text]Laboratoryjne mieszalniki lemieszowe dzia\u0142aj\u0105 na zasadzie mechanicznego z\u0142o\u017ca fluidalnego wprowadzonego przez firm\u0119 L\u00f6dige do przemys\u0142owej technologii mieszania. Wyposa\u017cone w elementy mieszaj\u0105ce, kt\u00f3re mo\u017cna dostosowa\u0107 do indywidualnych wymaga\u0144, mieszanki wytwarzane w tych maszynach charakteryzuj\u0105 si\u0119 najwy\u017csz\u0105 jako\u015bci\u0105.<\/p>\n<p>\u0141opaty lemieszowe w specjalnym u\u0142o\u017ceniu na wale mieszaj\u0105cym w poziomym, cylindrycznym b\u0119bnie obracaj\u0105 si\u0119 blisko \u015bciany. Ich pr\u0119dko\u015b\u0107 obwodowa i kszta\u0142t geometryczny s\u0105 tak skoordynowane, \u017ce mieszanka jest przemieszczana ze z\u0142o\u017ca produktu wbrew sile od\u015brodkowej i jednocze\u015bnie w kierunku osiowym. Ponadto kszta\u0142t \u0142opatek unosi cz\u0105stki produktu ze \u015bcianki b\u0119bna. Elementy mieszaj\u0105ce o okre\u015blonym kszta\u0142cie i specjalnym rozmieszczeniu na wale zapewniaj\u0105 nie tylko niezawodny transport produktu, ale tak\u017ce wystarczaj\u0105ce ponowne wymieszanie produktu. Powsta\u0142e w ten spos\u00f3b tzw. \u201emechaniczne\u201d z\u0142o\u017ce fluidalne, w kt\u00f3rym ca\u0142y produkt jest stale zaanga\u017cowany w proces, zapewnia maksymaln\u0105 intensywno\u015b\u0107 mieszania nawet przy najwy\u017cszych przepustowo\u015bciach i najkr\u00f3tsze czasy przebywania do momentu wy\u0142adowania produktu z mieszalnika poprzez wylot.<\/p>\n<p>Mieszalniki lemieszowe L\u00f6dige dzi\u0119ki formie dostosowanej do indywidualnego zastosowania oraz mo\u017cliwo\u015bci regulacji pr\u0119dko\u015bci obrotowej maj\u0105 szerokie zastosowanie \u2013 do przetwarzania materia\u0142\u00f3w sypkich (sypkich, ziarnistych, w\u0142\u00f3knistych) czy te\u017c produkt\u00f3w pompowalnych<\/p>\n<p>W b\u0119bnie mieszaj\u0105cym mo\u017cna dodatkowo zamontowa\u0107 rozdrabniacze w celu zwi\u0119kszenia turbulencji w procesie mieszania. Zapewnia to r\u00f3wnie\u017c wymieszanie drobnych cz\u0105stek w ma\u0142ej ilo\u015bci i umo\u017cliwia rozproszenie aglomeracji produktu i cz\u0105stek pierwotnych.<\/p>\n<p>Z\u0142o\u017ce fluidalne generowane mechanicznie zapewnia intensywn\u0105 separacj\u0119 cz\u0105stek, szczeg\u00f3lnie w g\u00f3rnej cz\u0119\u015bci b\u0119bna mieszaj\u0105cego. Optymalizuje to powierzchniowy kontakt cz\u0105stek z cieczami, umo\u017cliwiaj\u0105c mieszanie bez grudek i jednorodn\u0105 dystrybucj\u0119.<\/p>\n<p>W przypadku mieszade\u0142 laboratoryjnych o pojemno\u015bci 50 l obudow\u0119 mo\u017cna \u0142atwo przesun\u0105\u0107 na bok, zapewniaj\u0105c swobodny dost\u0119p do przestrzeni instalacji technicznych<\/p>\n<p>W przeciwie\u0144stwie do wi\u0119kszych modeli mieszade\u0142 laboratoryjnych od 5 l wzwy\u017c, w przypadku typu L1 nie jest mo\u017cliwe dodawanie cieczy i wynikaj\u0105ca z tego granulacja lub powlekanie.[\/vc_column_text][\/vc_column][\/vc_row][vc_row][vc_column][vc_column_text]<\/p>\n<h4>Broszura:<\/h4>\n<p>[\/vc_column_text][\/vc_column][vc_column width=&#8221;1\/3&#8243;][tm_button size=&#8221;lg&#8221; button=&#8221;url:http%3A%2F%2Fthurne.aurianagency.lv%2Fwp-content%2Fuploads%2F2021%2F10%2FL_50_Ploughshare_Mixer_for_laboratory_research_and_small_scale_production-201403.pdf|title:BROSZURA%20|target:_blank&#8221; align=&#8221;center&#8221;][\/vc_column][vc_column width=&#8221;1\/3&#8243;][\/vc_column][vc_column width=&#8221;1\/3&#8243;][\/vc_column][\/vc_row]<\/p>\n","protected":false},"excerpt":{"rendered":"Mieszalniki laboratoryjne L\u00f6dige typu L1, L5, L10, L20 lub L50 maj\u0105 ca\u0142kowit\u0105 pojemno\u015b\u0107 b\u0119bna odpowiadaj\u0105c\u0105 nazwie produktu wynosz\u0105c\u0105 1, 5, 10, 20 lub 50 litr\u00f3w. Wszystkie jednostki charakteryzuj\u0105 si\u0119 wysok\u0105 wydajno\u015bci\u0105 mieszania po\u0142\u0105czon\u0105 z du\u017c\u0105 ilo\u015bci\u0105 funkcji technicznych umo\u017cliwiaj\u0105cych dostosowanie urz\u0105dze\u0144 do r\u00f3\u017cnych zada\u0144.","protected":false},"featured_media":19079,"template":"","meta":[],"product_cat":[803,805,818,797,806,853,850,851,852,848,849,808,800,820,858,859,861,847,854,855,798,832],"product_tag":[],"class_list":{"0":"post-19078","1":"product","2":"type-product","3":"status-publish","4":"has-post-thumbnail","6":"product_cat-chemia","7":"product_cat-chemikalia-specjalistyczne","8":"product_cat-farmacja","9":"product_cat-grupy","10":"product_cat-hydrometallurgy-pl","11":"product_cat-mieszanie-proszkow","12":"product_cat-mikser-4","13":"product_cat-mikser-3","14":"product_cat-mikser-2","15":"product_cat-mikser-5","16":"product_cat-mikser","17":"product_cat-rafinerie-i-przemysl-polimerowy","18":"product_cat-rozwiazania","19":"product_cat-sprzet-do-obslugi-proszku","20":"product_cat-suszarka-5","21":"product_cat-suszarka-3","22":"product_cat-suszarka-4","23":"product_cat-suszenie-2","24":"product_cat-systemy-procesowe-3","25":"product_cat-technologia-reakcji-3","26":"product_cat-wedlug-branz","27":"product_cat-zywnosc-i-napoje","28":"pa_supplier-lodige-pl","30":"first","31":"instock","32":"shipping-taxable","33":"purchasable","34":"product-type-simple"},"_links":{"self":[{"href":"https:\/\/thurne.se\/pl\/wp-json\/wp\/v2\/product\/19078","targetHints":{"allow":["GET"]}}],"collection":[{"href":"https:\/\/thurne.se\/pl\/wp-json\/wp\/v2\/product"}],"about":[{"href":"https:\/\/thurne.se\/pl\/wp-json\/wp\/v2\/types\/product"}],"wp:featuredmedia":[{"embeddable":true,"href":"https:\/\/thurne.se\/pl\/wp-json\/wp\/v2\/media\/19079"}],"wp:attachment":[{"href":"https:\/\/thurne.se\/pl\/wp-json\/wp\/v2\/media?parent=19078"}],"wp:term":[{"taxonomy":"product_cat","embeddable":true,"href":"https:\/\/thurne.se\/pl\/wp-json\/wp\/v2\/product_cat?post=19078"},{"taxonomy":"product_tag","embeddable":true,"href":"https:\/\/thurne.se\/pl\/wp-json\/wp\/v2\/product_tag?post=19078"}],"curies":[{"name":"wp","href":"https:\/\/api.w.org\/{rel}","templated":true}]}}