{"id":19074,"date":"2021-11-04T10:12:46","date_gmt":"2021-11-04T09:12:46","guid":{"rendered":"https:\/\/thurne.se\/product\/graphite-tube-heat-exchanger\/"},"modified":"2025-05-28T15:36:48","modified_gmt":"2025-05-28T13:36:48","slug":"wymiennik-ciepla-z-rurka-grafitowa","status":"publish","type":"product","link":"https:\/\/thurne.se\/pl\/produkt\/wymiennik-ciepla-z-rurka-grafitowa\/","title":{"rendered":"Wymiennik ciep\u0142a z rurk\u0105 grafitow\u0105"},"content":{"rendered":"<p>[vc_row][vc_column][vc_column_text]Rurki grafitowe Graphilor 3 s\u0105 wyt\u0142aczane, spiekane i dok\u0142adnie impregnowane \u017cywic\u0105 fenolow\u0105. Arkusze rur grafitowych s\u0105 produkowane z bloku grafitowego. Rury s\u0105 cementowane w grafitowych arkuszach rur, tworz\u0105c wi\u0105zk\u0119 rur, kt\u00f3ra jest wk\u0142adana do p\u0142aszcza. Przenikanie ciep\u0142a odbywa si\u0119 poprzez przewodzenie ciep\u0142a przez \u015bcianki rur grafitowych pomi\u0119dzy stron\u0105 procesow\u0105 a stron\u0105 serwisow\u0105.<\/p>\n<p>CECHY POLITUBY<br \/>\n\u2013 Powierzchnia wymiany ciep\u0142a do 1850 m2<br \/>\n\u2013 \u015arednica blachy rurowej do 2100 mm<br \/>\n\u2013 Ci\u015bnienie projektowe: do 7 barg po stronie procesowej i do 11 barg po stronie eksploatacyjnej<br \/>\n\u2013 Temperatura projektowa do 220\u00b0C<br \/>\n\u2013 Zast\u0105pienie 1:1: taki sam efekt jak wymienniki ciep\u0142a innych producent\u00f3w oryginalnego wyposa\u017cenia<\/p>\n<p>ZALETY POLITUBY<br \/>\n\u2013 Nr 1 na \u015bwiecie w produkcji rur grafitowych. 50 lat do\u015bwiadczenia.<br \/>\n\u2013 Du\u017ca powierzchnia wymiany ciep\u0142a<br \/>\n\u2013 Najd\u0142u\u017csze monolityczne rurki grafitowe w bran\u017cy<br \/>\n\u2013 Doskona\u0142a przewodno\u015b\u0107 cieplna<br \/>\n\u2013 Wyj\u0105tkowa wytrzyma\u0142o\u015b\u0107 mechaniczna potwierdzona przez T\u00dcV SUD<br \/>\n\u2013 Unikalne 6-metrowe bezz\u0142\u0105czowe rurki grafitowe<br \/>\n\u2013 Ochrona przed korozj\u0105[\/vc_column_text][\/vc_column][\/vc_row][vc_row lg_spacing=&#8221;padding_top:30&#8243;][vc_column][vc_video link=&#8221;https:\/\/www.youtube.com\/watch?v=56NVawFFrYE&#8221; el_width=&#8221;60&#8243; align=&#8221;center&#8221;][\/vc_column][\/vc_row][vc_row lg_spacing=&#8221;padding_top:30&#8243;][vc_column][vc_column_text]<\/p>\n<h4>Broszura:<\/h4>\n<p>[\/vc_column_text][\/vc_column][vc_column width=&#8221;1\/3&#8243;][tm_button size=&#8221;lg&#8221; button=&#8221;url:http%3A%2F%2Fthurne.aurianagency.lv%2Fwp-content%2Fuploads%2F2021%2F10%2Face-corrosion-resistant-heat-exchangers-mersen.pdf|title:BROSZURA|target:_blank&#8221; align=&#8221;center&#8221;][\/vc_column][vc_column width=&#8221;1\/3&#8243;][\/vc_column][vc_column width=&#8221;1\/3&#8243;][\/vc_column][\/vc_row][vc_row lg_spacing=&#8221;padding_top:30&#8243;][vc_column][vc_column_text]<\/p>\n<h4>Wi\u0119cej informacji na stronie producenta:<\/h4>\n<p>[\/vc_column_text][\/vc_column][vc_column width=&#8221;1\/3&#8243;][tm_button size=&#8221;lg&#8221; button=&#8221;url:http%3A%2F%2Fwww.mersen.com%2Fproducts%2Fanticorrosion-equipment%2Fheat-exchanger-manufacturer|title:PRODUCENT|target:_blank&#8221; align=&#8221;center&#8221;][\/vc_column][vc_column width=&#8221;1\/3&#8243;][\/vc_column][vc_column width=&#8221;1\/3&#8243;][\/vc_column][\/vc_row]<\/p>\n","protected":false},"excerpt":{"rendered":"Wymienniki ciep\u0142a z grafitu nadaj\u0105 si\u0119 do ogrzewania, ch\u0142odzenia, skraplania, odparowywania lub poch\u0142aniania du\u017cych nat\u0119\u017ce\u0144 przep\u0142ywu ultrakorozyjnych chemikali\u00f3w.","protected":false},"featured_media":19075,"template":"","meta":[],"product_cat":[803,805,835,797,806,808,800,836,798],"product_tag":[],"class_list":{"0":"post-19074","1":"product","2":"type-product","3":"status-publish","4":"has-post-thumbnail","6":"product_cat-chemia","7":"product_cat-chemikalia-specjalistyczne","8":"product_cat-grafitowy-wymiennik-ciepla","9":"product_cat-grupy","10":"product_cat-hydrometallurgy-pl","11":"product_cat-rafinerie-i-przemysl-polimerowy","12":"product_cat-rozwiazania","13":"product_cat-sprzet-do-wymiany-ciepla","14":"product_cat-wedlug-branz","15":"pa_supplier-mersen-pl","17":"first","18":"instock","19":"shipping-taxable","20":"purchasable","21":"product-type-simple"},"_links":{"self":[{"href":"https:\/\/thurne.se\/pl\/wp-json\/wp\/v2\/product\/19074","targetHints":{"allow":["GET"]}}],"collection":[{"href":"https:\/\/thurne.se\/pl\/wp-json\/wp\/v2\/product"}],"about":[{"href":"https:\/\/thurne.se\/pl\/wp-json\/wp\/v2\/types\/product"}],"wp:featuredmedia":[{"embeddable":true,"href":"https:\/\/thurne.se\/pl\/wp-json\/wp\/v2\/media\/19075"}],"wp:attachment":[{"href":"https:\/\/thurne.se\/pl\/wp-json\/wp\/v2\/media?parent=19074"}],"wp:term":[{"taxonomy":"product_cat","embeddable":true,"href":"https:\/\/thurne.se\/pl\/wp-json\/wp\/v2\/product_cat?post=19074"},{"taxonomy":"product_tag","embeddable":true,"href":"https:\/\/thurne.se\/pl\/wp-json\/wp\/v2\/product_tag?post=19074"}],"curies":[{"name":"wp","href":"https:\/\/api.w.org\/{rel}","templated":true}]}}