{"id":19071,"date":"2021-11-04T10:12:45","date_gmt":"2021-11-04T09:12:45","guid":{"rendered":"https:\/\/thurne.se\/product\/graphite-columns\/"},"modified":"2025-05-28T15:27:54","modified_gmt":"2025-05-28T13:27:54","slug":"kolumny-grafitowe","status":"publish","type":"product","link":"https:\/\/thurne.se\/pl\/produkt\/kolumny-grafitowe\/","title":{"rendered":"Kolumny grafitowe"},"content":{"rendered":"<p>[vc_row][vc_column][vc_column_text]KORZY\u015aCI DLA KLIENTA:<br \/>\n\u2013 Szczeg\u00f3lnie wysoka odporno\u015b\u0107 na korozj\u0119<br \/>\n\u2013 Maksymalna temperatura projektowa: 400\u00b0C<br \/>\n\u2013 Doskona\u0142e w\u0142a\u015bciwo\u015bci ogniotrwa\u0142e i w\u0142a\u015bciwo\u015bci mechaniczne<br \/>\n\u2013 W\u0142a\u015bciwo\u015bci niezanieczyszczaj\u0105ce<br \/>\n\u2013 Wieloletnie do\u015bwiadczenie w pracy z grafitem<br \/>\n\u2013 Lokalny serwis<\/p>\n<p>INFORMACJE O PRODUKCIE:<br \/>\n\u2013 Ci\u015bnienie projektowe, maksymalnie 3 barG<br \/>\n\u2013 \u015arednica wewn\u0119trzna kolumny: od 250 mm do 2500 mm<br \/>\n\u2013 Grafilor 3<br \/>\n\u2013 Uszczelnienie: grafitowe pier\u015bcienie Raschiga[\/vc_column_text][\/vc_column][\/vc_row][vc_row lg_spacing=&#8221;padding_top:30&#8243;][vc_column][vc_column_text]<\/p>\n<h4>Broszura:<\/h4>\n<p>[\/vc_column_text][\/vc_column][vc_column width=&#8221;1\/3&#8243;][tm_button size=&#8221;lg&#8221; button=&#8221;url:http%3A%2F%2Fthurne.aurianagency.lv%2Fwp-content%2Fuploads%2F2021%2F10%2F5-ace-columns-reactors-pressure-vessels-mersen-1.pdf|title:BROSZURA|target:_blank&#8221; align=&#8221;center&#8221;][\/vc_column][vc_column width=&#8221;1\/3&#8243;][\/vc_column][vc_column width=&#8221;1\/3&#8243;][\/vc_column][\/vc_row][vc_row lg_spacing=&#8221;padding_top:30&#8243;][vc_column][vc_column_text]<\/p>\n<h4>Wi\u0119cej informacji na stronie producenta:<\/h4>\n<p>[\/vc_column_text][\/vc_column][vc_column width=&#8221;1\/3&#8243;][tm_button size=&#8221;lg&#8221; button=&#8221;url:http%3A%2F%2Fwww.mersen.com%2Fproducts%2Fanticorrosion-equipment%2Fcolumns-reactors-and-pressure-vessels|title:PRODUCENT|target:_blank&#8221; align=&#8221;center&#8221;][\/vc_column][vc_column width=&#8221;1\/3&#8243;][\/vc_column][vc_column width=&#8221;1\/3&#8243;][\/vc_column][\/vc_row]<\/p>\n","protected":false},"excerpt":{"rendered":"Wyprodukowane przy u\u017cyciu Graphilor, nasze kolumny grafitowe oferuj\u0105 niezawodne i odporne na korozj\u0119 rozwi\u0105zania dla wszystkich kwas\u00f3w stosowanych w wi\u0119kszo\u015bci proces\u00f3w chemicznych: HCl, H2SO4, HF, H3PO4, H2SIF6 i innych w procesach takich jak destylacja, absorpcja, wie\u017ce p\u0142ucz\u0105ce itp.","protected":false},"featured_media":19072,"template":"","meta":[],"product_cat":[803,805,797,806,891,804,808,799,800,798,807],"product_tag":[],"class_list":{"0":"post-19071","1":"product","2":"type-product","3":"status-publish","4":"has-post-thumbnail","6":"product_cat-chemia","7":"product_cat-chemikalia-specjalistyczne","8":"product_cat-grupy","9":"product_cat-hydrometallurgy-pl","10":"product_cat-kolumna","11":"product_cat-odpornosc-na-korozje-2","12":"product_cat-rafinerie-i-przemysl-polimerowy","13":"product_cat-reaktor-i-zbiornik","14":"product_cat-rozwiazania","15":"product_cat-wedlug-branz","16":"product_cat-zbiorniki-cisnieniowe","17":"pa_supplier-mersen-pl","19":"first","20":"instock","21":"shipping-taxable","22":"purchasable","23":"product-type-simple"},"_links":{"self":[{"href":"https:\/\/thurne.se\/pl\/wp-json\/wp\/v2\/product\/19071","targetHints":{"allow":["GET"]}}],"collection":[{"href":"https:\/\/thurne.se\/pl\/wp-json\/wp\/v2\/product"}],"about":[{"href":"https:\/\/thurne.se\/pl\/wp-json\/wp\/v2\/types\/product"}],"wp:featuredmedia":[{"embeddable":true,"href":"https:\/\/thurne.se\/pl\/wp-json\/wp\/v2\/media\/19072"}],"wp:attachment":[{"href":"https:\/\/thurne.se\/pl\/wp-json\/wp\/v2\/media?parent=19071"}],"wp:term":[{"taxonomy":"product_cat","embeddable":true,"href":"https:\/\/thurne.se\/pl\/wp-json\/wp\/v2\/product_cat?post=19071"},{"taxonomy":"product_tag","embeddable":true,"href":"https:\/\/thurne.se\/pl\/wp-json\/wp\/v2\/product_tag?post=19071"}],"curies":[{"name":"wp","href":"https:\/\/api.w.org\/{rel}","templated":true}]}}