{"id":19068,"date":"2021-11-04T10:12:43","date_gmt":"2021-11-04T09:12:43","guid":{"rendered":"https:\/\/thurne.se\/product\/coater-system\/"},"modified":"2025-11-05T13:06:46","modified_gmt":"2025-11-05T12:06:46","slug":"system-powlekania","status":"publish","type":"product","link":"https:\/\/thurne.se\/pl\/produkt\/system-powlekania\/","title":{"rendered":"System powlekania"},"content":{"rendered":"<p>[vc_row][vc_column][vc_column_text]Zmienno\u015b\u0107 poziomu nape\u0142nienia bez wymiany b\u0119bna. Wyj\u0105tkowo niska wysoko\u015b\u0107 element\u00f3w mieszaj\u0105cych umo\u017cliwia du\u017c\u0105 zmienno\u015b\u0107 poziomu nape\u0142nienia<\/p>\n<p>R\u00f3wnomierne zastosowanie i kr\u00f3tkie czasy procesu. Du\u017ca liczba element\u00f3w mieszaj\u0105cych i dysz zapewnia idealne rozprowadzanie i prowadzi do niewielkich odchyle\u0144 w r\u00f3wnomierno\u015bci aplikacji.<\/p>\n<p>Wysoka pr\u0119dko\u015b\u0107 = Czas to pieni\u0105dz. R\u00f3wnomierny rozk\u0142ad powietrza na ca\u0142ej d\u0142ugo\u015bci b\u0119bna zapewnia wysok\u0105 skuteczno\u015b\u0107 suszenia i pozwala na uzyskanie du\u017cych dawek natrysku.<\/p>\n<p>Zoptymalizowany strumie\u0144 powietrza poprawia parametry <span class=\"TextRun BCX8 SCXO97012020\" lang=\"PL\" xml:lang=\"PL\" data-contrast=\"auto\"><span class=\"NormalTextRun BCX8 SCXO97012020\">suszenia i zmniejsza<\/span><\/span> nak\u0142ad pracy zwi\u0105zany z czyszczeniem.<\/p>\n<p>Proste czyszczenie. Wyrafinowany system czyszczenia i jego doskona\u0142e dzia\u0142anie mechaniczne sprawiaj\u0105, \u017ce czyszczenie jest szybkie i skuteczne. Oszcz\u0119dza to czas, \u015brodki czyszcz\u0105ce i energi\u0119.[\/vc_column_text][\/vc_column][\/vc_row][vc_row][vc_column][vc_column_text]<\/p>\n<h4>Broszura:<\/h4>\n<p>[\/vc_column_text][\/vc_column][vc_column width=&#8221;1\/3&#8243;][tm_button size=&#8221;lg&#8221; button=&#8221;url:%2Fwp-content%2Fuploads%2F2021%2F10%2FLoedige_Coating_System_LC-201705.pdf|title:BROSZURA|target:_blank&#8221; align=&#8221;center&#8221;][\/vc_column][vc_column width=&#8221;1\/3&#8243;][\/vc_column][vc_column width=&#8221;1\/3&#8243;][\/vc_column][\/vc_row]<\/p>\n","protected":false},"excerpt":{"rendered":"System powlekania L\u00f6dige: doskona\u0142e rezultaty w wyj\u0105tkowo kr\u00f3tkim czasie. Powlekacze zosta\u0142y opracowane specjalnie do powlekania tabletek.","protected":false},"featured_media":19673,"template":"","meta":[],"product_cat":[803,805,818,797,806,853,852,939,938,808,800,820,940,941,942,798,832],"product_tag":[],"class_list":{"0":"post-19068","1":"product","2":"type-product","3":"status-publish","4":"has-post-thumbnail","6":"product_cat-chemia","7":"product_cat-chemikalia-specjalistyczne","8":"product_cat-farmacja","9":"product_cat-grupy","10":"product_cat-hydrometallurgy-pl","11":"product_cat-mieszanie-proszkow","12":"product_cat-mikser-2","13":"product_cat-powlekarka","14":"product_cat-powlekarka-2","15":"product_cat-rafinerie-i-przemysl-polimerowy","16":"product_cat-rozwiazania","17":"product_cat-sprzet-do-obslugi-proszku","18":"product_cat-suszenie","19":"product_cat-systemy-procesowe-2","20":"product_cat-technologia-reakcji-2","21":"product_cat-wedlug-branz","22":"product_cat-zywnosc-i-napoje","23":"pa_supplier-lodige-pl","25":"first","26":"instock","27":"shipping-taxable","28":"purchasable","29":"product-type-simple"},"_links":{"self":[{"href":"https:\/\/thurne.se\/pl\/wp-json\/wp\/v2\/product\/19068","targetHints":{"allow":["GET"]}}],"collection":[{"href":"https:\/\/thurne.se\/pl\/wp-json\/wp\/v2\/product"}],"about":[{"href":"https:\/\/thurne.se\/pl\/wp-json\/wp\/v2\/types\/product"}],"wp:featuredmedia":[{"embeddable":true,"href":"https:\/\/thurne.se\/pl\/wp-json\/wp\/v2\/media\/19673"}],"wp:attachment":[{"href":"https:\/\/thurne.se\/pl\/wp-json\/wp\/v2\/media?parent=19068"}],"wp:term":[{"taxonomy":"product_cat","embeddable":true,"href":"https:\/\/thurne.se\/pl\/wp-json\/wp\/v2\/product_cat?post=19068"},{"taxonomy":"product_tag","embeddable":true,"href":"https:\/\/thurne.se\/pl\/wp-json\/wp\/v2\/product_tag?post=19068"}],"curies":[{"name":"wp","href":"https:\/\/api.w.org\/{rel}","templated":true}]}}