{"id":19061,"date":"2021-11-04T10:12:43","date_gmt":"2021-11-04T09:12:43","guid":{"rendered":"https:\/\/thurne.se\/product\/continuous-universal-design\/"},"modified":"2025-11-06T10:15:13","modified_gmt":"2025-11-06T09:15:13","slug":"uniwersalna-konstrukcja-do-pracy-ciaglej","status":"publish","type":"product","link":"https:\/\/thurne.se\/pl\/produkt\/uniwersalna-konstrukcja-do-pracy-ciaglej\/","title":{"rendered":"Uniwersalna konstrukcja do pracy ci\u0105g\u0142ej"},"content":{"rendered":"<p>[vc_row][vc_column][vc_column_text]\u0141opaty lemieszowe w specjalnym u\u0142o\u017ceniu na wale mieszaj\u0105cym w poziomym, cylindrycznym b\u0119bnie obracaj\u0105 si\u0119 blisko \u015bciany. Ich pr\u0119dko\u015b\u0107 obwodowa i kszta\u0142t geometryczny s\u0105 tak skoordynowane, \u017ce mieszanka jest przemieszczana ze z\u0142o\u017ca produktu wbrew sile od\u015brodkowej i jednocze\u015bnie w kierunku osiowym. Ponadto kszta\u0142t \u0142opatek unosi cz\u0105stki produktu ze \u015bcianki b\u0119bna. Elementy mieszaj\u0105ce o okre\u015blonym kszta\u0142cie i specjalnym rozmieszczeniu na wale zapewniaj\u0105 nie tylko niezawodny transport produktu, ale tak\u017ce wystarczaj\u0105ce ponowne wymieszanie produktu. Powsta\u0142e w ten spos\u00f3b tzw. \u201emechaniczne\u201d z\u0142o\u017ce fluidalne, w kt\u00f3rym ca\u0142y produkt jest stale zaanga\u017cowany w proces, zapewnia maksymaln\u0105 intensywno\u015b\u0107 mieszania nawet przy najwy\u017cszych przepustowo\u015bciach i najkr\u00f3tsze czasy przebywania do momentu wy\u0142adowania produktu z mieszalnika.<\/p>\n<p>Mieszalniki lemieszowe L\u00f6dige dzi\u0119ki formie dostosowanej do indywidualnego zastosowania oraz regulacji pr\u0119dko\u015bci obrotowej mog\u0105 mie\u0107 szerokie zastosowanie przy przetwarzaniu materia\u0142\u00f3w sypkich (sypkich, ziarnistych, w\u0142\u00f3knistych) lub produkt\u00f3w pompowalnych.<\/p>\n<p>Produkty o r\u00f3\u017cnej g\u0119sto\u015bci nasypowej i strukturze mo\u017cna \u0142atwo miesza\u0107.<\/p>\n<p>W b\u0119bnie mieszaj\u0105cym mo\u017cna dodatkowo zamontowa\u0107 rozdrabniacze w celu zwi\u0119kszenia turbulencji w procesie mieszania. Zapewnia to r\u00f3wnie\u017c wymieszanie drobnych cz\u0105stek w ma\u0142ej ilo\u015bci i umo\u017cliwia rozproszenie aglomeracji produktu i cz\u0105stek pierwotnych.[\/vc_column_text][\/vc_column][\/vc_row][vc_row][vc_column][vc_column_text]<\/p>\n<h4>Broszura:<\/h4>\n<p>[\/vc_column_text][\/vc_column][vc_column width=&#8221;1\/3&#8243;][tm_button size=&#8221;lg&#8221; button=&#8221;url:%2Fwp-content%2Fuploads%2F2021%2F10%2FKM_Continuous_Ploughshare_Mixer-201912-1.pdf|title:BROSZURA|target:_blank&#8221; align=&#8221;center&#8221;][\/vc_column][vc_column width=&#8221;1\/3&#8243;][\/vc_column][vc_column width=&#8221;1\/3&#8243;][\/vc_column][\/vc_row]<\/p>\n","protected":false},"excerpt":{"rendered":"Mieszalnik lemieszowy o dzia\u0142aniu ci\u0105g\u0142ym wykorzystuje proces mieszania i p\u0142yn\u00f3w wprowadzony do technologii mieszania przez L\u00f6dige. Mieszanki wysokiej jako\u015bci osi\u0105ga si\u0119 dzi\u0119ki wyposa\u017ceniu w narz\u0119dzia idealnie dostosowane do danego zadania.","protected":false},"featured_media":19062,"template":"","meta":[],"product_cat":[803,805,818,797,806,853,848,849,850,851,852,808,800,820,847,854,855,798,832],"product_tag":[],"class_list":{"0":"post-19061","1":"product","2":"type-product","3":"status-publish","4":"has-post-thumbnail","6":"product_cat-chemia","7":"product_cat-chemikalia-specjalistyczne","8":"product_cat-farmacja","9":"product_cat-grupy","10":"product_cat-hydrometallurgy-pl","11":"product_cat-mieszanie-proszkow","12":"product_cat-mikser-5","13":"product_cat-mikser","14":"product_cat-mikser-4","15":"product_cat-mikser-3","16":"product_cat-mikser-2","17":"product_cat-rafinerie-i-przemysl-polimerowy","18":"product_cat-rozwiazania","19":"product_cat-sprzet-do-obslugi-proszku","20":"product_cat-suszenie-2","21":"product_cat-systemy-procesowe-3","22":"product_cat-technologia-reakcji-3","23":"product_cat-wedlug-branz","24":"product_cat-zywnosc-i-napoje","25":"pa_supplier-lodige-pl","27":"first","28":"instock","29":"shipping-taxable","30":"purchasable","31":"product-type-simple"},"_links":{"self":[{"href":"https:\/\/thurne.se\/pl\/wp-json\/wp\/v2\/product\/19061","targetHints":{"allow":["GET"]}}],"collection":[{"href":"https:\/\/thurne.se\/pl\/wp-json\/wp\/v2\/product"}],"about":[{"href":"https:\/\/thurne.se\/pl\/wp-json\/wp\/v2\/types\/product"}],"wp:featuredmedia":[{"embeddable":true,"href":"https:\/\/thurne.se\/pl\/wp-json\/wp\/v2\/media\/19062"}],"wp:attachment":[{"href":"https:\/\/thurne.se\/pl\/wp-json\/wp\/v2\/media?parent=19061"}],"wp:term":[{"taxonomy":"product_cat","embeddable":true,"href":"https:\/\/thurne.se\/pl\/wp-json\/wp\/v2\/product_cat?post=19061"},{"taxonomy":"product_tag","embeddable":true,"href":"https:\/\/thurne.se\/pl\/wp-json\/wp\/v2\/product_tag?post=19061"}],"curies":[{"name":"wp","href":"https:\/\/api.w.org\/{rel}","templated":true}]}}