{"id":19057,"date":"2021-11-04T10:12:42","date_gmt":"2021-11-04T09:12:42","guid":{"rendered":"https:\/\/thurne.se\/product\/batch-operated-hygienic-design\/"},"modified":"2025-05-28T14:52:09","modified_gmt":"2025-05-28T12:52:09","slug":"higieniczna-konstrukcja-obslugiwana-wsadowo","status":"publish","type":"product","link":"https:\/\/thurne.se\/pl\/produkt\/higieniczna-konstrukcja-obslugiwana-wsadowo\/","title":{"rendered":"Higieniczna konstrukcja obs\u0142ugiwana wsadowo"},"content":{"rendered":"<p>[vc_row][vc_column][vc_column_text]Mieszanki wysokiej jako\u015bci osi\u0105ga si\u0119 dzi\u0119ki wyposa\u017ceniu w narz\u0119dzia idealnie dostosowane do danego zadania.<\/p>\n<p>\u0141opaty lemieszowe u\u0142o\u017cone na wale w specjalnym uk\u0142adzie obracaj\u0105 si\u0119 jako elementy mieszaj\u0105ce w zamontowanym poziomo, cylindrycznym b\u0119bnie. Rozmiar, liczba, po\u0142o\u017cenie, kszta\u0142t geometryczny i pr\u0119dko\u015b\u0107 obwodowa narz\u0119dzi mieszaj\u0105cych s\u0105 do siebie dopasowane w taki spos\u00f3b, \u017ce powoduj\u0105 tr\u00f3jwymiarowy ruch komponent\u00f3w. Turbulencje powstaj\u0105ce w mieszance w tym procesie powoduj\u0105 szybkie i precyzyjne mieszanie. Ca\u0142y materia\u0142 jest stale chwytany przez narz\u0119dzia mieszaj\u0105ce, aby zapobiec powstawaniu martwych stref lub stref o s\u0142abym ruchu w komorze mieszania.<\/p>\n<p>Specjalna konstrukcja narz\u0119dzi mieszaj\u0105cych i dostosowanie pr\u0119dko\u015bci wa\u0142u mieszaj\u0105cego umo\u017cliwiaj\u0105 bardzo elastyczne zastosowanie mieszalnika lemieszowego Lodige, czy to do obr\u00f3bki towar\u00f3w sypkich (sproszkowanych, ziarnistych, w\u0142\u00f3knistych), czy do obr\u00f3bki substancji, kt\u00f3re mo\u017cna pompowa\u0107.<\/p>\n<p>Mo\u017cna miesza\u0107 nawet komponenty o bardzo r\u00f3\u017cnej g\u0119sto\u015bci nasypowej i strukturze.<\/p>\n<p>Zadania specjalne mog\u0105 wymaga\u0107 dodatkowego wsparcia efektu mieszania. Wsparcie to zapewniaj\u0105 oddzielnie nap\u0119dzane, wysokoobrotowe siekacze, kt\u00f3re w po\u0142\u0105czeniu z narz\u0119dziami mieszaj\u0105cymi rozbijaj\u0105 zbrylony materia\u0142 i umo\u017cliwiaj\u0105 systematyczn\u0105 granulacj\u0119 podczas procesu.[\/vc_column_text][\/vc_column][\/vc_row][vc_row][vc_column][vc_column_text]<\/p>\n<h4>Broszura:<\/h4>\n<p>[\/vc_column_text][\/vc_column][vc_column width=&#8221;1\/3&#8243;][tm_button size=&#8221;lg&#8221; button=&#8221;url:%2Fwp-content%2Fuploads%2F2021%2F10%2FFKM_FOOD_Ploughshare_Food_Mixer-201710.pdf|title:BROSZURA|target:_blank&#8221; align=&#8221;center&#8221;][\/vc_column][vc_column width=&#8221;1\/3&#8243;][\/vc_column][vc_column width=&#8221;1\/3&#8243;][\/vc_column][\/vc_row]<\/p>\n","protected":false},"excerpt":{"rendered":"\u2013 Wysoka jako\u015b\u0107 powierzchni, Ra &lt; 0,8 J3 \u00b5m\r\n\u2013 Wszystkie materia\u0142y maj\u0105ce kontakt z produktem posiadaj\u0105 atest FDA\r\n\u2013 \u0141atwe w czyszczeniu (brak \u201emartwych stref\u201d w obszarze produktu)\r\n\u2013 Mo\u017cliwo\u015b\u0107 praktycznie ca\u0142kowitego opr\u00f3\u017cnienia\r\n\u2013 Elektryczny uk\u0142ad sterowania zgodny z wymaganiami GAMP5","protected":false},"featured_media":19058,"template":"","meta":[],"product_cat":[803,805,818,797,806,853,850,851,852,848,849,808,800,820,847,854,855,798,832],"product_tag":[],"class_list":{"0":"post-19057","1":"product","2":"type-product","3":"status-publish","4":"has-post-thumbnail","6":"product_cat-chemia","7":"product_cat-chemikalia-specjalistyczne","8":"product_cat-farmacja","9":"product_cat-grupy","10":"product_cat-hydrometallurgy-pl","11":"product_cat-mieszanie-proszkow","12":"product_cat-mikser-4","13":"product_cat-mikser-3","14":"product_cat-mikser-2","15":"product_cat-mikser-5","16":"product_cat-mikser","17":"product_cat-rafinerie-i-przemysl-polimerowy","18":"product_cat-rozwiazania","19":"product_cat-sprzet-do-obslugi-proszku","20":"product_cat-suszenie-2","21":"product_cat-systemy-procesowe-3","22":"product_cat-technologia-reakcji-3","23":"product_cat-wedlug-branz","24":"product_cat-zywnosc-i-napoje","25":"pa_supplier-lodige-pl","27":"first","28":"instock","29":"shipping-taxable","30":"purchasable","31":"product-type-simple"},"_links":{"self":[{"href":"https:\/\/thurne.se\/pl\/wp-json\/wp\/v2\/product\/19057","targetHints":{"allow":["GET"]}}],"collection":[{"href":"https:\/\/thurne.se\/pl\/wp-json\/wp\/v2\/product"}],"about":[{"href":"https:\/\/thurne.se\/pl\/wp-json\/wp\/v2\/types\/product"}],"wp:featuredmedia":[{"embeddable":true,"href":"https:\/\/thurne.se\/pl\/wp-json\/wp\/v2\/media\/19058"}],"wp:attachment":[{"href":"https:\/\/thurne.se\/pl\/wp-json\/wp\/v2\/media?parent=19057"}],"wp:term":[{"taxonomy":"product_cat","embeddable":true,"href":"https:\/\/thurne.se\/pl\/wp-json\/wp\/v2\/product_cat?post=19057"},{"taxonomy":"product_tag","embeddable":true,"href":"https:\/\/thurne.se\/pl\/wp-json\/wp\/v2\/product_tag?post=19057"}],"curies":[{"name":"wp","href":"https:\/\/api.w.org\/{rel}","templated":true}]}}