{"id":19054,"date":"2021-11-04T10:12:42","date_gmt":"2021-11-04T09:12:42","guid":{"rendered":"https:\/\/thurne.se\/product\/cip-valve\/"},"modified":"2025-11-13T13:23:24","modified_gmt":"2025-11-13T12:23:24","slug":"zawor-cip","status":"publish","type":"product","link":"https:\/\/thurne.se\/pl\/produkt\/zawor-cip\/","title":{"rendered":"Zaw\u00f3r CIP"},"content":{"rendered":"<p>[vc_row lg_spacing=&#8221;padding_top:30&#8243;][vc_column][vc_column_text]<\/p>\n<h4>Wi\u0119cej informacji na stronie producenta:<\/h4>\n<p>[\/vc_column_text][\/vc_column][vc_column width=&#8221;1\/3&#8243;][tm_button size=&#8221;lg&#8221; button=&#8221;url:http%3A%2F%2Fbioengineering.ch%2Fcomponents%2Fcip%2Fjet-clip%2F|title:PRODUCENT|target:_blank&#8221; align=&#8221;center&#8221;][\/vc_column][vc_column width=&#8221;1\/3&#8243;][\/vc_column][vc_column width=&#8221;1\/3&#8243;][\/vc_column][\/vc_row]<\/p>\n","protected":false},"excerpt":{"rendered":"Czysty. W przypadku strumieniowego zaworu CIP dysza czyszcz\u0105ca jest zainstalowana w pobli\u017cu dna zbiornika, kt\u00f3ra wychodzi w celu oczyszczenia zbiornika. Poniewa\u017c oferujemy r\u00f3\u017cne k\u0105ty natrysku dla ka\u017cdej konstrukcji kot\u0142a, czyszczenie zgodnie z przepisami cGMP jest gwarantowane nawet w przypadku trudnych zastosowa\u0144.","protected":false},"featured_media":19055,"template":"","meta":[],"product_cat":[793,803,805,797,806,937,871,895,800,855,798,936],"product_tag":[],"class_list":{"0":"post-19054","1":"product","2":"type-product","3":"status-publish","4":"has-post-thumbnail","6":"product_cat-bioprocesy","7":"product_cat-chemia","8":"product_cat-chemikalia-specjalistyczne","9":"product_cat-grupy","10":"product_cat-hydrometallurgy-pl","11":"product_cat-komponenty-10","12":"product_cat-komponenty","13":"product_cat-reaktory-i-akcesoria","14":"product_cat-rozwiazania","15":"product_cat-technologia-reakcji-3","16":"product_cat-wedlug-branz","17":"product_cat-zawor-cip","18":"pa_supplier-bioengineering-pl","20":"first","21":"instock","22":"shipping-taxable","23":"purchasable","24":"product-type-simple"},"_links":{"self":[{"href":"https:\/\/thurne.se\/pl\/wp-json\/wp\/v2\/product\/19054","targetHints":{"allow":["GET"]}}],"collection":[{"href":"https:\/\/thurne.se\/pl\/wp-json\/wp\/v2\/product"}],"about":[{"href":"https:\/\/thurne.se\/pl\/wp-json\/wp\/v2\/types\/product"}],"wp:featuredmedia":[{"embeddable":true,"href":"https:\/\/thurne.se\/pl\/wp-json\/wp\/v2\/media\/19055"}],"wp:attachment":[{"href":"https:\/\/thurne.se\/pl\/wp-json\/wp\/v2\/media?parent=19054"}],"wp:term":[{"taxonomy":"product_cat","embeddable":true,"href":"https:\/\/thurne.se\/pl\/wp-json\/wp\/v2\/product_cat?post=19054"},{"taxonomy":"product_tag","embeddable":true,"href":"https:\/\/thurne.se\/pl\/wp-json\/wp\/v2\/product_tag?post=19054"}],"curies":[{"name":"wp","href":"https:\/\/api.w.org\/{rel}","templated":true}]}}