{"id":19051,"date":"2021-11-03T18:59:58","date_gmt":"2021-11-03T17:59:58","guid":{"rendered":"https:\/\/thurne.se\/product\/wet-mixer\/"},"modified":"2025-05-28T14:10:42","modified_gmt":"2025-05-28T12:10:42","slug":"mokry-mikser","status":"publish","type":"product","link":"https:\/\/thurne.se\/pl\/produkt\/mokry-mikser\/","title":{"rendered":"Mokry mikser"},"content":{"rendered":"<p>[vc_row][vc_column][vc_column_text]Zakres zastosowa\u0144 obejmuje wszystko, od przetwarzania lepkich komponent\u00f3w po produkty o konsystencji pasty o s\u0142abej p\u0142ynno\u015bci. Spektrum zastosowa\u0144 w przemy\u015ble spo\u017cywczym jest wyj\u0105tkowo szerokie, istniej\u0105 tak\u017ce r\u00f3\u017cnorodne zastosowania w przemy\u015ble farmaceutycznym.<\/p>\n<p>Sto\u017ckowy kszta\u0142t umo\u017cliwia dok\u0142adne opr\u00f3\u017cnianie bez pozosta\u0142o\u015bci. System mieszania na mokro to pionowy system mieszania. Geometria sto\u017ckowego lub cylindrycznego naczynia mieszaj\u0105cego, rozmieszczenie i kszta\u0142t narz\u0119dzi oraz ich pr\u0119dko\u015b\u0107 obwodowa s\u0105 do siebie dopasowane we wszystkich rozmiarach, co skutkuje efektywnym wymieszaniem wszystkich sk\u0142adnik\u00f3w. W zale\u017cno\u015bci od zada\u0144 in\u017cynierii procesowej poszczeg\u00f3lne narz\u0119dzia mieszaj\u0105ce \u0142\u0105czone s\u0105 w jedno narz\u0119dzie zar\u00f3wno do transportu materia\u0142u, jak i do proces\u00f3w dyspersji i dezaglomeracji. Wysoko\u015b\u0107 monta\u017cu w naczyniu mo\u017cna regulowa\u0107 w szerokim zakresie.[\/vc_column_text][\/vc_column][\/vc_row][vc_row][vc_column][vc_column_text]Broszura:[\/vc_column_text][\/vc_column][vc_column width=&#8221;1\/3&#8243;][tm_button size=&#8221;lg&#8221; button=&#8221;url:%2Fwp-content%2Fuploads%2F2021%2F10%2FNOHK_Food_Wet_Mixer-201403.pdf|title:BROSZURA|target:_blank&#8221; align=&#8221;center&#8221;][\/vc_column][vc_column width=&#8221;1\/3&#8243;][\/vc_column][vc_column width=&#8221;1\/3&#8243;][\/vc_column][\/vc_row]<\/p>\n","protected":false},"excerpt":{"rendered":"\u2013 Wysoka jako\u015b\u0107 mieszania nawet w przypadku produkt\u00f3w krytycznych.\r\n\u2013 Zastosowanie du\u017cych si\u0142 \u015bcinaj\u0105cych.\r\n\u2013 \u0141atwa obs\u0142uga i czyszczenie.\r\n\u2013 Niezawodna i sprawdzona koncepcja mieszalnika.","protected":false},"featured_media":19052,"template":"","meta":[],"product_cat":[803,805,818,797,806,849,808,800,820,798,832],"product_tag":[],"class_list":{"0":"post-19051","1":"product","2":"type-product","3":"status-publish","4":"has-post-thumbnail","6":"product_cat-chemia","7":"product_cat-chemikalia-specjalistyczne","8":"product_cat-farmacja","9":"product_cat-grupy","10":"product_cat-hydrometallurgy-pl","11":"product_cat-mikser","12":"product_cat-rafinerie-i-przemysl-polimerowy","13":"product_cat-rozwiazania","14":"product_cat-sprzet-do-obslugi-proszku","15":"product_cat-wedlug-branz","16":"product_cat-zywnosc-i-napoje","17":"pa_supplier-lodige-pl","19":"first","20":"instock","21":"shipping-taxable","22":"purchasable","23":"product-type-simple"},"_links":{"self":[{"href":"https:\/\/thurne.se\/pl\/wp-json\/wp\/v2\/product\/19051","targetHints":{"allow":["GET"]}}],"collection":[{"href":"https:\/\/thurne.se\/pl\/wp-json\/wp\/v2\/product"}],"about":[{"href":"https:\/\/thurne.se\/pl\/wp-json\/wp\/v2\/types\/product"}],"wp:featuredmedia":[{"embeddable":true,"href":"https:\/\/thurne.se\/pl\/wp-json\/wp\/v2\/media\/19052"}],"wp:attachment":[{"href":"https:\/\/thurne.se\/pl\/wp-json\/wp\/v2\/media?parent=19051"}],"wp:term":[{"taxonomy":"product_cat","embeddable":true,"href":"https:\/\/thurne.se\/pl\/wp-json\/wp\/v2\/product_cat?post=19051"},{"taxonomy":"product_tag","embeddable":true,"href":"https:\/\/thurne.se\/pl\/wp-json\/wp\/v2\/product_tag?post=19051"}],"curies":[{"name":"wp","href":"https:\/\/api.w.org\/{rel}","templated":true}]}}