{"id":19039,"date":"2021-11-03T18:59:56","date_gmt":"2021-11-03T17:59:56","guid":{"rendered":"https:\/\/thurne.se\/product\/vacuum-shovel-dryer\/"},"modified":"2025-05-28T13:45:10","modified_gmt":"2025-05-28T11:45:10","slug":"suszarka-prozniowa-lopatowa","status":"publish","type":"product","link":"https:\/\/thurne.se\/pl\/produkt\/suszarka-prozniowa-lopatowa\/","title":{"rendered":"Suszarka pr\u00f3\u017cniowa \u0142opatowa"},"content":{"rendered":"<p>[vc_row][vc_column][vc_column_text]Szybkoobrotowy mieszalnik\/granulator stanowi rozwini\u0119cie mieszalnika grzewczego zgodnego z GMP. Granulator wysokoobrotowy, dzia\u0142aj\u0105cy na zasadzie mieszalnika ciernego, szczeg\u00f3lnie nadaje si\u0119 do proces\u00f3w granulacji wywo\u0142anych topnieniem spoiw, obr\u00f3bki farmaceutycznych zwi\u0105zk\u00f3w PVC i wielu innych zastosowa\u0144 farmaceutycznych oraz spo\u017cywczych. Granulator wysokoobrotowy mo\u017ce pracowa\u0107 zar\u00f3wno jako pojedyncza jednostka, jak i w po\u0142\u0105czeniu z mieszalnikiem ch\u0142odz\u0105cym.<\/p>\n<p>Geometrycznie zaprojektowane narz\u0119dzie do szybkiego mieszania przyspiesza produkt zar\u00f3wno promieniowo, dzi\u0119ki czemu jest on wypychany na zewn\u0105trz, jak i ruchem spiralnym do g\u00f3ry, tworz\u0105c wyra\u017any wirowy kszta\u0142t. Po\u0142\u0105czenie tego tr\u00f3jwymiarowego ruchu produktu z intensywnym tarciem zapewnia systematyczne i r\u00f3wnomierne ogrzewanie ca\u0142ej partii, umo\u017cliwiaj\u0105c procesy granulacji indukowane topnieniem spoiw jako dodatek do innych procedur.<\/p>\n<p>Dost\u0119pne narz\u0119dzia mieszaj\u0105ce to okr\u0105g\u0142y wirnik g\u00f3rny lub narz\u0119dzie \u0142opatkowe, kt\u00f3re mo\u017cna wybra\u0107 w zale\u017cno\u015bci od procesu i produkt\u00f3w. W celu delikatnego sch\u0142odzenia podgrzanej mieszanki do wymaganej temperatury ko\u0144cowej mo\u017cna zastosowa\u0107 dodatkowe pionowe i poziome mieszalniki ch\u0142odz\u0105ce. Ponadto istnieje mo\u017cliwo\u015b\u0107 po\u0142\u0105czenia kilku przygotowanych produkt\u00f3w z LMG w jedn\u0105 porcj\u0119 w mieszalniku ch\u0142odz\u0105cym. Mieszalnik grzewczo-ch\u0142odz\u0105cy jest zawsze projektowany pod k\u0105tem konkretnego zastosowania w oparciu o wymagane parametry procesu.<\/p>\n<p>Granulator wysokoobrotowy zosta\u0142 zaprojektowany zgodnie z GMP i sk\u0142ada si\u0119 w ca\u0142o\u015bci ze stali nierdzewnej, zar\u00f3wno jako pojedyncza jednostka, jak i w po\u0142\u0105czeniu z mieszalnikiem ch\u0142odz\u0105cym. Istnieje mo\u017cliwo\u015b\u0107 czarno-bia\u0142ego podzia\u0142u linii maszyn. Opcjonalnie dost\u0119pny jest system sterowania odpowiedni do zastosowa\u0144 farmaceutycznych, system czyszczenia CIP i dokumentacja kwalifikacyjna. Dodatkowe konstrukcje specjalne mog\u0105 by\u0107 realizowane zgodnie z ustaleniami.[\/vc_column_text][\/vc_column][\/vc_row][vc_row][vc_column][vc_column_text]<\/p>\n<h4>Broszura:<\/h4>\n<p>[\/vc_column_text][\/vc_column][vc_column width=&#8221;1\/3&#8243;][tm_button size=&#8221;lg&#8221; button=&#8221;url:%2Fwp-content%2Fuploads%2F2021%2F10%2FVT_DRUVATHERM_Vacuum_Shovel_Dryer-201205.pdf|title:BROSZURA|target:_blank&#8221; align=&#8221;center&#8221;][\/vc_column][vc_column width=&#8221;1\/3&#8243;][\/vc_column][vc_column width=&#8221;1\/3&#8243;][\/vc_column][\/vc_row][vc_column][\/vc_column]<\/p>\n","protected":false},"excerpt":{"rendered":"\u2013 Intensywne mieszanie zapobiega gradientom temperatury i wilgoci w produkcie.\r\n\u2013 Maksymalne wsp\u00f3\u0142czynniki przenikania ciep\u0142a zapewniaj\u0105 doskona\u0142\u0105 wydajno\u015b\u0107 suszarki.\r\n\u2013 Delikatna obr\u00f3bka termiczna produktu w trybie pr\u00f3\u017cniowym.\r\n\u2013 Proces wielofazowy (mieszanie, granulacja, suszenie, ch\u0142odzenie).\r\n\u2013 Ekonomiczny odzysk rozpuszczalnika.","protected":false},"featured_media":19040,"template":"","meta":[],"product_cat":[803,805,818,797,806,853,852,808,800,820,859,860,861,931,858,932,847,854,855,798,832],"product_tag":[],"class_list":{"0":"post-19039","1":"product","2":"type-product","3":"status-publish","4":"has-post-thumbnail","6":"product_cat-chemia","7":"product_cat-chemikalia-specjalistyczne","8":"product_cat-farmacja","9":"product_cat-grupy","10":"product_cat-hydrometallurgy-pl","11":"product_cat-mieszanie-proszkow","12":"product_cat-mikser-2","13":"product_cat-rafinerie-i-przemysl-polimerowy","14":"product_cat-rozwiazania","15":"product_cat-sprzet-do-obslugi-proszku","16":"product_cat-suszarka-3","17":"product_cat-suszarka-2","18":"product_cat-suszarka-4","19":"product_cat-suszarka","20":"product_cat-suszarka-5","21":"product_cat-suszarka-prozniowa","22":"product_cat-suszenie-2","23":"product_cat-systemy-procesowe-3","24":"product_cat-technologia-reakcji-3","25":"product_cat-wedlug-branz","26":"product_cat-zywnosc-i-napoje","27":"pa_supplier-lodige-pl","29":"first","30":"instock","31":"shipping-taxable","32":"purchasable","33":"product-type-simple"},"_links":{"self":[{"href":"https:\/\/thurne.se\/pl\/wp-json\/wp\/v2\/product\/19039","targetHints":{"allow":["GET"]}}],"collection":[{"href":"https:\/\/thurne.se\/pl\/wp-json\/wp\/v2\/product"}],"about":[{"href":"https:\/\/thurne.se\/pl\/wp-json\/wp\/v2\/types\/product"}],"wp:featuredmedia":[{"embeddable":true,"href":"https:\/\/thurne.se\/pl\/wp-json\/wp\/v2\/media\/19040"}],"wp:attachment":[{"href":"https:\/\/thurne.se\/pl\/wp-json\/wp\/v2\/media?parent=19039"}],"wp:term":[{"taxonomy":"product_cat","embeddable":true,"href":"https:\/\/thurne.se\/pl\/wp-json\/wp\/v2\/product_cat?post=19039"},{"taxonomy":"product_tag","embeddable":true,"href":"https:\/\/thurne.se\/pl\/wp-json\/wp\/v2\/product_tag?post=19039"}],"curies":[{"name":"wp","href":"https:\/\/api.w.org\/{rel}","templated":true}]}}