{"id":19032,"date":"2021-11-03T18:59:56","date_gmt":"2021-11-03T17:59:56","guid":{"rendered":"https:\/\/thurne.se\/product\/welded-plate-heat-exchanger-heatex-hxc-ff\/"},"modified":"2025-05-28T13:25:04","modified_gmt":"2025-05-28T11:25:04","slug":"spawany-plytowy-wymiennik-ciepla-heatex-hxc-ff","status":"publish","type":"product","link":"https:\/\/thurne.se\/pl\/produkt\/spawany-plytowy-wymiennik-ciepla-heatex-hxc-ff\/","title":{"rendered":"Spawany p\u0142ytowy wymiennik ciep\u0142a (Heatex HXC, FF)"},"content":{"rendered":"<p>[vc_row][vc_column][vc_column_text]Aby zachowa\u0107 najlepsz\u0105 mo\u017cliw\u0105 wydajno\u015b\u0107 tematyczn\u0105 i jednocze\u015bnie umo\u017cliwi\u0107 zanieczyszczanie medi\u00f3w po jednej stronie, HEATEX\u00ae HXC-FF mo\u017ce mie\u0107 odleg\u0142o\u015b\u0107 do 25 mm pomi\u0119dzy dwoma pakietami p\u0142yt.[\/vc_column_text][\/vc_column][\/vc_row][vc_row lg_spacing=&#8221;padding_top:30&#8243;][vc_column][vc_column_text]<\/p>\n<h4>Broszura:<\/h4>\n<p>[\/vc_column_text][\/vc_column][vc_column width=&#8221;1\/3&#8243;][tm_button size=&#8221;lg&#8221; button=&#8221;url:%2Fwp-content%2Fuploads%2F2021%2F10%2F2-HEATEX-EXCHANGER.pdf|title:BROSZURA|target:_blank&#8221; align=&#8221;center&#8221;][\/vc_column][vc_column width=&#8221;1\/3&#8243;][\/vc_column][vc_column width=&#8221;1\/3&#8243;][\/vc_column][\/vc_row][vc_row lg_spacing=&#8221;padding_top:30&#8243;][vc_column][vc_column_text]<\/p>\n<h4>Wi\u0119cej informacji na stronie producenta:<\/h4>\n<p>[\/vc_column_text][\/vc_column][vc_column width=&#8221;1\/3&#8243;][tm_button size=&#8221;lg&#8221; button=&#8221;url:http%3A%2F%2Fkapp-process.com%2F%3Fpage_id%3D2008|title:PRODUCENT|target:_blank&#8221; align=&#8221;center&#8221;][\/vc_column][vc_column width=&#8221;1\/3&#8243;][\/vc_column][vc_column width=&#8221;1\/3&#8243;][\/vc_column][\/vc_row]<\/p>\n","protected":false},"excerpt":{"rendered":"HEATEX\u00ae HXC-FF to w pe\u0142ni spawane, p\u0142ytowe wymienniki ciep\u0142a z blachy falistej w ramie sze\u015bciennej.","protected":false},"featured_media":19033,"template":"","meta":[],"product_cat":[793,803,805,907,797,806,906,925,808,800,926,927,836,798,832],"product_tag":[],"class_list":{"0":"post-19032","1":"product","2":"type-product","3":"status-publish","4":"has-post-thumbnail","6":"product_cat-bioprocesy","7":"product_cat-chemia","8":"product_cat-chemikalia-specjalistyczne","9":"product_cat-chlodzenie-i-ogrzewanie","10":"product_cat-grupy","11":"product_cat-hydrometallurgy-pl","12":"product_cat-kondensacja","13":"product_cat-plyta-spawana-he","14":"product_cat-rafinerie-i-przemysl-polimerowy","15":"product_cat-rozwiazania","16":"product_cat-spawany-plytowy-wymiennik-ciepla","17":"product_cat-spawany-plytowy-wymiennik-ciepla-2","18":"product_cat-sprzet-do-wymiany-ciepla","19":"product_cat-wedlug-branz","20":"product_cat-zywnosc-i-napoje","21":"pa_supplier-kapp-pl","23":"first","24":"instock","25":"shipping-taxable","26":"purchasable","27":"product-type-simple"},"_links":{"self":[{"href":"https:\/\/thurne.se\/pl\/wp-json\/wp\/v2\/product\/19032","targetHints":{"allow":["GET"]}}],"collection":[{"href":"https:\/\/thurne.se\/pl\/wp-json\/wp\/v2\/product"}],"about":[{"href":"https:\/\/thurne.se\/pl\/wp-json\/wp\/v2\/types\/product"}],"wp:featuredmedia":[{"embeddable":true,"href":"https:\/\/thurne.se\/pl\/wp-json\/wp\/v2\/media\/19033"}],"wp:attachment":[{"href":"https:\/\/thurne.se\/pl\/wp-json\/wp\/v2\/media?parent=19032"}],"wp:term":[{"taxonomy":"product_cat","embeddable":true,"href":"https:\/\/thurne.se\/pl\/wp-json\/wp\/v2\/product_cat?post=19032"},{"taxonomy":"product_tag","embeddable":true,"href":"https:\/\/thurne.se\/pl\/wp-json\/wp\/v2\/product_tag?post=19032"}],"curies":[{"name":"wp","href":"https:\/\/api.w.org\/{rel}","templated":true}]}}