{"id":19026,"date":"2021-11-03T18:59:54","date_gmt":"2021-11-03T17:59:54","guid":{"rendered":"https:\/\/thurne.se\/product\/twin-screw-feeder\/"},"modified":"2025-05-28T12:51:09","modified_gmt":"2025-05-28T10:51:09","slug":"podajnik-dwuslimakowy","status":"publish","type":"product","link":"https:\/\/thurne.se\/pl\/produkt\/podajnik-dwuslimakowy\/","title":{"rendered":"Podajnik dwu\u015blimakowy"},"content":{"rendered":"<p>[vc_row][vc_column][vc_column_text]Korzy\u015bci i funkcje:<br \/>\n\u2013 Konfiguracje obj\u0119to\u015bciowe i wagowe;<br \/>\n\u2013 Dost\u0119pny szeroki wyb\u00f3r rozmiar\u00f3w i konfiguracji;<br \/>\n\u2013 Konstrukcja modu\u0142owa;<br \/>\n\u2013 Najnowocze\u015bniejsza technologia wa\u017cenia SFT;<br \/>\n\u2013 Najnowocze\u015bniejsze sterowanie.[\/vc_column_text][\/vc_column][\/vc_row][vc_row][vc_column][vc_column_text]<\/p>\n<h4>Wi\u0119cej informacji na stronie producenta:<\/h4>\n<p>[\/vc_column_text][\/vc_column][vc_column width=&#8221;1\/3&#8243;][tm_button size=&#8221;lg&#8221; button=&#8221;url:http%3A%2F%2Fwww.coperion.com%2Fen%2Fproducts-services%2Fprocess-equipment%2Ffeeders%2Ftwin-screw-feeders|title:PRODUCENT|target:_blank&#8221; align=&#8221;center&#8221;][\/vc_column][vc_column width=&#8221;1\/3&#8243;][\/vc_column][vc_column width=&#8221;1\/3&#8243;][\/vc_column][\/vc_row]<\/p>\n","protected":false},"excerpt":{"rendered":"Podajniki dwu\u015blimakowe mo\u017cna stosowa\u0107 do podawania sypkich proszk\u00f3w i drobnych granulat\u00f3w, ale idealnie nadaj\u0105 si\u0119 do podawania trudnych materia\u0142\u00f3w, takich jak pigmenty, proszki lepkie, tworz\u0105ce mostki lub zalewy, w\u0142\u00f3kna i w\u0142\u00f3kno szklane.","protected":false},"featured_media":19027,"template":"","meta":[],"product_cat":[803,805,818,924,797,806,819,808,800,810,902,899,798],"product_tag":[],"class_list":{"0":"post-19026","1":"product","2":"type-product","3":"status-publish","4":"has-post-thumbnail","6":"product_cat-chemia","7":"product_cat-chemikalia-specjalistyczne","8":"product_cat-farmacja","9":"product_cat-feeder-pl","10":"product_cat-grupy","11":"product_cat-hydrometallurgy-pl","12":"product_cat-obsluga-proszku-2","13":"product_cat-rafinerie-i-przemysl-polimerowy","14":"product_cat-rozwiazania","15":"product_cat-rozwiazania-w-zakresie-transportu-materialow-sypkich","16":"product_cat-sprzet-do-transferu-proszku","17":"product_cat-szczelne-przetwarzanie-produktu","18":"product_cat-wedlug-branz","19":"pa_supplier-coperionktron-pl","21":"first","22":"instock","23":"shipping-taxable","24":"purchasable","25":"product-type-simple"},"_links":{"self":[{"href":"https:\/\/thurne.se\/pl\/wp-json\/wp\/v2\/product\/19026","targetHints":{"allow":["GET"]}}],"collection":[{"href":"https:\/\/thurne.se\/pl\/wp-json\/wp\/v2\/product"}],"about":[{"href":"https:\/\/thurne.se\/pl\/wp-json\/wp\/v2\/types\/product"}],"wp:featuredmedia":[{"embeddable":true,"href":"https:\/\/thurne.se\/pl\/wp-json\/wp\/v2\/media\/19027"}],"wp:attachment":[{"href":"https:\/\/thurne.se\/pl\/wp-json\/wp\/v2\/media?parent=19026"}],"wp:term":[{"taxonomy":"product_cat","embeddable":true,"href":"https:\/\/thurne.se\/pl\/wp-json\/wp\/v2\/product_cat?post=19026"},{"taxonomy":"product_tag","embeddable":true,"href":"https:\/\/thurne.se\/pl\/wp-json\/wp\/v2\/product_tag?post=19026"}],"curies":[{"name":"wp","href":"https:\/\/api.w.org\/{rel}","templated":true}]}}