{"id":19022,"date":"2021-11-03T18:59:54","date_gmt":"2021-11-03T17:59:54","guid":{"rendered":"https:\/\/thurne.se\/product\/tantalum-shell-tube-heat-exchanger\/"},"modified":"2025-05-28T12:43:44","modified_gmt":"2025-05-28T10:43:44","slug":"wymiennik-ciepla-rurowo-plaszczowy-z-tantalu","status":"publish","type":"product","link":"https:\/\/thurne.se\/pl\/produkt\/wymiennik-ciepla-rurowo-plaszczowy-z-tantalu\/","title":{"rendered":"Wymiennik ciep\u0142a rurowo-p\u0142aszczowy z tantalu"},"content":{"rendered":"<p>[vc_row][vc_column][vc_column_text]W ofercie firmy Mersen znajduj\u0105 si\u0119 grzejniki bagnetowe, wymienniki ciep\u0142a rurowo-p\u0142aszczowe, wymienniki ciep\u0142a w kszta\u0142cie litery U, tantalowe w\u0119\u017cownice grzewcze do kolumn i inne.[\/vc_column_text][\/vc_column][\/vc_row][vc_row lg_spacing=&#8221;padding_top:30&#8243;][vc_column][vc_column_text]<\/p>\n<h4>Broszura:<\/h4>\n<p>[\/vc_column_text][\/vc_column][vc_column width=&#8221;1\/3&#8243;][tm_button size=&#8221;lg&#8221; button=&#8221;url:%2Fwp-content%2Fuploads%2F2021%2F10%2Face-corrosion-resistant-heat-exchangers-mersen-1.pdf|title:BROSZURA|target:_blank&#8221; align=&#8221;center&#8221;][\/vc_column][vc_column width=&#8221;1\/3&#8243;][\/vc_column][vc_column width=&#8221;1\/3&#8243;][\/vc_column][\/vc_row][vc_row lg_spacing=&#8221;padding_top:30&#8243;][vc_column][vc_column_text]<\/p>\n<h4>Wi\u0119cej informacji na stronie producenta:<\/h4>\n<p>[\/vc_column_text][\/vc_column][vc_column width=&#8221;1\/3&#8243;][tm_button size=&#8221;lg&#8221; button=&#8221;url:http%3A%2F%2Fwww.mersen.com%2Fproducts%2Fanticorrosion-equipment%2Fheat-exchanger-manufacturer%2Ftantalum-heat-exchangers|title:PRODUCENT|target:_blank&#8221; align=&#8221;center&#8221;][\/vc_column][vc_column width=&#8221;1\/3&#8243;][\/vc_column][vc_column width=&#8221;1\/3&#8243;][\/vc_column][\/vc_row]<\/p>\n","protected":false},"excerpt":{"rendered":"Wieloletnie do\u015bwiadczenie firmy Mersen w projektowaniu i produkcji urz\u0105dze\u0144 tantalowych, a tak\u017ce mi\u0119dzynarodowa polityka pozyskiwania materia\u0142\u00f3w pozwalaj\u0105 dostarcza\u0107 wysokiej jako\u015bci i ekonomiczne rozwi\u0105zania.","protected":false},"featured_media":19023,"template":"","meta":[],"product_cat":[803,805,907,797,806,906,808,800,836,923,798,922,921],"product_tag":[],"class_list":{"0":"post-19022","1":"product","2":"type-product","3":"status-publish","4":"has-post-thumbnail","6":"product_cat-chemia","7":"product_cat-chemikalia-specjalistyczne","8":"product_cat-chlodzenie-i-ogrzewanie","9":"product_cat-grupy","10":"product_cat-hydrometallurgy-pl","11":"product_cat-kondensacja","12":"product_cat-rafinerie-i-przemysl-polimerowy","13":"product_cat-rozwiazania","14":"product_cat-sprzet-do-wymiany-ciepla","15":"product_cat-tantalowy-wymiennik-ciepla","16":"product_cat-wedlug-branz","17":"product_cat-wymiennik-ciepla-do-mediow-korozyjnych","18":"product_cat-wymiennik-ciepla-do-mediow-korozyjnych-2","19":"pa_supplier-mersen-pl","21":"first","22":"instock","23":"shipping-taxable","24":"purchasable","25":"product-type-simple"},"_links":{"self":[{"href":"https:\/\/thurne.se\/pl\/wp-json\/wp\/v2\/product\/19022","targetHints":{"allow":["GET"]}}],"collection":[{"href":"https:\/\/thurne.se\/pl\/wp-json\/wp\/v2\/product"}],"about":[{"href":"https:\/\/thurne.se\/pl\/wp-json\/wp\/v2\/types\/product"}],"wp:featuredmedia":[{"embeddable":true,"href":"https:\/\/thurne.se\/pl\/wp-json\/wp\/v2\/media\/19023"}],"wp:attachment":[{"href":"https:\/\/thurne.se\/pl\/wp-json\/wp\/v2\/media?parent=19022"}],"wp:term":[{"taxonomy":"product_cat","embeddable":true,"href":"https:\/\/thurne.se\/pl\/wp-json\/wp\/v2\/product_cat?post=19022"},{"taxonomy":"product_tag","embeddable":true,"href":"https:\/\/thurne.se\/pl\/wp-json\/wp\/v2\/product_tag?post=19022"}],"curies":[{"name":"wp","href":"https:\/\/api.w.org\/{rel}","templated":true}]}}