{"id":19019,"date":"2021-11-03T18:59:54","date_gmt":"2021-11-03T17:59:54","guid":{"rendered":"https:\/\/thurne.se\/product\/surge-bin\/"},"modified":"2025-05-28T11:19:03","modified_gmt":"2025-05-28T09:19:03","slug":"pojemniki-wyrownawcze","status":"publish","type":"product","link":"https:\/\/thurne.se\/pl\/produkt\/pojemniki-wyrownawcze\/","title":{"rendered":"Pojemniki wyr\u00f3wnawcze"},"content":{"rendered":"<p>[vc_row][vc_column][vc_column_text]Najwa\u017cniejsze cechy:<br \/>\n\u2013 Szybko zwalniane paski mocuj\u0105ce na pokrywie;<br \/>\n\u2013 Standardowe wiercenie pokrywy, aby pasowa\u0142o do odbiornika Coperion K-Tron Series II 2400, z opcjonalnym wierceniem pokrywy, aby dopasowa\u0107 j\u0105 do Twojego zastosowania;<br \/>\n\u2013 Otw\u00f3r wentylacyjny z filtrem wewn\u0119trznym;<br \/>\n\u2013 60-stopniowy lej zasypowy ze szklanym wziernikiem i ko\u0142nierzem wylotowym, pasuj\u0105cym do 12-calowej kwadratowej skrzynki sondy Coperion K-Tron;<br \/>\n\u2013 Konstrukcja aluminiowa ze stalowymi nogami podporowymi.[\/vc_column_text][\/vc_column][\/vc_row][vc_row lg_spacing=&#8221;padding_top:30&#8243;][vc_column][vc_column_text]<\/p>\n<h4>Wi\u0119cej informacji na stronie producenta:<\/h4>\n<p>[\/vc_column_text][\/vc_column][vc_column width=&#8221;1\/3&#8243;][tm_button size=&#8221;lg&#8221; button=&#8221;url:http%3A%2F%2Fwww.coperion.com%2Fen%2Fproducts-services%2Fprocess-equipment%2Fhoppers-bins%2Fsurge-bins|title:PRODUCENT|target:_blank&#8221; align=&#8221;center&#8221;][\/vc_column][vc_column width=&#8221;1\/3&#8243;][\/vc_column][vc_column width=&#8221;1\/3&#8243;][\/vc_column][\/vc_row]<\/p>\n","protected":false},"excerpt":{"rendered":"Aluminiowe pojemniki wyr\u00f3wnawcze o pojemno\u015bciach roboczych od 425 do 2125 litr\u00f3w.","protected":false},"featured_media":19020,"template":"","meta":[],"product_cat":[920,803,805,818,797,806,819,808,800,810,902,899,798],"product_tag":[],"class_list":{"0":"post-19019","1":"product","2":"type-product","3":"status-publish","4":"has-post-thumbnail","6":"product_cat-blower-package-pl","7":"product_cat-chemia","8":"product_cat-chemikalia-specjalistyczne","9":"product_cat-farmacja","10":"product_cat-grupy","11":"product_cat-hydrometallurgy-pl","12":"product_cat-obsluga-proszku-2","13":"product_cat-rafinerie-i-przemysl-polimerowy","14":"product_cat-rozwiazania","15":"product_cat-rozwiazania-w-zakresie-transportu-materialow-sypkich","16":"product_cat-sprzet-do-transferu-proszku","17":"product_cat-szczelne-przetwarzanie-produktu","18":"product_cat-wedlug-branz","19":"pa_supplier-coperionktron-pl","21":"first","22":"instock","23":"shipping-taxable","24":"purchasable","25":"product-type-simple"},"_links":{"self":[{"href":"https:\/\/thurne.se\/pl\/wp-json\/wp\/v2\/product\/19019","targetHints":{"allow":["GET"]}}],"collection":[{"href":"https:\/\/thurne.se\/pl\/wp-json\/wp\/v2\/product"}],"about":[{"href":"https:\/\/thurne.se\/pl\/wp-json\/wp\/v2\/types\/product"}],"wp:featuredmedia":[{"embeddable":true,"href":"https:\/\/thurne.se\/pl\/wp-json\/wp\/v2\/media\/19020"}],"wp:attachment":[{"href":"https:\/\/thurne.se\/pl\/wp-json\/wp\/v2\/media?parent=19019"}],"wp:term":[{"taxonomy":"product_cat","embeddable":true,"href":"https:\/\/thurne.se\/pl\/wp-json\/wp\/v2\/product_cat?post=19019"},{"taxonomy":"product_tag","embeddable":true,"href":"https:\/\/thurne.se\/pl\/wp-json\/wp\/v2\/product_tag?post=19019"}],"curies":[{"name":"wp","href":"https:\/\/api.w.org\/{rel}","templated":true}]}}