{"id":19015,"date":"2021-11-03T18:59:52","date_gmt":"2021-11-03T17:59:52","guid":{"rendered":"https:\/\/thurne.se\/product\/single-use-isolator-lugaia\/"},"modified":"2025-05-28T11:13:11","modified_gmt":"2025-05-28T09:13:11","slug":"izolator-jednorazowego-uzytku-lugaia","status":"publish","type":"product","link":"https:\/\/thurne.se\/pl\/produkt\/izolator-jednorazowego-uzytku-lugaia\/","title":{"rendered":"Izolator jednorazowego u\u017cytku (Lugaia)"},"content":{"rendered":"<p>[vc_row][vc_column][vc_column_text]Izolatory s\u0105 projektowane, produkowane na zam\u00f3wienie i nadaj\u0105 si\u0119 do proces\u00f3w dozowania, pobierania pr\u00f3bek i podawania, a tak\u017ce do zastosowa\u0144 specjalnych. Materia\u0142 foliowy SafeFlex zapewnia bezpieczn\u0105 ochron\u0119 przy du\u017cej odporno\u015bci na rozdarcie i optymalnych w\u0142a\u015bciwo\u015bciach do r\u0119cznego przenoszenia za pomoc\u0105 narz\u0119dzi. Po zako\u0144czeniu procesu izolator jest zamykany i mo\u017cna go \u0142atwo zutylizowa\u0107. W ten spos\u00f3b wysi\u0142ek zwi\u0105zany z czyszczeniem i walidacj\u0105 zostaje zminimalizowany[\/vc_column_text][\/vc_column][\/vc_row][vc_row][vc_column][vc_video link=&#8221;https:\/\/www.youtube.com\/watch?v=zEWyKLsWiiQ&#8221; el_width=&#8221;60&#8243; align=&#8221;center&#8221;][\/vc_column][\/vc_row][vc_row][vc_column][vc_column_text]<\/p>\n<h4>Broszura:<\/h4>\n<p>[\/vc_column_text][\/vc_column][vc_column width=&#8221;1\/3&#8243;][tm_button size=&#8221;lg&#8221; button=&#8221;url:https%3A%2F%2Fthurne.se%2Fwp-content%2Fuploads%2F2021%2F12%2FSafeFlexIsolator_8-Seiter_englisch_02.pdf|title:BROSZURA|target:_blank&#8221; align=&#8221;center&#8221;][\/vc_column][vc_column width=&#8221;1\/3&#8243;][\/vc_column][vc_column width=&#8221;1\/3&#8243;][\/vc_column][\/vc_row][vc_row][vc_column][vc_empty_space height=&#8221;30px&#8221;][vc_column_text]<\/p>\n<h4>Wi\u0119cej informacji na stronie producenta:<\/h4>\n<p>[\/vc_column_text][\/vc_column][vc_column width=&#8221;1\/3&#8243;][tm_button size=&#8221;lg&#8221; button=&#8221;url:https%3A%2F%2Fwww.lugaia.ch%2Fen%2Fproducts-solutions%2Fsafeflex-isolator-system%2Fthe-lugaia-safeflex-isolator-33|title:PRODUCENT|target:_blank&#8221; align=&#8221;center&#8221;][\/vc_column][vc_column width=&#8221;1\/3&#8243;][\/vc_column][vc_column width=&#8221;1\/3&#8243;][\/vc_column][\/vc_row]<\/p>\n","protected":false},"excerpt":{"rendered":"Elastyczne rozwi\u0105zanie dla zamkni\u0119tych proces\u00f3w. Podczas opracowywania izolatora SafeFlex priorytetem by\u0142y rozwi\u0105zania takie jak \u0142atwa obs\u0142uga, wysokie bezpiecze\u0144stwo pracy i uniwersalne zastosowanie.","protected":false},"featured_media":19016,"template":"","meta":[],"product_cat":[793,803,805,818,797,806,900,811,814,817,827,819,812,828,821,808,800,822,823,810,820,899,813,798,816],"product_tag":[],"class_list":{"0":"post-19015","1":"product","2":"type-product","3":"status-publish","4":"has-post-thumbnail","6":"product_cat-bioprocesy","7":"product_cat-chemia","8":"product_cat-chemikalia-specjalistyczne","9":"product_cat-farmacja","10":"product_cat-grupy","11":"product_cat-hydrometallurgy-pl","12":"product_cat-izolator","13":"product_cat-komponenty-9","14":"product_cat-ladowanie-reaktora-zamknietego","15":"product_cat-mieszanie-mielenie-i-przesiewanie","16":"product_cat-milling-and-sieving-pl","17":"product_cat-obsluga-proszku-2","18":"product_cat-ograniczona-obsluga-proszku","19":"product_cat-powder-mixing-and-scaling-pl","20":"product_cat-procesy-inzynieryjne-do-przetwarzania-proszkow","21":"product_cat-rafinerie-i-przemysl-polimerowy","22":"product_cat-rozwiazania","23":"product_cat-rozwiazania-do-transferu-proszku","24":"product_cat-rozwiazania-do-transferu-proszku-2","25":"product_cat-rozwiazania-w-zakresie-transportu-materialow-sypkich","26":"product_cat-sprzet-do-obslugi-proszku","27":"product_cat-szczelne-przetwarzanie-produktu","28":"product_cat-szczelne-przetwarzanie-produktu-2","29":"product_cat-wedlug-branz","30":"product_cat-wysokiej-klasy-system-dozowania","31":"pa_supplier-lugaia-pl","33":"first","34":"instock","35":"shipping-taxable","36":"purchasable","37":"product-type-simple"},"_links":{"self":[{"href":"https:\/\/thurne.se\/pl\/wp-json\/wp\/v2\/product\/19015","targetHints":{"allow":["GET"]}}],"collection":[{"href":"https:\/\/thurne.se\/pl\/wp-json\/wp\/v2\/product"}],"about":[{"href":"https:\/\/thurne.se\/pl\/wp-json\/wp\/v2\/types\/product"}],"wp:featuredmedia":[{"embeddable":true,"href":"https:\/\/thurne.se\/pl\/wp-json\/wp\/v2\/media\/19016"}],"wp:attachment":[{"href":"https:\/\/thurne.se\/pl\/wp-json\/wp\/v2\/media?parent=19015"}],"wp:term":[{"taxonomy":"product_cat","embeddable":true,"href":"https:\/\/thurne.se\/pl\/wp-json\/wp\/v2\/product_cat?post=19015"},{"taxonomy":"product_tag","embeddable":true,"href":"https:\/\/thurne.se\/pl\/wp-json\/wp\/v2\/product_tag?post=19015"}],"curies":[{"name":"wp","href":"https:\/\/api.w.org\/{rel}","templated":true}]}}