{"id":19012,"date":"2021-11-03T18:59:52","date_gmt":"2021-11-03T17:59:52","guid":{"rendered":"https:\/\/thurne.se\/product\/static-filter\/"},"modified":"2025-05-28T11:05:50","modified_gmt":"2025-05-28T09:05:50","slug":"filtr-statyczny","status":"publish","type":"product","link":"https:\/\/thurne.se\/pl\/produkt\/filtr-statyczny\/","title":{"rendered":"Filtr statyczny"},"content":{"rendered":"<p>[vc_row][vc_column][vc_column_text]Korzy\u015bci:<br \/>\n\u2013 Ochrona produkt\u00f3w i wyposa\u017cenia zak\u0142ad\u00f3w;<br \/>\n\u2013 Szeroka oferta, oparta na wieloletnim do\u015bwiadczeniu i r\u00f3\u017cnorodnych zastosowaniach w in\u017cynierii instalacji;<br \/>\n\u2013 Filtry mo\u017cna optymalizowa\u0107 do r\u00f3\u017cnych zastosowa\u0144;<br \/>\n\u2013 Proste rozwi\u0105zania zwi\u0119kszaj\u0105ce wydajno\u015b\u0107 instalacji.[\/vc_column_text][\/vc_column][\/vc_row][vc_row][vc_column][vc_column_text]<\/p>\n<h4>Wi\u0119cej informacji na stronie producenta:<\/h4>\n<p>[\/vc_column_text][\/vc_column][vc_column width=&#8221;1\/3&#8243;][tm_button size=&#8221;lg&#8221; button=&#8221;url:http%3A%2F%2Fwww.coperion.com%2Fen%2Fproducts-services%2Fprocess-equipment%2Ffilters-separators%2Fstatic-filters|title:PRODUCENT|target:_blank&#8221; align=&#8221;center&#8221;][\/vc_column][vc_column width=&#8221;1\/3&#8243;][\/vc_column][vc_column width=&#8221;1\/3&#8243;][\/vc_column][\/vc_row][vc_column][vc_separator color=&#8221;custom&#8221; style=&#8221;shadow&#8221; el_width=&#8221;80&#8243; accent_color=&#8221;#0066bf&#8221;][\/vc_column]<\/p>\n","protected":false},"excerpt":{"rendered":"Coperion i Coperion K-Tron oferuj\u0105 r\u00f3\u017cnorodne filtry statyczne, kt\u00f3re s\u0142u\u017c\u0105 do ochrony generator\u00f3w spr\u0119\u017conego powietrza po stronie ssawnej i\/lub ochrony dalszych element\u00f3w systemu w systemie transportu pneumatycznego.","protected":false},"featured_media":19013,"template":"","meta":[],"product_cat":[803,805,797,819,916,808,800,810,902,798],"product_tag":[],"class_list":{"0":"post-19012","1":"product","2":"type-product","3":"status-publish","4":"has-post-thumbnail","6":"product_cat-chemia","7":"product_cat-chemikalia-specjalistyczne","8":"product_cat-grupy","9":"product_cat-obsluga-proszku-2","10":"product_cat-powder-transfer-filter-pl","11":"product_cat-rafinerie-i-przemysl-polimerowy","12":"product_cat-rozwiazania","13":"product_cat-rozwiazania-w-zakresie-transportu-materialow-sypkich","14":"product_cat-sprzet-do-transferu-proszku","15":"product_cat-wedlug-branz","16":"pa_supplier-coperion-pl","17":"pa_supplier-coperionktron-pl","19":"first","20":"instock","21":"shipping-taxable","22":"purchasable","23":"product-type-simple"},"_links":{"self":[{"href":"https:\/\/thurne.se\/pl\/wp-json\/wp\/v2\/product\/19012","targetHints":{"allow":["GET"]}}],"collection":[{"href":"https:\/\/thurne.se\/pl\/wp-json\/wp\/v2\/product"}],"about":[{"href":"https:\/\/thurne.se\/pl\/wp-json\/wp\/v2\/types\/product"}],"wp:featuredmedia":[{"embeddable":true,"href":"https:\/\/thurne.se\/pl\/wp-json\/wp\/v2\/media\/19013"}],"wp:attachment":[{"href":"https:\/\/thurne.se\/pl\/wp-json\/wp\/v2\/media?parent=19012"}],"wp:term":[{"taxonomy":"product_cat","embeddable":true,"href":"https:\/\/thurne.se\/pl\/wp-json\/wp\/v2\/product_cat?post=19012"},{"taxonomy":"product_tag","embeddable":true,"href":"https:\/\/thurne.se\/pl\/wp-json\/wp\/v2\/product_tag?post=19012"}],"curies":[{"name":"wp","href":"https:\/\/api.w.org\/{rel}","templated":true}]}}