{"id":19009,"date":"2021-11-03T18:59:52","date_gmt":"2021-11-03T17:59:52","guid":{"rendered":"https:\/\/thurne.se\/product\/sulphuric-acid-dilution-systems\/"},"modified":"2025-05-28T10:58:19","modified_gmt":"2025-05-28T08:58:19","slug":"systemy-rozcienczania-kwasu-siarkowego","status":"publish","type":"product","link":"https:\/\/thurne.se\/pl\/produkt\/systemy-rozcienczania-kwasu-siarkowego\/","title":{"rendered":"Systemy rozcie\u0144czania kwasu siarkowego"},"content":{"rendered":"<p>[vc_row][vc_column][vc_column_text]Kwas rozcie\u0144czony wod\u0105 wytwarza znaczne ilo\u015bci ciep\u0142a. Gor\u0105ca mieszanina korozyjna przep\u0142ywa nast\u0119pnie przez odporny na korozj\u0119 wymiennik ciep\u0142a z grafitu impregnowanego GRAPHILOR.[\/vc_column_text][\/vc_column][\/vc_row][vc_row lg_spacing=&#8221;padding_top:30&#8243;][vc_column][vc_column_text]<\/p>\n<h4>Broszura:<\/h4>\n<p>[\/vc_column_text][\/vc_column][vc_column width=&#8221;1\/3&#8243;][tm_button size=&#8221;lg&#8221; button=&#8221;url:%2Fwp-content%2Fuploads%2F2021%2F10%2F3-ace-process-technologies-provider-mersen-1.pdf|title:BROSZURA|target:_blank&#8221; align=&#8221;center&#8221;][\/vc_column][vc_column width=&#8221;1\/3&#8243;][\/vc_column][vc_column width=&#8221;1\/3&#8243;][\/vc_column][\/vc_row][vc_row lg_spacing=&#8221;padding_top:30&#8243;][vc_column][vc_column_text]<\/p>\n<h4>Wi\u0119cej informacji na stronie producenta:<\/h4>\n<p>[\/vc_column_text][\/vc_column][vc_column width=&#8221;1\/3&#8243;][tm_button size=&#8221;lg&#8221; button=&#8221;url:http%3A%2F%2Fwww.mersen.com%2Fproducts%2Fanticorrosion-equipment%2Fprocess-technologies|title:PRODUCENT|target:_blank&#8221; align=&#8221;center&#8221;][\/vc_column][vc_column width=&#8221;1\/3&#8243;][\/vc_column][vc_column width=&#8221;1\/3&#8243;][\/vc_column][\/vc_row]<\/p>\n","protected":false},"excerpt":{"rendered":"Mersen projektuje i produkuje rozwi\u0105zaniana montowane na skidach do rozcie\u0144czania st\u0119\u017conych kwas\u00f3w, takich jak HCl, H2SO4, HF.","protected":false},"featured_media":19010,"template":"","meta":[],"product_cat":[803,797,806,914,800,915,854,876,798],"product_tag":[],"class_list":{"0":"post-19009","1":"product","2":"type-product","3":"status-publish","4":"has-post-thumbnail","6":"product_cat-chemia","7":"product_cat-grupy","8":"product_cat-hydrometallurgy-pl","9":"product_cat-instalacja-do-rozcienczania-kwasu","10":"product_cat-rozwiazania","11":"product_cat-sa-dillution-pl","12":"product_cat-systemy-procesowe-3","13":"product_cat-systemy-procesowe","14":"product_cat-wedlug-branz","15":"pa_supplier-mersen-pl","17":"first","18":"instock","19":"shipping-taxable","20":"purchasable","21":"product-type-simple"},"_links":{"self":[{"href":"https:\/\/thurne.se\/pl\/wp-json\/wp\/v2\/product\/19009","targetHints":{"allow":["GET"]}}],"collection":[{"href":"https:\/\/thurne.se\/pl\/wp-json\/wp\/v2\/product"}],"about":[{"href":"https:\/\/thurne.se\/pl\/wp-json\/wp\/v2\/types\/product"}],"wp:featuredmedia":[{"embeddable":true,"href":"https:\/\/thurne.se\/pl\/wp-json\/wp\/v2\/media\/19010"}],"wp:attachment":[{"href":"https:\/\/thurne.se\/pl\/wp-json\/wp\/v2\/media?parent=19009"}],"wp:term":[{"taxonomy":"product_cat","embeddable":true,"href":"https:\/\/thurne.se\/pl\/wp-json\/wp\/v2\/product_cat?post=19009"},{"taxonomy":"product_tag","embeddable":true,"href":"https:\/\/thurne.se\/pl\/wp-json\/wp\/v2\/product_tag?post=19009"}],"curies":[{"name":"wp","href":"https:\/\/api.w.org\/{rel}","templated":true}]}}