{"id":18998,"date":"2021-11-03T18:59:51","date_gmt":"2021-11-03T17:59:51","guid":{"rendered":"https:\/\/thurne.se\/product\/single-use-clamp\/"},"modified":"2025-05-28T10:18:20","modified_gmt":"2025-05-28T08:18:20","slug":"zacisk-jednorazowego-uzytku","status":"publish","type":"product","link":"https:\/\/thurne.se\/pl\/produkt\/zacisk-jednorazowego-uzytku\/","title":{"rendered":"Zacisk jednorazowego u\u017cytku"},"content":{"rendered":"<p>[vc_row][vc_column][vc_column_text]ACLAMP \u2013 Andocksysteme CLAMP to pionierskie osi\u0105gni\u0119cie w dziedzinie mocowania ko\u0142nierzy. To urz\u0105dzenie, sk\u0142adaj\u0105ce si\u0119 tylko z dw\u00f3ch cz\u0119\u015bci, zaciska tuleje o r\u00f3\u017cnych rozmiarach. Jest to pierwszy i jedyny &#8211; jednorazowy system na rynku. Wywodz\u0105cy si\u0119 z prostej, ale sprawdzonej zasady opaski kablowej, umo\u017cliwia bezpieczne i szybkie \u0142\u0105czenie r\u00f3\u017cnych ko\u0142nierzy i po\u0142\u0105cze\u0144. Operator mo\u017ce \u0142atwo dostosowa\u0107 imponuj\u0105c\u0105 innowacj\u0119 ACLAMP.<\/p>\n<p>Podstawowe zalety ACLAMP:<br \/>\n\u2013 Elastyczno\u015b\u0107 i zmienno\u015b\u0107<br \/>\n\u2013 Intuicyjna i wygodna obs\u0142uga<br \/>\n\u2013 Regulowana i powtarzalna si\u0142a mocowania<br \/>\n\u2013 Bezpieczne i nieroz\u0142\u0105czne po\u0142\u0105czenie<br \/>\n\u2013 Ekonomiczny system jednorazowego u\u017cytku Z\u0142\u0105cze ko\u0142nierzowe ACLAMP to jednorazowy system do bezpiecznego \u0142\u0105czenia ko\u0142nierzy Tri-Clamp o rozmiarach od 2\u2033 do 4\u2033 lub 6\u2033 do 10\u2033 zgodnie z BS 4825-3. System ACLAMP sk\u0142ada si\u0119 z dw\u00f3ch dopasowanych do siebie element\u00f3w, profilu zaciskowego i odpowiedniej opaski kablowej z p\u0142ask\u0105 g\u0142\u00f3wk\u0105.[\/vc_column_text][\/vc_column][\/vc_row][vc_row lg_spacing=&#8221;padding_top:30&#8243;][vc_column][vc_video link=&#8221;https:\/\/www.youtube.com\/watch?v=hLHnTTrwtoQ&#8221; el_width=&#8221;60&#8243; align=&#8221;center&#8221;][\/vc_column][\/vc_row][vc_row lg_spacing=&#8221;padding_top:30&#8243;][vc_column][vc_video link=&#8221;https:\/\/www.youtube.com\/watch?v=eKphfoy_pds&#8221; el_width=&#8221;60&#8243; align=&#8221;center&#8221;][\/vc_column][\/vc_row][vc_row lg_spacing=&#8221;padding_top:30&#8243;][vc_column][vc_column_text]<\/p>\n<h4>Broszura:<\/h4>\n<p>[\/vc_column_text][\/vc_column][vc_column width=&#8221;1\/3&#8243;][tm_button size=&#8221;lg&#8221; button=&#8221;url:%2Fwp-content%2Fuploads%2F2021%2F10%2FACLAMP_brochure_E.pdf|title:BROSZURA|target:_blank&#8221; align=&#8221;center&#8221;][\/vc_column][vc_column width=&#8221;1\/3&#8243;][\/vc_column][vc_column width=&#8221;1\/3&#8243;][\/vc_column][\/vc_row][vc_row lg_spacing=&#8221;padding_top:30&#8243;][vc_column][vc_column_text]<\/p>\n<h4>Wi\u0119cej informacji na stronie producenta:<\/h4>\n<p>[\/vc_column_text][\/vc_column][vc_column width=&#8221;1\/3&#8243;][tm_button size=&#8221;lg&#8221; button=&#8221;url:https%3A%2F%2Fandocksysteme.de%2Fen%2Fprodukte%2Faclamp%2F|title:PRODUCENT|target:_blank&#8221; align=&#8221;center&#8221;][\/vc_column][\/vc_row]<\/p>\n","protected":false},"excerpt":{"rendered":"Z\u0142\u0105cze ko\u0142nierzowe ACLAMP to jednorazowy system bezpiecznego \u0142\u0105czenia ko\u0142nierzy Tri-Clamp o rozmiarach od 2\u2033 do 4\u2033 lub 6\u2033 do 10\u2033 zgodnie z BS 4825-3. System ACLAMP sk\u0142ada si\u0119 z dw\u00f3ch dopasowanych do siebie element\u00f3w, profilu zaciskowego i odpowiedniej opaski kablowej z p\u0142ask\u0105 g\u0142\u00f3wk\u0105.","protected":false},"featured_media":18999,"template":"","meta":[],"product_cat":[793,803,805,818,797,806,871,904,811,814,817,827,819,812,828,821,808,800,822,823,810,820,815,813,798,816,880,832],"product_tag":[],"class_list":{"0":"post-18998","1":"product","2":"type-product","3":"status-publish","4":"has-post-thumbnail","6":"product_cat-bioprocesy","7":"product_cat-chemia","8":"product_cat-chemikalia-specjalistyczne","9":"product_cat-farmacja","10":"product_cat-grupy","11":"product_cat-hydrometallurgy-pl","12":"product_cat-komponenty","13":"product_cat-komponenty-2","14":"product_cat-komponenty-9","15":"product_cat-ladowanie-reaktora-zamknietego","16":"product_cat-mieszanie-mielenie-i-przesiewanie","17":"product_cat-milling-and-sieving-pl","18":"product_cat-obsluga-proszku-2","19":"product_cat-ograniczona-obsluga-proszku","20":"product_cat-powder-mixing-and-scaling-pl","21":"product_cat-procesy-inzynieryjne-do-przetwarzania-proszkow","22":"product_cat-rafinerie-i-przemysl-polimerowy","23":"product_cat-rozwiazania","24":"product_cat-rozwiazania-do-transferu-proszku","25":"product_cat-rozwiazania-do-transferu-proszku-2","26":"product_cat-rozwiazania-w-zakresie-transportu-materialow-sypkich","27":"product_cat-sprzet-do-obslugi-proszku","28":"product_cat-system-ograniczajacy","29":"product_cat-szczelne-przetwarzanie-produktu-2","30":"product_cat-wedlug-branz","31":"product_cat-wysokiej-klasy-system-dozowania","32":"product_cat-zawory-motylkowe-dzielone","33":"product_cat-zywnosc-i-napoje","34":"pa_supplier-andocksysteme-pl","36":"first","37":"instock","38":"shipping-taxable","39":"purchasable","40":"product-type-simple"},"_links":{"self":[{"href":"https:\/\/thurne.se\/pl\/wp-json\/wp\/v2\/product\/18998","targetHints":{"allow":["GET"]}}],"collection":[{"href":"https:\/\/thurne.se\/pl\/wp-json\/wp\/v2\/product"}],"about":[{"href":"https:\/\/thurne.se\/pl\/wp-json\/wp\/v2\/types\/product"}],"wp:featuredmedia":[{"embeddable":true,"href":"https:\/\/thurne.se\/pl\/wp-json\/wp\/v2\/media\/18999"}],"wp:attachment":[{"href":"https:\/\/thurne.se\/pl\/wp-json\/wp\/v2\/media?parent=18998"}],"wp:term":[{"taxonomy":"product_cat","embeddable":true,"href":"https:\/\/thurne.se\/pl\/wp-json\/wp\/v2\/product_cat?post=18998"},{"taxonomy":"product_tag","embeddable":true,"href":"https:\/\/thurne.se\/pl\/wp-json\/wp\/v2\/product_tag?post=18998"}],"curies":[{"name":"wp","href":"https:\/\/api.w.org\/{rel}","templated":true}]}}