{"id":18993,"date":"2021-11-03T18:59:44","date_gmt":"2021-11-03T17:59:44","guid":{"rendered":"https:\/\/thurne.se\/product\/safeflex-isolator\/"},"modified":"2025-05-27T16:49:28","modified_gmt":"2025-05-27T14:49:28","slug":"izolator-safeflex","status":"publish","type":"product","link":"https:\/\/thurne.se\/pl\/produkt\/izolator-safeflex\/","title":{"rendered":"Izolator SafeFlex"},"content":{"rendered":"<p>[vc_row][vc_column][vc_video link=&#8221;https:\/\/www.youtube.com\/watch?v=zEWyKLsWiiQ&#8221; el_width=&#8221;60&#8243; align=&#8221;center&#8221;][\/vc_column][\/vc_row][vc_row][vc_column][vc_column_text]<\/p>\n<h4>Broszura:<\/h4>\n<p>[\/vc_column_text][\/vc_column][vc_column width=&#8221;1\/3&#8243;][tm_button size=&#8221;lg&#8221; button=&#8221;url:https%3A%2F%2Fthurne.se%2Fwp-content%2Fuploads%2F2021%2F12%2FSafeFlexIsolator_8-Seiter_englisch_02.pdf|title:BROSZURA|target:_blank&#8221; align=&#8221;center&#8221;][\/vc_column][vc_column width=&#8221;1\/3&#8243;][\/vc_column][vc_column width=&#8221;1\/3&#8243;][\/vc_column][\/vc_row][vc_row][vc_column][vc_empty_space height=&#8221;30px&#8221;][vc_column_text]<\/p>\n<h4>Wi\u0119cej informacji na stronie producenta:<\/h4>\n<p>[\/vc_column_text][\/vc_column][vc_column width=&#8221;1\/3&#8243;][tm_button size=&#8221;lg&#8221; button=&#8221;url:https%3A%2F%2Fwww.lugaia.ch%2Fen%2Fproducts-solutions%2Fsafeflex-isolator-system%2Fthe-lugaia-safeflex-isolator-33|title:PRODUCENT|target:_blank&#8221; align=&#8221;center&#8221;][\/vc_column][vc_column width=&#8221;1\/3&#8243;][\/vc_column][vc_column width=&#8221;1\/3&#8243;][\/vc_column][\/vc_row]<\/p>\n","protected":false},"excerpt":{"rendered":"Elastyczne rozwi\u0105zanie dla zamkni\u0119tych proces\u00f3w. Podczas opracowywania izolatora SafeFlex priorytetem w rozwi\u0105zaniach Lugaia by\u0142a \u0142atwo\u015b\u0107 obs\u0142ugi, wysokie bezpiecze\u0144stwo pracy i uniwersalno\u015b\u0107 zastosowania. Izolatory s\u0105 projektowane, produkowane na zam\u00f3wienie i nadaj\u0105 si\u0119 do proces\u00f3w dozowania, pobierania pr\u00f3bek i podawania, a tak\u017ce do zastosowa\u0144 specjalnych. Materia\u0142 foliowy SafeFlex zapewnia bezpieczn\u0105 ochron\u0119 dzi\u0119ki wysokiej odporno\u015bci na rozdarcie i optymalnym w\u0142a\u015bciwo\u015bciom przy r\u0119cznym manipulowaniu narz\u0119dziami. Po zako\u0144czeniu procesu izolator jest zamykany i mo\u017cna go \u0142atwo zutylizowa\u0107. W ten spos\u00f3b wysi\u0142ek zwi\u0105zany z czyszczeniem i walidacj\u0105 zostaje zmniejszony wielokrotnie.","protected":false},"featured_media":18994,"template":"","meta":[],"product_cat":[793,803,805,818,797,806,900,901,814,817,827,819,812,828,821,808,800,822,823,810,820,902,899,813,798,816],"product_tag":[],"class_list":{"0":"post-18993","1":"product","2":"type-product","3":"status-publish","4":"has-post-thumbnail","6":"product_cat-bioprocesy","7":"product_cat-chemia","8":"product_cat-chemikalia-specjalistyczne","9":"product_cat-farmacja","10":"product_cat-grupy","11":"product_cat-hydrometallurgy-pl","12":"product_cat-izolator","13":"product_cat-izolator-2","14":"product_cat-ladowanie-reaktora-zamknietego","15":"product_cat-mieszanie-mielenie-i-przesiewanie","16":"product_cat-milling-and-sieving-pl","17":"product_cat-obsluga-proszku-2","18":"product_cat-ograniczona-obsluga-proszku","19":"product_cat-powder-mixing-and-scaling-pl","20":"product_cat-procesy-inzynieryjne-do-przetwarzania-proszkow","21":"product_cat-rafinerie-i-przemysl-polimerowy","22":"product_cat-rozwiazania","23":"product_cat-rozwiazania-do-transferu-proszku","24":"product_cat-rozwiazania-do-transferu-proszku-2","25":"product_cat-rozwiazania-w-zakresie-transportu-materialow-sypkich","26":"product_cat-sprzet-do-obslugi-proszku","27":"product_cat-sprzet-do-transferu-proszku","28":"product_cat-szczelne-przetwarzanie-produktu","29":"product_cat-szczelne-przetwarzanie-produktu-2","30":"product_cat-wedlug-branz","31":"product_cat-wysokiej-klasy-system-dozowania","32":"pa_supplier-lugaia-pl","34":"first","35":"instock","36":"shipping-taxable","37":"purchasable","38":"product-type-simple"},"_links":{"self":[{"href":"https:\/\/thurne.se\/pl\/wp-json\/wp\/v2\/product\/18993","targetHints":{"allow":["GET"]}}],"collection":[{"href":"https:\/\/thurne.se\/pl\/wp-json\/wp\/v2\/product"}],"about":[{"href":"https:\/\/thurne.se\/pl\/wp-json\/wp\/v2\/types\/product"}],"wp:featuredmedia":[{"embeddable":true,"href":"https:\/\/thurne.se\/pl\/wp-json\/wp\/v2\/media\/18994"}],"wp:attachment":[{"href":"https:\/\/thurne.se\/pl\/wp-json\/wp\/v2\/media?parent=18993"}],"wp:term":[{"taxonomy":"product_cat","embeddable":true,"href":"https:\/\/thurne.se\/pl\/wp-json\/wp\/v2\/product_cat?post=18993"},{"taxonomy":"product_tag","embeddable":true,"href":"https:\/\/thurne.se\/pl\/wp-json\/wp\/v2\/product_tag?post=18993"}],"curies":[{"name":"wp","href":"https:\/\/api.w.org\/{rel}","templated":true}]}}