{"id":18985,"date":"2021-11-03T18:59:44","date_gmt":"2021-11-03T17:59:44","guid":{"rendered":"https:\/\/thurne.se\/product\/safeseal-closure-system\/"},"modified":"2025-05-27T16:39:04","modified_gmt":"2025-05-27T14:39:04","slug":"system-zamykania-safeseal","status":"publish","type":"product","link":"https:\/\/thurne.se\/pl\/produkt\/system-zamykania-safeseal\/","title":{"rendered":"System zamykania Safeseal"},"content":{"rendered":"<p>[vc_row][vc_column][vc_column_text]Zestaw narz\u0119dzi SafeSeal<br \/>\nZestaw narz\u0119dzi SafeSeal to system zamykania, kt\u00f3ry charakteryzuje si\u0119 ergonomiczn\u0105 obs\u0142ug\u0105, wysokim bezpiecze\u0144stwem pracy, uniwersalnym zastosowaniem i jako\u015bci\u0105. Zestawy narz\u0119dzi SafeSeal s\u0105 dost\u0119pne w wersji standardowej oraz Premium INOX.<\/p>\n<p>Otwieracz SafeSeal<br \/>\nOtwieracz SafeSeal uzupe\u0142nia obs\u0142ug\u0119 tego systemu. Zamkni\u0119ty zacisk (zamkni\u0119cie) mo\u017cna ponownie otworzy\u0107 bez dodatkowego ci\u0119cia. Zamkni\u0119cie mo\u017cna bezpiecznie i \u0142atwo zdj\u0105\u0107. Otwieracz SafeSeal jest dost\u0119pny w 3 rozmiarach, pasuj\u0105cych do zamkni\u0119\u0107 SafeSeal.<\/p>\n<p>Zalety:<br \/>\n\u2013 \u0141atwa obs\u0142uga<br \/>\n\u2013 OEB Poziom 5 (gwarantowany)<br \/>\n\u2013 Wysokie bezpiecze\u0144stwo pracy<br \/>\n\u2013 Uniwersalne zastosowanie (3 rozmiary)<br \/>\n\u2013 Inexpensive<br \/>\n\u2013 \u0141atwe otwieranie SafeSeal za pomoc\u0105 specjalnego narz\u0119dzia (SafeSeal-Opener)[\/vc_column_text][\/vc_column][\/vc_row][vc_row lg_spacing=&#8221;padding_top:30&#8243;][vc_column][vc_column_text]<\/p>\n<h4>This video shows handling of the Lugaia SafeSeal Closure system.<\/h4>\n<p>[\/vc_column_text][\/vc_column][\/vc_row][vc_row][vc_column][vc_video link=&#8221;https:\/\/vimeo.com\/995810142&#8243; el_width=&#8221;60&#8243; align=&#8221;center&#8221;][\/vc_column][\/vc_row][vc_row][vc_column][vc_column_text]<\/p>\n<h4>Broszura:<\/h4>\n<p>[\/vc_column_text][\/vc_column][vc_column width=&#8221;1\/3&#8243;][tm_button size=&#8221;lg&#8221; button=&#8221;url:https%3A%2F%2Fthurne.se%2Fwp-content%2Fuploads%2F2021%2F12%2FSafeSeal_8-Seiter_englisch_02.pdf|title:BROSZURA|target:_blank&#8221; align=&#8221;center&#8221;][\/vc_column][vc_column width=&#8221;1\/3&#8243;][\/vc_column][vc_column width=&#8221;1\/3&#8243;][\/vc_column][\/vc_row][vc_row][vc_column][vc_empty_space height=&#8221;30px&#8221;][vc_column_text]<\/p>\n<h4>Wi\u0119cej informacji na stronie producenta:<\/h4>\n<p>[\/vc_column_text][\/vc_column][vc_column width=&#8221;1\/3&#8243;][tm_button size=&#8221;lg&#8221; button=&#8221;url:https%3A%2F%2Fwww.lugaia.ch%2Fen%2Fproducts-solutions%2Fsafeseal-closure-system|title:PRODUCENT|target:_blank&#8221; align=&#8221;center&#8221;][\/vc_column][vc_column width=&#8221;1\/3&#8243;][\/vc_column][vc_column width=&#8221;1\/3&#8243;][\/vc_column][\/vc_row]<\/p>\n","protected":false},"excerpt":{"rendered":"R\u0119czny system zamykania liner\u00f3w ci\u0105g\u0142ych (opatentowany). R\u0119czny system zamykania firmy Lugaia sk\u0142adaj\u0105cy si\u0119 z zacisku, narz\u0119dzia do zaciskania i ci\u0119cia, to niedrogie rozwi\u0105zanie do uszczelniania ci\u0105g\u0142ych wk\u0142adek. U\u017cytkownik zyskuje dzi\u0119ki niskim kosztom inwestycji i utrzymania. Zamkni\u0119cie SafeSeal gwarantuje warto\u015bci OEB-Level 5 w po\u0142\u0105czeniu z naszymi systemami ci\u0105g\u0142ej wyk\u0142adziny i dlatego jest jednym z najlepszych r\u0119cznych system\u00f3w zamykania.","protected":false},"featured_media":18986,"template":"","meta":[],"product_cat":[793,803,805,818,806,811,817,827,819,812,828,821,808,800,823,822,810,813,798,816,832],"product_tag":[],"class_list":{"0":"post-18985","1":"product","2":"type-product","3":"status-publish","4":"has-post-thumbnail","6":"product_cat-bioprocesy","7":"product_cat-chemia","8":"product_cat-chemikalia-specjalistyczne","9":"product_cat-farmacja","10":"product_cat-hydrometallurgy-pl","11":"product_cat-komponenty-9","12":"product_cat-mieszanie-mielenie-i-przesiewanie","13":"product_cat-milling-and-sieving-pl","14":"product_cat-obsluga-proszku-2","15":"product_cat-ograniczona-obsluga-proszku","16":"product_cat-powder-mixing-and-scaling-pl","17":"product_cat-procesy-inzynieryjne-do-przetwarzania-proszkow","18":"product_cat-rafinerie-i-przemysl-polimerowy","19":"product_cat-rozwiazania","20":"product_cat-rozwiazania-do-transferu-proszku-2","21":"product_cat-rozwiazania-do-transferu-proszku","22":"product_cat-rozwiazania-w-zakresie-transportu-materialow-sypkich","23":"product_cat-szczelne-przetwarzanie-produktu-2","24":"product_cat-wedlug-branz","25":"product_cat-wysokiej-klasy-system-dozowania","26":"product_cat-zywnosc-i-napoje","27":"pa_supplier-lugaia-pl","29":"first","30":"instock","31":"shipping-taxable","32":"purchasable","33":"product-type-simple"},"_links":{"self":[{"href":"https:\/\/thurne.se\/pl\/wp-json\/wp\/v2\/product\/18985","targetHints":{"allow":["GET"]}}],"collection":[{"href":"https:\/\/thurne.se\/pl\/wp-json\/wp\/v2\/product"}],"about":[{"href":"https:\/\/thurne.se\/pl\/wp-json\/wp\/v2\/types\/product"}],"wp:featuredmedia":[{"embeddable":true,"href":"https:\/\/thurne.se\/pl\/wp-json\/wp\/v2\/media\/18986"}],"wp:attachment":[{"href":"https:\/\/thurne.se\/pl\/wp-json\/wp\/v2\/media?parent=18985"}],"wp:term":[{"taxonomy":"product_cat","embeddable":true,"href":"https:\/\/thurne.se\/pl\/wp-json\/wp\/v2\/product_cat?post=18985"},{"taxonomy":"product_tag","embeddable":true,"href":"https:\/\/thurne.se\/pl\/wp-json\/wp\/v2\/product_tag?post=18985"}],"curies":[{"name":"wp","href":"https:\/\/api.w.org\/{rel}","templated":true}]}}