{"id":18982,"date":"2021-11-03T18:59:39","date_gmt":"2021-11-03T17:59:39","guid":{"rendered":"https:\/\/thurne.se\/product\/reactor\/"},"modified":"2025-11-06T10:20:59","modified_gmt":"2025-11-06T09:20:59","slug":"reaktor","status":"publish","type":"product","link":"https:\/\/thurne.se\/pl\/produkt\/reaktor\/","title":{"rendered":"Reaktor"},"content":{"rendered":"<p>[vc_row][vc_column][vc_column_text]Reaktory L\u00f6dige DRUVATHERM to reaktory wsadowe o du\u017cej pr\u0119dko\u015bci. Obrotowe elementy mieszaj\u0105ce dostosowane do konkretnego procesu, zamontowane w cylindrycznym b\u0119bnie wyposa\u017conym w p\u0142aszcz reguluj\u0105cy temperatur\u0119, powoduj\u0105 tr\u00f3jwymiarowy ruch produktu. Wynikaj\u0105ca z tego cz\u0119stotliwo\u015b\u0107 kontaktu reagent\u00f3w ze sob\u0105 prowadzi do bardziej efektywnej konwersji z wy\u017csz\u0105 wydajno\u015bci\u0105.<\/p>\n<p>Szybkoobrotowe elementy mieszaj\u0105ce zapewniaj\u0105 du\u017c\u0105 cz\u0119stotliwo\u015b\u0107 kontaktu reagent\u00f3w ze sob\u0105 oraz intensywny kontakt reagent\u00f3w z ogrzewan\u0105 lub ch\u0142odzon\u0105 \u015bcian\u0105 naczynia. Dzi\u0119ki temu mo\u017cliwe s\u0105 reakcje w fazach jednorodnych i niejednorodnych, w praktycznie wszystkich kombinacjach (cia\u0142o sta\u0142e\/ciecz\/gaz). Konsystencja produkcyjna mo\u017ce by\u0107 w dowolnym miejscu w zakresie od p\u0142ynnej, przez pastowat\u0105, grudkowat\u0105, po p\u0142ynn\u0105. Szybkoobrotowe rozdrabniacze zainstalowane z boku b\u0119bna maszyny wykonuj\u0105 dodatkow\u0105 prac\u0119 mieszania w celu rozprowadzenia reagent\u00f3w.[\/vc_column_text][\/vc_column][\/vc_row][vc_row][vc_column][vc_column_text]<\/p>\n<h4>Broszura:<\/h4>\n<p>[\/vc_column_text][\/vc_column][vc_column width=&#8221;1\/3&#8243;][tm_button size=&#8221;lg&#8221; button=&#8221;url:%2Fwp-content%2Fuploads%2F2021%2F10%2FDVT_DRUVATHERM_Reactor-201706-1.pdf|title:BROSZURA|target:_blank&#8221; align=&#8221;center&#8221;][\/vc_column][vc_column width=&#8221;1\/3&#8243;][\/vc_column][vc_column width=&#8221;1\/3&#8243;][\/vc_column][\/vc_row]<\/p>\n","protected":false},"excerpt":{"rendered":"\u2013 Szybkie \u0142\u0105czenie reagent\u00f3w.\r\n\u2013 Zapobieganie miejscowym nadmiernym st\u0119\u017ceniom.\r\n\u2013 Brak gradient\u00f3w temperatury w polu reakcji.\r\n\u2013 Lepsza konwersja reagent\u00f3w, prowadz\u0105ca do wy\u017cszej wydajno\u015bci przy wi\u0119kszej czysto\u015bci produktu ko\u0144cowego.\r\n\u2013 Proces wielofazowy (reakcja, ogrzewanie, suszenie, granulacja, ch\u0142odzenie).","protected":false},"featured_media":18983,"template":"","meta":[],"product_cat":[803,805,818,797,806,853,852,808,897,866,867,868,800,820,847,854,855,798,832],"product_tag":[],"class_list":{"0":"post-18982","1":"product","2":"type-product","3":"status-publish","4":"has-post-thumbnail","6":"product_cat-chemia","7":"product_cat-chemikalia-specjalistyczne","8":"product_cat-farmacja","9":"product_cat-grupy","10":"product_cat-hydrometallurgy-pl","11":"product_cat-mieszanie-proszkow","12":"product_cat-mikser-2","13":"product_cat-rafinerie-i-przemysl-polimerowy","14":"product_cat-reaktor","15":"product_cat-reaktor-4","16":"product_cat-reaktor-5","17":"product_cat-reaktor-2","18":"product_cat-rozwiazania","19":"product_cat-sprzet-do-obslugi-proszku","20":"product_cat-suszenie-2","21":"product_cat-systemy-procesowe-3","22":"product_cat-technologia-reakcji-3","23":"product_cat-wedlug-branz","24":"product_cat-zywnosc-i-napoje","25":"pa_supplier-lodige-pl","27":"first","28":"instock","29":"shipping-taxable","30":"purchasable","31":"product-type-simple"},"_links":{"self":[{"href":"https:\/\/thurne.se\/pl\/wp-json\/wp\/v2\/product\/18982","targetHints":{"allow":["GET"]}}],"collection":[{"href":"https:\/\/thurne.se\/pl\/wp-json\/wp\/v2\/product"}],"about":[{"href":"https:\/\/thurne.se\/pl\/wp-json\/wp\/v2\/types\/product"}],"wp:featuredmedia":[{"embeddable":true,"href":"https:\/\/thurne.se\/pl\/wp-json\/wp\/v2\/media\/18983"}],"wp:attachment":[{"href":"https:\/\/thurne.se\/pl\/wp-json\/wp\/v2\/media?parent=18982"}],"wp:term":[{"taxonomy":"product_cat","embeddable":true,"href":"https:\/\/thurne.se\/pl\/wp-json\/wp\/v2\/product_cat?post=18982"},{"taxonomy":"product_tag","embeddable":true,"href":"https:\/\/thurne.se\/pl\/wp-json\/wp\/v2\/product_tag?post=18982"}],"curies":[{"name":"wp","href":"https:\/\/api.w.org\/{rel}","templated":true}]}}