{"id":18973,"date":"2021-11-03T18:59:39","date_gmt":"2021-11-03T17:59:39","guid":{"rendered":"https:\/\/thurne.se\/product\/reactors-columns-with-tantalum-cladding\/"},"modified":"2025-05-27T16:13:34","modified_gmt":"2025-05-27T14:13:34","slug":"reaktory-mieszadla-kolumny-z-tantalu","status":"publish","type":"product","link":"https:\/\/thurne.se\/pl\/produkt\/reaktory-mieszadla-kolumny-z-tantalu\/","title":{"rendered":"Reaktory, mieszad\u0142a, kolumny z tantalu"},"content":{"rendered":"<p>[vc_row][vc_column][vc_column_text]Tantal jest obecnie najbardziej odpornym na korozj\u0119 metalem powszechnie u\u017cywanym. Jest oboj\u0119tny na praktycznie wszystkie zwi\u0105zki organiczne i nieorganiczne, ma dobr\u0105 przewodno\u015b\u0107 ciepln\u0105, jest odporny na erozj\u0119 i \u0142atwo si\u0119 formuje. Wysoka urabialno\u015b\u0107 i spawalno\u015b\u0107 tantalu czyni\u0105 go doskona\u0142ym materia\u0142em konstrukcyjnym dla szerokiej gamy urz\u0105dze\u0144, takich jak zbiorniki ci\u015bnieniowe, kolumny czy reaktory.[\/vc_column_text][\/vc_column][\/vc_row][vc_row lg_spacing=&#8221;padding_top:30&#8243;][vc_column][vc_column_text]<\/p>\n<h4>Broszura:<\/h4>\n<p>[\/vc_column_text][\/vc_column][vc_column width=&#8221;1\/3&#8243;][tm_button size=&#8221;lg&#8221; button=&#8221;url:%2Fwp-content%2Fuploads%2F2021%2F10%2F6-ace-small-parts-tantalum-kleinteile-tantal-mersen.pdf|title:BROSZURA|target:_blank&#8221; align=&#8221;center&#8221;][\/vc_column][vc_column width=&#8221;1\/3&#8243;][\/vc_column][vc_column width=&#8221;1\/3&#8243;][\/vc_column][\/vc_row][vc_row lg_spacing=&#8221;padding_top:30&#8243;][vc_column][vc_column_text]<\/p>\n<h4>Wi\u0119cej informacji na stronie producenta:<\/h4>\n<p>[\/vc_column_text][\/vc_column][vc_column width=&#8221;1\/3&#8243;][tm_button size=&#8221;lg&#8221; button=&#8221;url:http%3A%2F%2Fwww.mersen.com%2Fproducts%2Fanticorrosion-equipment%2Fcolumns-reactors-and-pressure-vessels|title:PRODUCENT|target:_blank&#8221; align=&#8221;center&#8221;][\/vc_column][vc_column width=&#8221;1\/3&#8243;][\/vc_column][vc_column width=&#8221;1\/3&#8243;][\/vc_column][\/vc_row]<\/p>\n","protected":false},"excerpt":{"rendered":"Reaktory, mieszad\u0142a lub kolumny tantalowe nadaj\u0105 si\u0119 do zastosowa\u0144 w \u015brodowisku bardzo korozyjnym, takim jak kwas solny, kwas siarkowy, kwas azotowy, mocne kwasy organiczne, brom, epichlorodryna. Mersen Linsengericht zajmuje si\u0119 projektowaniem i produkcj\u0105 urz\u0105dze\u0144 do przetwarzania tantalu.","protected":false},"featured_media":18974,"template":"","meta":[],"product_cat":[803,805,797,806,893,804,808,799,800,798,807],"product_tag":[],"class_list":{"0":"post-18973","1":"product","2":"type-product","3":"status-publish","4":"has-post-thumbnail","6":"product_cat-chemia","7":"product_cat-chemikalia-specjalistyczne","8":"product_cat-grupy","9":"product_cat-hydrometallurgy-pl","10":"product_cat-metal-reactor-pl","11":"product_cat-odpornosc-na-korozje-2","12":"product_cat-rafinerie-i-przemysl-polimerowy","13":"product_cat-reaktor-i-zbiornik","14":"product_cat-rozwiazania","15":"product_cat-wedlug-branz","16":"product_cat-zbiorniki-cisnieniowe","17":"pa_supplier-mersen-pl","19":"first","20":"instock","21":"shipping-taxable","22":"purchasable","23":"product-type-simple"},"_links":{"self":[{"href":"https:\/\/thurne.se\/pl\/wp-json\/wp\/v2\/product\/18973","targetHints":{"allow":["GET"]}}],"collection":[{"href":"https:\/\/thurne.se\/pl\/wp-json\/wp\/v2\/product"}],"about":[{"href":"https:\/\/thurne.se\/pl\/wp-json\/wp\/v2\/types\/product"}],"wp:featuredmedia":[{"embeddable":true,"href":"https:\/\/thurne.se\/pl\/wp-json\/wp\/v2\/media\/18974"}],"wp:attachment":[{"href":"https:\/\/thurne.se\/pl\/wp-json\/wp\/v2\/media?parent=18973"}],"wp:term":[{"taxonomy":"product_cat","embeddable":true,"href":"https:\/\/thurne.se\/pl\/wp-json\/wp\/v2\/product_cat?post=18973"},{"taxonomy":"product_tag","embeddable":true,"href":"https:\/\/thurne.se\/pl\/wp-json\/wp\/v2\/product_tag?post=18973"}],"curies":[{"name":"wp","href":"https:\/\/api.w.org\/{rel}","templated":true}]}}