{"id":18970,"date":"2021-11-03T18:59:38","date_gmt":"2021-11-03T17:59:38","guid":{"rendered":"https:\/\/thurne.se\/product\/ptfe-lined-columns\/"},"modified":"2025-11-05T13:15:44","modified_gmt":"2025-11-05T12:15:44","slug":"kolumny-pokryte-ptfe","status":"publish","type":"product","link":"https:\/\/thurne.se\/pl\/produkt\/kolumny-pokryte-ptfe\/","title":{"rendered":"Kolumny pokryte PTFE"},"content":{"rendered":"<p>[vc_row][vc_column][vc_column_text]Naczynia i kolumny wy\u0142o\u017cone PTFE zaprojektowano specjalnie tak, aby wytrzymywa\u0142y wysokie temperatury i by\u0142y odporne na procesy korozyjne, takie jak usuwanie HCl, defluorowanie H3PO4, rozcie\u0144czanie HF i H2SO4, przetwarzanie HF itp.[\/vc_column_text][\/vc_column][\/vc_row][vc_row lg_spacing=&#8221;padding_top:30&#8243;][vc_column][vc_column_text]<\/p>\n<h4>Broszura:<\/h4>\n<p>[\/vc_column_text][\/vc_column][vc_column width=&#8221;1\/3&#8243;][tm_button size=&#8221;lg&#8221; button=&#8221;url:%2Fwp-content%2Fuploads%2F2021%2F10%2F5-ace-columns-reactors-pressure-vessels-mersen-2.pdf|title:BROSZURA|target:_blank&#8221; align=&#8221;center&#8221;][\/vc_column][vc_column width=&#8221;1\/3&#8243;][\/vc_column][vc_column width=&#8221;1\/3&#8243;][\/vc_column][\/vc_row][vc_row lg_spacing=&#8221;padding_top:30&#8243;][vc_column][vc_column_text]<\/p>\n<h4>Wi\u0119cej informacji na stronie producenta:<\/h4>\n<p>[\/vc_column_text][\/vc_column][vc_column width=&#8221;1\/3&#8243;][tm_button size=&#8221;lg&#8221; button=&#8221;url:http%3A%2F%2Fwww.mersen.com%2Fproducts%2Fanticorrosion-equipment%2Fcolumns-reactors-and-pressure-vessels|title:PRODUCENT|target:_blank&#8221; align=&#8221;center&#8221;][\/vc_column][vc_column width=&#8221;1\/3&#8243;][\/vc_column][vc_column width=&#8221;1\/3&#8243;][\/vc_column][\/vc_row]<\/p>\n","protected":false},"excerpt":{"rendered":"Kolumny lub zbiorniki z wy\u0142o\u017ceniem PTFE Armylor \u0142\u0105cz\u0105 w sobie odporno\u015b\u0107 na korozj\u0119 PTFE z wytrzyma\u0142o\u015bci\u0105 mechaniczn\u0105 pow\u0142oki stalowej lub ze stali nierdzewnej.","protected":false},"featured_media":18971,"template":"","meta":[],"product_cat":[803,805,797,806,891,804,808,799,800,798,807],"product_tag":[],"class_list":{"0":"post-18970","1":"product","2":"type-product","3":"status-publish","4":"has-post-thumbnail","6":"product_cat-chemia","7":"product_cat-chemikalia-specjalistyczne","8":"product_cat-grupy","9":"product_cat-hydrometallurgy-pl","10":"product_cat-kolumna","11":"product_cat-odpornosc-na-korozje-2","12":"product_cat-rafinerie-i-przemysl-polimerowy","13":"product_cat-reaktor-i-zbiornik","14":"product_cat-rozwiazania","15":"product_cat-wedlug-branz","16":"product_cat-zbiorniki-cisnieniowe","17":"pa_supplier-mersen-pl","19":"first","20":"instock","21":"shipping-taxable","22":"purchasable","23":"product-type-simple"},"_links":{"self":[{"href":"https:\/\/thurne.se\/pl\/wp-json\/wp\/v2\/product\/18970","targetHints":{"allow":["GET"]}}],"collection":[{"href":"https:\/\/thurne.se\/pl\/wp-json\/wp\/v2\/product"}],"about":[{"href":"https:\/\/thurne.se\/pl\/wp-json\/wp\/v2\/types\/product"}],"wp:featuredmedia":[{"embeddable":true,"href":"https:\/\/thurne.se\/pl\/wp-json\/wp\/v2\/media\/18971"}],"wp:attachment":[{"href":"https:\/\/thurne.se\/pl\/wp-json\/wp\/v2\/media?parent=18970"}],"wp:term":[{"taxonomy":"product_cat","embeddable":true,"href":"https:\/\/thurne.se\/pl\/wp-json\/wp\/v2\/product_cat?post=18970"},{"taxonomy":"product_tag","embeddable":true,"href":"https:\/\/thurne.se\/pl\/wp-json\/wp\/v2\/product_tag?post=18970"}],"curies":[{"name":"wp","href":"https:\/\/api.w.org\/{rel}","templated":true}]}}