{"id":18967,"date":"2021-11-03T18:59:35","date_gmt":"2021-11-03T17:59:35","guid":{"rendered":"https:\/\/thurne.se\/product\/powder-dosing-cup\/"},"modified":"2025-05-27T15:59:24","modified_gmt":"2025-05-27T13:59:24","slug":"miarka-dozujaca-proszek","status":"publish","type":"product","link":"https:\/\/thurne.se\/pl\/produkt\/miarka-dozujaca-proszek\/","title":{"rendered":"Miarka dozuj\u0105ca proszek"},"content":{"rendered":"<p>[vc_row lg_spacing=&#8221;padding_top:30&#8243;][vc_column][vc_column_text]<\/p>\n<h4>Wi\u0119cej informacji na stronie producenta:<\/h4>\n<p>[\/vc_column_text][\/vc_column][vc_column width=&#8221;1\/3&#8243;][tm_button size=&#8221;lg&#8221; button=&#8221;url:http%3A%2F%2Fbioengineering.ch%2Fcomponents%2Fpowder-dosing%2Fcup-herman|title:PRODUCENT|target:_blank&#8221; align=&#8221;center&#8221;][\/vc_column][vc_column width=&#8221;1\/3&#8243;][\/vc_column][vc_column width=&#8221;1\/3&#8243;][\/vc_column][\/vc_row]<\/p>\n","protected":false},"excerpt":{"rendered":"Je\u015bli jeden lub wi\u0119cej sk\u0142adnik\u00f3w jest w formie proszku, mo\u017cesz doda\u0107 go ca\u0142kiem prosto i bezpiecznie: po prostu zaci\u015bnij worek na miejscu, zamocuj i r\u0119cznie zadokuj w systemie. Jest on rzeczywi\u015bcie ca\u0142kowicie bezpy\u0142owy. B\u0119dziesz zaskoczony, jak nieskomplikowane jest dozowanie proszku dzi\u0119ki Cup Hermann.","protected":false},"featured_media":18968,"template":"","meta":[],"product_cat":[793,805,890,818,797,871,819,812,800,798],"product_tag":[],"class_list":{"0":"post-18967","1":"product","2":"type-product","3":"status-publish","4":"has-post-thumbnail","6":"product_cat-bioprocesy","7":"product_cat-chemikalia-specjalistyczne","8":"product_cat-dozowanie-proszkow","9":"product_cat-farmacja","10":"product_cat-grupy","11":"product_cat-komponenty","12":"product_cat-obsluga-proszku-2","13":"product_cat-ograniczona-obsluga-proszku","14":"product_cat-rozwiazania","15":"product_cat-wedlug-branz","16":"pa_supplier-bioengineering-pl","18":"first","19":"instock","20":"shipping-taxable","21":"purchasable","22":"product-type-simple"},"_links":{"self":[{"href":"https:\/\/thurne.se\/pl\/wp-json\/wp\/v2\/product\/18967","targetHints":{"allow":["GET"]}}],"collection":[{"href":"https:\/\/thurne.se\/pl\/wp-json\/wp\/v2\/product"}],"about":[{"href":"https:\/\/thurne.se\/pl\/wp-json\/wp\/v2\/types\/product"}],"wp:featuredmedia":[{"embeddable":true,"href":"https:\/\/thurne.se\/pl\/wp-json\/wp\/v2\/media\/18968"}],"wp:attachment":[{"href":"https:\/\/thurne.se\/pl\/wp-json\/wp\/v2\/media?parent=18967"}],"wp:term":[{"taxonomy":"product_cat","embeddable":true,"href":"https:\/\/thurne.se\/pl\/wp-json\/wp\/v2\/product_cat?post=18967"},{"taxonomy":"product_tag","embeddable":true,"href":"https:\/\/thurne.se\/pl\/wp-json\/wp\/v2\/product_tag?post=18967"}],"curies":[{"name":"wp","href":"https:\/\/api.w.org\/{rel}","templated":true}]}}