{"id":18964,"date":"2021-11-03T18:59:35","date_gmt":"2021-11-03T17:59:35","guid":{"rendered":"https:\/\/thurne.se\/product\/plate-gasket\/"},"modified":"2025-05-27T15:53:50","modified_gmt":"2025-05-27T13:53:50","slug":"plyta-i-uszczelka","status":"publish","type":"product","link":"https:\/\/thurne.se\/pl\/produkt\/plyta-i-uszczelka\/","title":{"rendered":"P\u0142yta i uszczelka"},"content":{"rendered":"<p>[vc_row lg_spacing=&#8221;padding_top:30&#8243;][vc_column][vc_column_text]<\/p>\n<h4>Broszura:<\/h4>\n<p>[\/vc_column_text][\/vc_column][vc_column width=&#8221;1\/3&#8243;][tm_button size=&#8221;lg&#8221; button=&#8221;url:%2Fwp-content%2Fuploads%2F2021%2F10%2FPLAQUES_ET_JOINTS_GB_v2.pdf|title:BROSZURA|target:_blank&#8221; align=&#8221;center&#8221;][\/vc_column][vc_column width=&#8221;1\/3&#8243;][\/vc_column][vc_column width=&#8221;1\/3&#8243;][\/vc_column][\/vc_row][vc_row lg_spacing=&#8221;padding_top:30&#8243;][vc_column][vc_column_text]<\/p>\n<h4>Wi\u0119cej informacji na stronie producenta:<\/h4>\n<p>[\/vc_column_text][\/vc_column][vc_column width=&#8221;1\/3&#8243;][tm_button size=&#8221;lg&#8221; button=&#8221;url:http%3A%2F%2Fkapp-process.com%2F%3Fpage_id%3D2006|title:PRODUCENT|target:_blank&#8221; align=&#8221;center&#8221;][\/vc_column][vc_column width=&#8221;1\/3&#8243;][\/vc_column][vc_column width=&#8221;1\/3&#8243;][\/vc_column][\/vc_row]<\/p>\n","protected":false},"excerpt":{"rendered":"Mo\u017cliwo\u015bci zastosowania p\u0142ytowych wymiennik\u00f3w ciep\u0142a firmy Kapp Processes s\u0105 niewyczerpane: przemys\u0142 spo\u017cywczy, farmaceutyczny, chemikalia wysokowarto\u015bciowe, koksownictwo, uzdatnianie wody, przemys\u0142 morski, energetyka itp.","protected":false},"featured_media":18965,"template":"","meta":[],"product_cat":[803,805,818,806,888,836,798],"product_tag":[],"class_list":{"0":"post-18964","1":"product","2":"type-product","3":"status-publish","4":"has-post-thumbnail","6":"product_cat-chemia","7":"product_cat-chemikalia-specjalistyczne","8":"product_cat-farmacja","9":"product_cat-hydrometallurgy-pl","10":"product_cat-plytowy-i-uszczelkowy-wymiennik-ciepla","11":"product_cat-sprzet-do-wymiany-ciepla","12":"product_cat-wedlug-branz","13":"pa_supplier-kapp-pl","15":"first","16":"instock","17":"shipping-taxable","18":"purchasable","19":"product-type-simple"},"_links":{"self":[{"href":"https:\/\/thurne.se\/pl\/wp-json\/wp\/v2\/product\/18964","targetHints":{"allow":["GET"]}}],"collection":[{"href":"https:\/\/thurne.se\/pl\/wp-json\/wp\/v2\/product"}],"about":[{"href":"https:\/\/thurne.se\/pl\/wp-json\/wp\/v2\/types\/product"}],"wp:featuredmedia":[{"embeddable":true,"href":"https:\/\/thurne.se\/pl\/wp-json\/wp\/v2\/media\/18965"}],"wp:attachment":[{"href":"https:\/\/thurne.se\/pl\/wp-json\/wp\/v2\/media?parent=18964"}],"wp:term":[{"taxonomy":"product_cat","embeddable":true,"href":"https:\/\/thurne.se\/pl\/wp-json\/wp\/v2\/product_cat?post=18964"},{"taxonomy":"product_tag","embeddable":true,"href":"https:\/\/thurne.se\/pl\/wp-json\/wp\/v2\/product_tag?post=18964"}],"curies":[{"name":"wp","href":"https:\/\/api.w.org\/{rel}","templated":true}]}}