{"id":18957,"date":"2021-11-03T18:59:34","date_gmt":"2021-11-03T17:59:34","guid":{"rendered":"https:\/\/thurne.se\/product\/packaging-system-acube\/"},"modified":"2025-05-27T15:46:28","modified_gmt":"2025-05-27T13:46:28","slug":"system-pakowania-acube","status":"publish","type":"product","link":"https:\/\/thurne.se\/pl\/produkt\/system-pakowania-acube\/","title":{"rendered":"System pakowania (ACUBE)"},"content":{"rendered":"<p>[vc_row][vc_column][vc_column_text]ACUBE \u2013 Contained Single Use Powder Transfer Bag (FIBC). ACUBE to zintegrowany system jednorazowego u\u017cytku, kt\u00f3ry jest przyk\u0142adem inteligentnego, dalszego rozwoju elastycznej jednostki opakowaniowej. Spe\u0142nia wszystkie potrzeby klient\u00f3w dotycz\u0105ce opakowa\u0144 podstawowych, jak i opakowa\u0144 trzeciorz\u0119dnych. Sk\u0142ada si\u0119 z dw\u00f3ch niezale\u017cnych system\u00f3w wk\u0142adek, co oznacza elastyczno\u015b\u0107 i wytrzyma\u0142o\u015b\u0107.<\/p>\n<p>Wewn\u0119trzna pojedyncza wk\u0142adka (SL) pe\u0142ni funkcj\u0119 torby na produkt, chroni\u0105c go przed wp\u0142ywem \u015brodowiska i odwrotnie.<br \/>\nZewn\u0119trzna podw\u00f3jna wk\u0142adka (DL) to wzmocniona warstwa ochronna, kt\u00f3ra wytrzymuje napr\u0119\u017cenia mechaniczne. Dzi\u0119ki tej wielowarstwowej konstrukcji system umo\u017cliwia r\u0119czne podtrzymywanie s\u0142abo p\u0142yn\u0105cego produktu poprzez b\u0119bnowanie. Wyposa\u017cony w wyj\u0105tkow\u0105 technologi\u0119 AVAX umo\u017cliwia operacje przenoszenia materia\u0142\u00f3w w ca\u0142kowicie zamkni\u0119tych warunkach. ACUBE jest dost\u0119pny od 0,5 l do 400 l i obejmuje wszystkie aspekty obs\u0142ugi proszk\u00f3w, granulek lub tabletek.<\/p>\n<p>\u2013 Integralny system ograniczaj\u0105cy.<br \/>\n\u2013 Elastyczny, ale wytrzyma\u0142y<br \/>\n\u2013 \u0141atwe opr\u00f3\u017cnianie produkt\u00f3w o s\u0142abym przep\u0142ywie<br \/>\n\u2013 wykonanie przewodz\u0105ce[\/vc_column_text][\/vc_column][\/vc_row][vc_row lg_spacing=&#8221;padding_top:30&#8243;][vc_column][vc_video link=&#8221;https:\/\/www.youtube.com\/watch?v=hLHnTTrwtoQ&#8221; el_width=&#8221;60&#8243; align=&#8221;center&#8221;][\/vc_column][\/vc_row][vc_row lg_spacing=&#8221;padding_top:30&#8243;][vc_column][vc_video link=&#8221;https:\/\/www.youtube.com\/watch?v=eKphfoy_pds&#8221; el_width=&#8221;60&#8243; align=&#8221;center&#8221;][\/vc_column][\/vc_row][vc_row lg_spacing=&#8221;padding_top:30&#8243;][vc_column][vc_column_text]<\/p>\n<h4>Broszura:<\/h4>\n<p>[\/vc_column_text][\/vc_column][vc_column width=&#8221;1\/3&#8243;][tm_button size=&#8221;lg&#8221; button=&#8221;url:%2Fwp-content%2Fuploads%2F2021%2F10%2FACUBE_brochure_E.pdf|title:BROSZURA|target:_blank&#8221; align=&#8221;center&#8221;][\/vc_column][vc_column width=&#8221;1\/3&#8243;][\/vc_column][vc_column width=&#8221;1\/3&#8243;][\/vc_column][\/vc_row][vc_row lg_spacing=&#8221;padding_top:30&#8243;][vc_column][vc_column_text]<\/p>\n<h4>Wi\u0119cej informacji na stronie producenra:<\/h4>\n<p>[\/vc_column_text][\/vc_column][vc_column width=&#8221;1\/3&#8243;][tm_button size=&#8221;lg&#8221; button=&#8221;url:https%3A%2F%2Fandocksysteme.de%2Fen%2Fprodukte%2Facube%2F|title:PRODUCENT|target:_blank&#8221; align=&#8221;center&#8221;][\/vc_column][\/vc_row]<\/p>\n","protected":false},"excerpt":{"rendered":"ACUBE to zintegrowany system jednorazowego u\u017cytku, kt\u00f3ry jest przyk\u0142adem inteligentnego, dalszego rozwoju elastycznej jednostki opakowaniowej. Spe\u0142nia wszystkie potrzeby klient\u00f3w dotycz\u0105ce opakowa\u0144 podstawowych, jak i opakowa\u0144 trzeciorz\u0119dnych.","protected":false},"featured_media":18958,"template":"","meta":[],"product_cat":[793,803,805,818,797,806,811,817,827,819,812,828,821,808,800,822,823,810,820,815,813,798,816,880,832],"product_tag":[],"class_list":{"0":"post-18957","1":"product","2":"type-product","3":"status-publish","4":"has-post-thumbnail","6":"product_cat-bioprocesy","7":"product_cat-chemia","8":"product_cat-chemikalia-specjalistyczne","9":"product_cat-farmacja","10":"product_cat-grupy","11":"product_cat-hydrometallurgy-pl","12":"product_cat-komponenty-9","13":"product_cat-mieszanie-mielenie-i-przesiewanie","14":"product_cat-milling-and-sieving-pl","15":"product_cat-obsluga-proszku-2","16":"product_cat-ograniczona-obsluga-proszku","17":"product_cat-powder-mixing-and-scaling-pl","18":"product_cat-procesy-inzynieryjne-do-przetwarzania-proszkow","19":"product_cat-rafinerie-i-przemysl-polimerowy","20":"product_cat-rozwiazania","21":"product_cat-rozwiazania-do-transferu-proszku","22":"product_cat-rozwiazania-do-transferu-proszku-2","23":"product_cat-rozwiazania-w-zakresie-transportu-materialow-sypkich","24":"product_cat-sprzet-do-obslugi-proszku","25":"product_cat-system-ograniczajacy","26":"product_cat-szczelne-przetwarzanie-produktu-2","27":"product_cat-wedlug-branz","28":"product_cat-wysokiej-klasy-system-dozowania","29":"product_cat-zawory-motylkowe-dzielone","30":"product_cat-zywnosc-i-napoje","31":"pa_supplier-andocksysteme-pl","33":"first","34":"instock","35":"shipping-taxable","36":"purchasable","37":"product-type-simple"},"_links":{"self":[{"href":"https:\/\/thurne.se\/pl\/wp-json\/wp\/v2\/product\/18957","targetHints":{"allow":["GET"]}}],"collection":[{"href":"https:\/\/thurne.se\/pl\/wp-json\/wp\/v2\/product"}],"about":[{"href":"https:\/\/thurne.se\/pl\/wp-json\/wp\/v2\/types\/product"}],"wp:featuredmedia":[{"embeddable":true,"href":"https:\/\/thurne.se\/pl\/wp-json\/wp\/v2\/media\/18958"}],"wp:attachment":[{"href":"https:\/\/thurne.se\/pl\/wp-json\/wp\/v2\/media?parent=18957"}],"wp:term":[{"taxonomy":"product_cat","embeddable":true,"href":"https:\/\/thurne.se\/pl\/wp-json\/wp\/v2\/product_cat?post=18957"},{"taxonomy":"product_tag","embeddable":true,"href":"https:\/\/thurne.se\/pl\/wp-json\/wp\/v2\/product_tag?post=18957"}],"curies":[{"name":"wp","href":"https:\/\/api.w.org\/{rel}","templated":true}]}}