{"id":18947,"date":"2021-11-03T18:59:33","date_gmt":"2021-11-03T17:59:33","guid":{"rendered":"https:\/\/thurne.se\/product\/multi-use-split-butterfly-valve-asbv-type-ae\/"},"modified":"2025-05-26T17:02:13","modified_gmt":"2025-05-26T15:02:13","slug":"przepustnica-dzielona-asbv-typ-ae","status":"publish","type":"product","link":"https:\/\/thurne.se\/pl\/produkt\/przepustnica-dzielona-asbv-typ-ae\/","title":{"rendered":"Przepustnica dzielona (ASBV typ AE)"},"content":{"rendered":"<p>[vc_row][vc_column][vc_column_text]Przepustnica dzielona ASBV typ AE<br \/>\nWytworzenie podci\u015bnienia pod tkanin\u0105 filtracyjn\u0105 zwi\u0119ksza ci\u015bnienie filtracji i podnosi jej szybko\u015b\u0107.<br \/>\n\u2013 p\u0142yta bazowa, ko\u0142nierz ss\u0105cy<br \/>\n\u2013 jednostka wibracyjna<br \/>\n\u2013 mieszek z ko\u0142nierzami TC, DIN \/ ANSI<\/p>\n<p>\u2013 blokada zaworu pasywnego aktywnego, si\u0142ownik r\u0119czny lub pneumatyczny<br \/>\n\u2013 otwieranie lub zamykanie zaworu, si\u0142ownik r\u0119czny lub pneumatyczny<br \/>\n\u2013 zewn\u0119trzne zderzaki (Eladur) z p\u0142yt\u0105 bazow\u0105 lub bez niej do podparcia zewn\u0119trznej ramy<br \/>\n\u2013 sizes: DN 100 \/ 150 \/ 200 \/ 250 \/ 300[\/vc_column_text][\/vc_column][\/vc_row][vc_row lg_spacing=&#8221;padding_top:30&#8243;][vc_column][vc_column_text]<\/p>\n<h4>Broszura:<\/h4>\n<p>[\/vc_column_text][\/vc_column][vc_column width=&#8221;1\/3&#8243;][tm_button size=&#8221;lg&#8221; button=&#8221;url:%2Fwp-content%2Fuploads%2F2021%2F10%2FASBV_SplitValve_brochure.pdf|title:BROSZURA|target:_blank&#8221; align=&#8221;center&#8221;][\/vc_column][vc_column width=&#8221;1\/3&#8243;][\/vc_column][vc_column width=&#8221;1\/3&#8243;][\/vc_column][\/vc_row][vc_row lg_spacing=&#8221;padding_top:30&#8243;][vc_column][vc_column_text]<\/p>\n<h4>Wi\u0119cej informacji na stronie producenra:<\/h4>\n<p>[\/vc_column_text][\/vc_column][vc_column width=&#8221;1\/3&#8243;][tm_button size=&#8221;lg&#8221; button=&#8221;url:https%3A%2F%2Fandocksysteme.de%2Fen%2Fprodukte%2Fasbv-active-passive-flaps%2F|title:PRODUCENT|target:_blank&#8221; align=&#8221;center&#8221;][\/vc_column][vc_column width=&#8221;1\/3&#8243;][\/vc_column][vc_column width=&#8221;1\/3&#8243;][\/vc_column][\/vc_row]<\/p>\n","protected":false},"excerpt":{"rendered":"Przepustnica dzielona ASBV typ AE\r\n\u2013 aktywny ko\u0142nierz z 4x urz\u0105dzeniami zderzakowymi (Eladur)\r\n\u2013 p\u0142yta bazowa, ko\u0142nierz ss\u0105cy\r\n\u2013 jednostka wibracyjna\r\n\u2013 mieszek z ko\u0142nierzami TC, DIN \/ ANSI","protected":false},"featured_media":18948,"template":"","meta":[],"product_cat":[793,803,805,818,797,806,811,814,817,827,819,812,828,821,808,800,822,823,810,820,813,798,816,881,880],"product_tag":[],"class_list":{"0":"post-18947","1":"product","2":"type-product","3":"status-publish","4":"has-post-thumbnail","6":"product_cat-bioprocesy","7":"product_cat-chemia","8":"product_cat-chemikalia-specjalistyczne","9":"product_cat-farmacja","10":"product_cat-grupy","11":"product_cat-hydrometallurgy-pl","12":"product_cat-komponenty-9","13":"product_cat-ladowanie-reaktora-zamknietego","14":"product_cat-mieszanie-mielenie-i-przesiewanie","15":"product_cat-milling-and-sieving-pl","16":"product_cat-obsluga-proszku-2","17":"product_cat-ograniczona-obsluga-proszku","18":"product_cat-powder-mixing-and-scaling-pl","19":"product_cat-procesy-inzynieryjne-do-przetwarzania-proszkow","20":"product_cat-rafinerie-i-przemysl-polimerowy","21":"product_cat-rozwiazania","22":"product_cat-rozwiazania-do-transferu-proszku","23":"product_cat-rozwiazania-do-transferu-proszku-2","24":"product_cat-rozwiazania-w-zakresie-transportu-materialow-sypkich","25":"product_cat-sprzet-do-obslugi-proszku","26":"product_cat-szczelne-przetwarzanie-produktu-2","27":"product_cat-wedlug-branz","28":"product_cat-wysokiej-klasy-system-dozowania","29":"product_cat-zawor","30":"product_cat-zawory-motylkowe-dzielone","31":"pa_supplier-andocksysteme-pl","33":"first","34":"instock","35":"shipping-taxable","36":"purchasable","37":"product-type-simple"},"_links":{"self":[{"href":"https:\/\/thurne.se\/pl\/wp-json\/wp\/v2\/product\/18947","targetHints":{"allow":["GET"]}}],"collection":[{"href":"https:\/\/thurne.se\/pl\/wp-json\/wp\/v2\/product"}],"about":[{"href":"https:\/\/thurne.se\/pl\/wp-json\/wp\/v2\/types\/product"}],"wp:featuredmedia":[{"embeddable":true,"href":"https:\/\/thurne.se\/pl\/wp-json\/wp\/v2\/media\/18948"}],"wp:attachment":[{"href":"https:\/\/thurne.se\/pl\/wp-json\/wp\/v2\/media?parent=18947"}],"wp:term":[{"taxonomy":"product_cat","embeddable":true,"href":"https:\/\/thurne.se\/pl\/wp-json\/wp\/v2\/product_cat?post=18947"},{"taxonomy":"product_tag","embeddable":true,"href":"https:\/\/thurne.se\/pl\/wp-json\/wp\/v2\/product_tag?post=18947"}],"curies":[{"name":"wp","href":"https:\/\/api.w.org\/{rel}","templated":true}]}}