{"id":18934,"date":"2021-11-03T18:59:31","date_gmt":"2021-11-03T17:59:31","guid":{"rendered":"https:\/\/thurne.se\/product\/mixing-granulator\/"},"modified":"2025-05-26T16:40:11","modified_gmt":"2025-05-26T14:40:11","slug":"granulator-mieszajacy","status":"publish","type":"product","link":"https:\/\/thurne.se\/pl\/produkt\/granulator-mieszajacy\/","title":{"rendered":"Granulator mieszaj\u0105cy"},"content":{"rendered":"<p>[vc_row][vc_column][vc_column_text]Mieszalnik o du\u017cej sile \u015bcinaj\u0105cej to system do mieszania, granulacji i przesiewania proszk\u00f3w farmaceutycznych i produkt\u00f3w granulowanych. Ponadto nadaje si\u0119 do szerokiej gamy kosmetyk\u00f3w i produkt\u00f3w spo\u017cywczych. Tr\u00f3j\u0142opatkowe narz\u0119dzie mieszaj\u0105ce obraca si\u0119 w pionowym, cylindrycznym naczyniu mieszaj\u0105cym blisko \u015bciany i dna naczynia. Kszta\u0142t i pr\u0119dko\u015b\u0107 obwodowa narz\u0119dzia mieszaj\u0105cego tworz\u0105 wirow\u0105 cyrkulacj\u0119 mieszanki. Ten ruch produktu zapewnia bardzo kr\u00f3tkie czasy mieszania w po\u0142\u0105czeniu z doskona\u0142\u0105 jako\u015bci\u0105 mieszania i umo\u017cliwia gromadzenie si\u0119 produkt\u00f3w granulowanych. Oddzielnie nap\u0119dzany rozdrabniacz jest u\u017cywany do rozdrabniania wszelkich aglomerowanych produkt\u00f3w, a tak\u017ce do nawil\u017cania i granulacji. Dodawanie cieczy odbywa si\u0119 wagowo lub za pomoc\u0105 pompy, aby doda\u0107 ciecz bezpo\u015brednio do efektywnego zasi\u0119gu rozdrabniacza, tak aby zosta\u0142a zapewniona najlepsza mo\u017cliwa dystrybucja. Opcjonalne sito mokre na wylocie zapewnia ca\u0142kowicie jednorodn\u0105 dystrybucj\u0119 wielko\u015bci granulatu.[\/vc_column_text][\/vc_column][\/vc_row][vc_row][vc_column][vc_column_text]<\/p>\n<h4>Broszura:<\/h4>\n<p>[\/vc_column_text][\/vc_column][vc_column width=&#8221;1\/3&#8243;][tm_button size=&#8221;lg&#8221; button=&#8221;url:%2Fwp-content%2Fuploads%2F2021%2F10%2FMGT_High_Shear_Mixer-201505.pdf|title:BROSZURA|target:_blank&#8221; align=&#8221;center&#8221;][\/vc_column][vc_column width=&#8221;1\/3&#8243;][\/vc_column][vc_column width=&#8221;1\/3&#8243;][\/vc_column][\/vc_row]<\/p>\n","protected":false},"excerpt":{"rendered":"\u2013 Granulator mieszaj\u0105cy do produkt\u00f3w farmaceutycznych, kosmetycznych i spo\u017cywczych.\r\n\u2013 Projekt zgodny ze standardem GMP.\r\n\u2013 Modu\u0142owy system WIP dla urz\u0105dzenia i wszystkich dodatkowych komponent\u00f3w\r\n\u2013 Automatyczne dodawanie p\u0142yn\u00f3w w r\u00f3\u017cnych wersjach.\r\n\u2013 Spe\u0142nia standarty farmaceutyczne\r\n\u2013 Pow\u0142oka z regulacj\u0105 temperatury do grzania\/ch\u0142odzenia.\r\n\u2013 Zintegrowane sito na wylocie maszyny.\r\n\u2013 Podajnik pr\u00f3\u017cniowy.\r\n\u2013 Dostosowana koncepcja ATEX","protected":false},"featured_media":18935,"template":"","meta":[],"product_cat":[803,805,818,797,806,853,849,850,851,852,848,808,800,820,847,854,855,798,832],"product_tag":[],"class_list":{"0":"post-18934","1":"product","2":"type-product","3":"status-publish","4":"has-post-thumbnail","6":"product_cat-chemia","7":"product_cat-chemikalia-specjalistyczne","8":"product_cat-farmacja","9":"product_cat-grupy","10":"product_cat-hydrometallurgy-pl","11":"product_cat-mieszanie-proszkow","12":"product_cat-mikser","13":"product_cat-mikser-4","14":"product_cat-mikser-3","15":"product_cat-mikser-2","16":"product_cat-mikser-5","17":"product_cat-rafinerie-i-przemysl-polimerowy","18":"product_cat-rozwiazania","19":"product_cat-sprzet-do-obslugi-proszku","20":"product_cat-suszenie-2","21":"product_cat-systemy-procesowe-3","22":"product_cat-technologia-reakcji-3","23":"product_cat-wedlug-branz","24":"product_cat-zywnosc-i-napoje","25":"pa_supplier-lodige-pl","27":"first","28":"instock","29":"shipping-taxable","30":"purchasable","31":"product-type-simple"},"_links":{"self":[{"href":"https:\/\/thurne.se\/pl\/wp-json\/wp\/v2\/product\/18934","targetHints":{"allow":["GET"]}}],"collection":[{"href":"https:\/\/thurne.se\/pl\/wp-json\/wp\/v2\/product"}],"about":[{"href":"https:\/\/thurne.se\/pl\/wp-json\/wp\/v2\/types\/product"}],"wp:featuredmedia":[{"embeddable":true,"href":"https:\/\/thurne.se\/pl\/wp-json\/wp\/v2\/media\/18935"}],"wp:attachment":[{"href":"https:\/\/thurne.se\/pl\/wp-json\/wp\/v2\/media?parent=18934"}],"wp:term":[{"taxonomy":"product_cat","embeddable":true,"href":"https:\/\/thurne.se\/pl\/wp-json\/wp\/v2\/product_cat?post=18934"},{"taxonomy":"product_tag","embeddable":true,"href":"https:\/\/thurne.se\/pl\/wp-json\/wp\/v2\/product_tag?post=18934"}],"curies":[{"name":"wp","href":"https:\/\/api.w.org\/{rel}","templated":true}]}}