{"id":18926,"date":"2021-11-03T18:59:30","date_gmt":"2021-11-03T17:59:30","guid":{"rendered":"https:\/\/thurne.se\/product\/lab-machine-druvatherm\/"},"modified":"2025-08-04T11:16:42","modified_gmt":"2025-08-04T09:16:42","slug":"maszyna-laboratoryjna-druvatherm","status":"publish","type":"product","link":"https:\/\/thurne.se\/pl\/produkt\/maszyna-laboratoryjna-druvatherm\/","title":{"rendered":"Maszyna laboratoryjna (DRUVATHERM)"},"content":{"rendered":"<p>[vc_row][vc_column][vc_column_text]L\u00f6dige DRUVATHERM reactors are batch, high-speed reactors. Rotating mixing elements adapted to the specific process, installed in a cylindrical drum equipped with a temperature control jacket, create a three-dimensional product movement. The resulting contact frequency of the reacting agents with each other leads to a more effective conversion with a higher yield.<\/p>\n<p>The high-speed mixing elements ensure high contact frequency of the reacting agents with each other and intense contact of the reacting agents with the heated or cooled vessel wall. This makes reactions in homogeneous and heterogeneous phases possible in practically all combinations (solid\/liquid\/gaseous). The production consistency can be anywhere along the spectrum of liquid to pasty to lumpy to pourable. High-speed rotating choppers installed on the side of the machine drum perform additional mixing work to distribute the reacting agents.[\/vc_column_text][\/vc_column][\/vc_row][vc_row][vc_column][vc_column_text]<\/p>\n<h4>Brochures:<\/h4>\n<p>[\/vc_column_text][\/vc_column][vc_column width=&#8221;1\/3&#8243;][tm_button size=&#8221;lg&#8221; button=&#8221;url:%2Fwp-content%2Fuploads%2F2021%2F10%2FDVT130_DRUVATHERM_Reactor-201205.pdf|title:BROCHURE|target:_blank&#8221; align=&#8221;center&#8221;][\/vc_column][vc_column width=&#8221;1\/3&#8243;][\/vc_column][vc_column width=&#8221;1\/3&#8243;][\/vc_column][\/vc_row][vc_row lg_spacing=&#8221;padding_top:60&#8243;][vc_column][vc_column_text]<\/p>\n<h4>Je\u015bli masz jakiekolwiek pytania, nie wahaj si\u0119 skontaktowa\u0107 bezpo\u015brednio ze specjalist\u0105 Thurne:<\/h4>\n<p>[\/vc_column_text][\/vc_column][\/vc_row]<\/p>\n","protected":false},"excerpt":{"rendered":"DRUVATHERM \u2013 reaktor w skali laboratoryjnej:\r\n\u2013 Szybkie \u0142\u0105czenie reagent\u00f3w.\r\n\u2013 Zapobieganie nier\u00f3wnomiernym, miejscowym st\u0119\u017ceniom.\r\n\u2013 Brak gradient\u00f3w temperatury w polu reakcji.\r\n\u2013 Lepsza konwersja reagent\u00f3w, prowadz\u0105ca do wy\u017cszej wydajno\u015bci przy wi\u0119kszej czysto\u015bci produktu ko\u0144cowego.\r\n\u2013 Proces wielofazowy (reakcja, ogrzewanie, suszenie, granulacja, ch\u0142odzenie).","protected":false},"featured_media":18927,"template":"","meta":[],"product_cat":[803,805,818,797,806,853,850,851,852,848,849,808,800,820,858,859,861,847,854,855,798,832],"product_tag":[],"class_list":{"0":"post-18926","1":"product","2":"type-product","3":"status-publish","4":"has-post-thumbnail","6":"product_cat-chemia","7":"product_cat-chemikalia-specjalistyczne","8":"product_cat-farmacja","9":"product_cat-grupy","10":"product_cat-hydrometallurgy-pl","11":"product_cat-mieszanie-proszkow","12":"product_cat-mikser-4","13":"product_cat-mikser-3","14":"product_cat-mikser-2","15":"product_cat-mikser-5","16":"product_cat-mikser","17":"product_cat-rafinerie-i-przemysl-polimerowy","18":"product_cat-rozwiazania","19":"product_cat-sprzet-do-obslugi-proszku","20":"product_cat-suszarka-5","21":"product_cat-suszarka-3","22":"product_cat-suszarka-4","23":"product_cat-suszenie-2","24":"product_cat-systemy-procesowe-3","25":"product_cat-technologia-reakcji-3","26":"product_cat-wedlug-branz","27":"product_cat-zywnosc-i-napoje","28":"pa_supplier-lodige-pl","30":"first","31":"instock","32":"shipping-taxable","33":"purchasable","34":"product-type-simple"},"_links":{"self":[{"href":"https:\/\/thurne.se\/pl\/wp-json\/wp\/v2\/product\/18926","targetHints":{"allow":["GET"]}}],"collection":[{"href":"https:\/\/thurne.se\/pl\/wp-json\/wp\/v2\/product"}],"about":[{"href":"https:\/\/thurne.se\/pl\/wp-json\/wp\/v2\/types\/product"}],"wp:featuredmedia":[{"embeddable":true,"href":"https:\/\/thurne.se\/pl\/wp-json\/wp\/v2\/media\/18927"}],"wp:attachment":[{"href":"https:\/\/thurne.se\/pl\/wp-json\/wp\/v2\/media?parent=18926"}],"wp:term":[{"taxonomy":"product_cat","embeddable":true,"href":"https:\/\/thurne.se\/pl\/wp-json\/wp\/v2\/product_cat?post=18926"},{"taxonomy":"product_tag","embeddable":true,"href":"https:\/\/thurne.se\/pl\/wp-json\/wp\/v2\/product_tag?post=18926"}],"curies":[{"name":"wp","href":"https:\/\/api.w.org\/{rel}","templated":true}]}}