{"id":18921,"date":"2021-11-03T18:59:35","date_gmt":"2021-11-03T17:59:35","guid":{"rendered":"https:\/\/thurne.se\/product\/pilot-bioreactor-fermenter\/"},"modified":"2025-08-19T10:50:19","modified_gmt":"2025-08-19T08:50:19","slug":"bioreaktor-fermentator-pilotazowy","status":"publish","type":"product","link":"https:\/\/thurne.se\/pl\/produkt\/bioreaktor-fermentator-pilotazowy\/","title":{"rendered":"Bioreaktor\/Fermentator Pilota\u017cowy"},"content":{"rendered":"<p>[vc_row][vc_column][vc_column_text]<\/p>\n<h4>Wi\u0119cej informacji na stronie producenta:<\/h4>\n<p>[\/vc_column_text][\/vc_column][vc_column width=&#8221;1\/3&#8243;][tm_button size=&#8221;lg&#8221; button=&#8221;url:http%3A%2F%2Fbioengineering.ch%2Flab-pilot%2F|title:PRODUCENT|target:_blank&#8221; align=&#8221;center&#8221;][\/vc_column][vc_column width=&#8221;1\/3&#8243;][\/vc_column][vc_column width=&#8221;1\/3&#8243;][\/vc_column][\/vc_row]<\/p>\n","protected":false},"excerpt":{"rendered":"Bioreaktory do zastosowa\u0144 laboratoryjnych i pilota\u017cowych. Autoklawowalne i sterylizowalne bioreaktory o pojemno\u015bci od 1 do 1500 litr\u00f3w do hodowli kultur kom\u00f3rkowych i bakteryjnych.","protected":false},"featured_media":18922,"template":"","meta":[],"product_cat":[793,794,795,797,799,800,796,798],"product_tag":[],"class_list":{"0":"post-18921","1":"product","2":"type-product","3":"status-publish","4":"has-post-thumbnail","6":"product_cat-bioprocesy","7":"product_cat-bioprocesy-2","8":"product_cat-bioreaktor-fermentor","9":"product_cat-grupy","10":"product_cat-reaktor-i-zbiornik","11":"product_cat-rozwiazania","12":"product_cat-uprawa","13":"product_cat-wedlug-branz","14":"pa_supplier-bioengineering-pl","16":"first","17":"instock","18":"shipping-taxable","19":"purchasable","20":"product-type-variable"},"_links":{"self":[{"href":"https:\/\/thurne.se\/pl\/wp-json\/wp\/v2\/product\/18921","targetHints":{"allow":["GET"]}}],"collection":[{"href":"https:\/\/thurne.se\/pl\/wp-json\/wp\/v2\/product"}],"about":[{"href":"https:\/\/thurne.se\/pl\/wp-json\/wp\/v2\/types\/product"}],"wp:featuredmedia":[{"embeddable":true,"href":"https:\/\/thurne.se\/pl\/wp-json\/wp\/v2\/media\/18922"}],"wp:attachment":[{"href":"https:\/\/thurne.se\/pl\/wp-json\/wp\/v2\/media?parent=18921"}],"wp:term":[{"taxonomy":"product_cat","embeddable":true,"href":"https:\/\/thurne.se\/pl\/wp-json\/wp\/v2\/product_cat?post=18921"},{"taxonomy":"product_tag","embeddable":true,"href":"https:\/\/thurne.se\/pl\/wp-json\/wp\/v2\/product_tag?post=18921"}],"curies":[{"name":"wp","href":"https:\/\/api.w.org\/{rel}","templated":true}]}}