{"id":18917,"date":"2021-11-03T18:59:29","date_gmt":"2021-11-03T17:59:29","guid":{"rendered":"https:\/\/thurne.se\/product\/hcl-synthesis-units\/"},"modified":"2025-05-26T15:41:20","modified_gmt":"2025-05-26T13:41:20","slug":"jednostki-syntezy-hcl","status":"publish","type":"product","link":"https:\/\/thurne.se\/pl\/produkt\/jednostki-syntezy-hcl\/","title":{"rendered":"Jednostki syntezy HCl"},"content":{"rendered":"<p>[vc_row][vc_column][vc_column_text]Mersen jest \u015bwiatowym liderem w \u0142\u0105czeniu in\u017cynierii i dostaw sprz\u0119tu do p\u0142yn\u00f3w korozyjnych. Od 1950 roku firma Mersen wzmacnia swoj\u0105 wiedz\u0119 i do\u015bwiadczenie w zakresie stosowania HCl i H2SO4 i jest w stanie przewidzie\u0107 reakcj\u0119 tych kwas\u00f3w w zale\u017cno\u015bci od ci\u015bnienia i temperatury.[\/vc_column_text][\/vc_column][\/vc_row][vc_row lg_spacing=&#8221;padding_top:30&#8243;][vc_column][vc_column_text]<\/p>\n<h4>Broszura:<\/h4>\n<p>[\/vc_column_text][\/vc_column][vc_column width=&#8221;1\/3&#8243;][tm_button size=&#8221;lg&#8221; button=&#8221;url:%2Fwp-content%2Fuploads%2F2021%2F10%2F3-ace-process-technologies-provider-mersen.pdf|title:BROSZURA|target:_blank&#8221; align=&#8221;center&#8221;][\/vc_column][vc_column width=&#8221;1\/3&#8243;][\/vc_column][vc_column width=&#8221;1\/3&#8243;][\/vc_column][\/vc_row][vc_row lg_spacing=&#8221;padding_top:30&#8243;][vc_column][vc_column_text]<\/p>\n<h4>Wi\u0119cej informacji na stronie producenta:<\/h4>\n<p>[\/vc_column_text][\/vc_column][vc_column width=&#8221;1\/3&#8243;][tm_button size=&#8221;lg&#8221; button=&#8221;url:http%3A%2F%2Fwww.mersen.com%2Fproducts%2Fanticorrosion-equipment%2Fprocess-technologies|title:PRODUCENT|target:_blank&#8221; align=&#8221;center&#8221;][\/vc_column][vc_column width=&#8221;1\/3&#8243;][\/vc_column][vc_column width=&#8221;1\/3&#8243;][\/vc_column][\/vc_row]<\/p>\n","protected":false},"excerpt":{"rendered":"SINTACLOR to montowana na p\u0142ozach dostawa \u201epod klucz\u201d do produkcji ultraczystego HCl w drodze syntezy Cl2 i H2 dla rynku chloroalkalicznego.","protected":false},"featured_media":18918,"template":"","meta":[],"product_cat":[874,803,797,800,854,876,798,875],"product_tag":[],"class_list":{"0":"post-18917","1":"product","2":"type-product","3":"status-publish","4":"has-post-thumbnail","6":"product_cat-agregaty-do-syntezy-hcl-i-hbr","7":"product_cat-chemia","8":"product_cat-grupy","9":"product_cat-rozwiazania","10":"product_cat-systemy-procesowe-3","11":"product_cat-systemy-procesowe","12":"product_cat-wedlug-branz","13":"product_cat-zestaw-syntezy-hcl","14":"pa_supplier-mersen-pl","16":"first","17":"instock","18":"shipping-taxable","19":"purchasable","20":"product-type-simple"},"_links":{"self":[{"href":"https:\/\/thurne.se\/pl\/wp-json\/wp\/v2\/product\/18917","targetHints":{"allow":["GET"]}}],"collection":[{"href":"https:\/\/thurne.se\/pl\/wp-json\/wp\/v2\/product"}],"about":[{"href":"https:\/\/thurne.se\/pl\/wp-json\/wp\/v2\/types\/product"}],"wp:featuredmedia":[{"embeddable":true,"href":"https:\/\/thurne.se\/pl\/wp-json\/wp\/v2\/media\/18918"}],"wp:attachment":[{"href":"https:\/\/thurne.se\/pl\/wp-json\/wp\/v2\/media?parent=18917"}],"wp:term":[{"taxonomy":"product_cat","embeddable":true,"href":"https:\/\/thurne.se\/pl\/wp-json\/wp\/v2\/product_cat?post=18917"},{"taxonomy":"product_tag","embeddable":true,"href":"https:\/\/thurne.se\/pl\/wp-json\/wp\/v2\/product_tag?post=18917"}],"curies":[{"name":"wp","href":"https:\/\/api.w.org\/{rel}","templated":true}]}}