{"id":18914,"date":"2021-11-03T18:59:29","date_gmt":"2021-11-03T17:59:29","guid":{"rendered":"https:\/\/thurne.se\/product\/high-speed-granulator\/"},"modified":"2025-05-26T15:30:21","modified_gmt":"2025-05-26T13:30:21","slug":"granulator-szybkoobrotowy","status":"publish","type":"product","link":"https:\/\/thurne.se\/pl\/produkt\/granulator-szybkoobrotowy\/","title":{"rendered":"Granulator szybkoobrotowy"},"content":{"rendered":"<p>[vc_row][vc_column][vc_column_text]Szybkoobrotowy mieszalnik\/granulator stanowi rozwini\u0119cie mieszalnika grzewczego zgodnego z GMP. Granulator wysokoobrotowy, dzia\u0142aj\u0105cy na zasadzie mieszalnika ciernego, szczeg\u00f3lnie nadaje si\u0119 do proces\u00f3w granulacji wywo\u0142anych topnieniem spoiw, obr\u00f3bki farmaceutycznych zwi\u0105zk\u00f3w PVC i wielu innych zastosowa\u0144 farmaceutycznych i spo\u017cywczych. Granulator wysokoobrotowy mo\u017ce pracowa\u0107 zar\u00f3wno jako pojedyncza jednostka, jak i w po\u0142\u0105czeniu z mieszalnikiem ch\u0142odz\u0105cym.<\/p>\n<p>Geometrycznie zaprojektowane narz\u0119dzie do szybkiego mieszania przyspiesza produkt zar\u00f3wno promieniowo, dzi\u0119ki czemu jest on wypychany na zewn\u0105trz, jak i ruchem spiralnym do g\u00f3ry, tworz\u0105c wyra\u017any kszta\u0142t wiru. Po\u0142\u0105czenie tego tr\u00f3jwymiarowego ruchu produktu z intensywnym tarciem zapewnia systematyczne i r\u00f3wnomierne ogrzewanie ca\u0142ej partii, umo\u017cliwiaj\u0105c procesy granulacji indukowane topnieniem spoiw jako dodatek do innych procedur.<\/p>\n<p>Dost\u0119pne narz\u0119dzia mieszaj\u0105ce to okr\u0105g\u0142y wirnik g\u00f3rny lub narz\u0119dzie \u0142opatkowe, kt\u00f3re mo\u017cna wybra\u0107 w zale\u017cno\u015bci od procesu i produkt\u00f3w. W celu delikatnego sch\u0142odzenia podgrzanej mieszanki do wymaganej temperatury ko\u0144cowej mo\u017cna zastosowa\u0107 dodatkowe pionowe i poziome mieszalniki ch\u0142odz\u0105ce. Ponadto istnieje mo\u017cliwo\u015b\u0107 po\u0142\u0105czenia kilku przygotowanych produkt\u00f3w z LMG w jedn\u0105 porcj\u0119 w mieszalniku ch\u0142odz\u0105cym. Mieszalnik grzewczo-ch\u0142odz\u0105cy jest zawsze projektowany pod k\u0105tem konkretnego zastosowania w oparciu o wymagane parametry procesu.<\/p>\n<p>Granulator wysokoobrotowy zosta\u0142 zaprojektowany zgodnie z wymaganiami GMP i sk\u0142ada si\u0119 w ca\u0142o\u015bci ze stali nierdzewnej, zar\u00f3wno jako pojedyncza jednostka, jak i w po\u0142\u0105czeniu z mieszalnikiem ch\u0142odz\u0105cym. Opcjonalnie dost\u0119pny jest system sterowania odpowiedni do zastosowa\u0144 farmaceutycznych, system czyszczenia CIP i dokumentacja kwalifikacyjna. Dodatkowe konstrukcje specjalne mog\u0105 by\u0107 realizowane zgodnie z ustaleniami.[\/vc_column_text][\/vc_column][\/vc_row]<\/p>\n","protected":false},"excerpt":{"rendered":"Wszechstronne mo\u017cliwo\u015bci zastosowa\u0144 w przemy\u015ble farmaceutycznym i spo\u017cywczym:\r\n\u2013 konstrukcja zgodna z wymaganiami GMP,\r\n\u2013 mo\u017cliwo\u015b\u0107 stosowania jako pojedynczej jednostki lub w po\u0142\u0105czeniu z mieszaczem ch\u0142odz\u0105cym,\r\n\u2013 przyjazny dla u\u017cytkownika system sterowania z predefiniowanymi etapami procesu,\r\n\u2013 dost\u0119pnych jest wiele dodatkowych opcji (system CIP, kwalifikacja itp.).","protected":false},"featured_media":18915,"template":"","meta":[],"product_cat":[803,805,818,865,862,864,806,853,852,808,800,847,854,855,798,832],"product_tag":[],"class_list":{"0":"post-18914","1":"product","2":"type-product","3":"status-publish","4":"has-post-thumbnail","6":"product_cat-chemia","7":"product_cat-chemikalia-specjalistyczne","8":"product_cat-farmacja","9":"product_cat-granulator-3","10":"product_cat-granulator-4","11":"product_cat-granulator-5","12":"product_cat-hydrometallurgy-pl","13":"product_cat-mieszanie-proszkow","14":"product_cat-mikser-2","15":"product_cat-rafinerie-i-przemysl-polimerowy","16":"product_cat-rozwiazania","17":"product_cat-suszenie-2","18":"product_cat-systemy-procesowe-3","19":"product_cat-technologia-reakcji-3","20":"product_cat-wedlug-branz","21":"product_cat-zywnosc-i-napoje","22":"pa_supplier-lodige-pl","24":"first","25":"instock","26":"shipping-taxable","27":"purchasable","28":"product-type-simple"},"_links":{"self":[{"href":"https:\/\/thurne.se\/pl\/wp-json\/wp\/v2\/product\/18914","targetHints":{"allow":["GET"]}}],"collection":[{"href":"https:\/\/thurne.se\/pl\/wp-json\/wp\/v2\/product"}],"about":[{"href":"https:\/\/thurne.se\/pl\/wp-json\/wp\/v2\/types\/product"}],"wp:featuredmedia":[{"embeddable":true,"href":"https:\/\/thurne.se\/pl\/wp-json\/wp\/v2\/media\/18915"}],"wp:attachment":[{"href":"https:\/\/thurne.se\/pl\/wp-json\/wp\/v2\/media?parent=18914"}],"wp:term":[{"taxonomy":"product_cat","embeddable":true,"href":"https:\/\/thurne.se\/pl\/wp-json\/wp\/v2\/product_cat?post=18914"},{"taxonomy":"product_tag","embeddable":true,"href":"https:\/\/thurne.se\/pl\/wp-json\/wp\/v2\/product_tag?post=18914"}],"curies":[{"name":"wp","href":"https:\/\/api.w.org\/{rel}","templated":true}]}}