{"id":18911,"date":"2021-11-03T18:59:29","date_gmt":"2021-11-03T17:59:29","guid":{"rendered":"https:\/\/thurne.se\/product\/inversina-mixer\/"},"modified":"2025-11-05T13:19:03","modified_gmt":"2025-11-05T12:19:03","slug":"mikser-inversina","status":"publish","type":"product","link":"https:\/\/thurne.se\/pl\/produkt\/mikser-inversina\/","title":{"rendered":"Mikser Inversina"},"content":{"rendered":"<p>[vc_row][vc_column][vc_column_text]Niezale\u017cnie od tego, czy jest to proszek, czy p\u0142yn: tutaj nic nie jest wstrz\u0105\u015bni\u0119te i miksowane. Nasz mieszalnik o du\u017cej wydajno\u015bci dzia\u0142a w oparciu o specjalny ruch wirowy \u2013 b\u0119d\u0105cy kombinacj\u0105 ruchu bocznego, odwracania i obrotu \u2013 i zapewnia dok\u0142adne wymieszanie r\u00f3\u017cnych sk\u0142adnik\u00f3w bez u\u017cycia narz\u0119dzi do mieszania.<\/p>\n<ul>\n<li class=\"ewa-rteLine\">Doskonale homogenizuje proszki, cia\u0142a sta\u0142e, ciecze czy <span class=\"TextRun SCXO95549447 BCX8\" lang=\"PL\" xml:lang=\"PL\" data-contrast=\"auto\"><span class=\"NormalTextRun SCXO95549447 BCX8\">zawiesiny;<\/span><\/span><\/li>\n<li class=\"ewa-rteLine\">Idealny do mieszania cz\u0105stek o r\u00f3\u017cnej g\u0119sto\u015bci, kszta\u0142cie i ilo\u015bci (suchych lub p\u0142ynnych);<\/li>\n<li class=\"ewa-rteLine\">Delikatny, powtarzalny i niezwykle wydajny;<\/li>\n<li class=\"ewa-rteLine\">Od skali laboratoryjnej do produkcyjnej;<\/li>\n<li class=\"ewa-rteLine\">Dost\u0119pne w rozmiarach laboratoryjnych: 2 l do 350 l w skali produkcyjnej i szerokiej gamie akcesori\u00f3w pasuj\u0105cych do ka\u017cdego procesu mieszania.<\/li>\n<\/ul>\n<p>[\/vc_column_text][\/vc_column][\/vc_row][vc_row][vc_column][vc_column_text]<\/p>\n<h4>Wi\u0119cej informacji na stronie producenta:<\/h4>\n<p>[\/vc_column_text][\/vc_column][vc_column width=&#8221;1\/3&#8243;][tm_button size=&#8221;lg&#8221; button=&#8221;url:https%3A%2F%2Fbioengineering.ch%2Fcomponents%2Finversina%2F|title:PRODUCENT|target:_blank&#8221; align=&#8221;center&#8221;][\/vc_column][vc_column width=&#8221;1\/3&#8243;][\/vc_column][vc_column width=&#8221;1\/3&#8243;][\/vc_column][\/vc_row]<\/p>\n","protected":false},"excerpt":{"rendered":"Wykorzystuj\u0105c specjaln\u0105 tr\u00f3jwymiarow\u0105 kinematyk\u0119 inwersji, Inversina oferuje znacznie lepsze wyniki ni\u017c jakikolwiek inny blender przy maxymalnie skr\u00f3conym czasie mieszania. Inversina jest u\u017cywana w r\u00f3\u017cnych ga\u0142\u0119ziach przemys\u0142u i jest dost\u0119pna zar\u00f3wno w modelach r\u0119cznych, jak i automatycznych, o rozmiarach od skali laboratoryjnej po produkcyjn\u0105 i szerokiej gamie akcesori\u00f3w pasuj\u0105cych do ka\u017cdego procesu mieszania.","protected":false},"featured_media":18912,"template":"","meta":[],"product_cat":[793,794,818,797,871,872,853,870,848,800,854,796,798,832],"product_tag":[],"class_list":{"0":"post-18911","1":"product","2":"type-product","3":"status-publish","4":"has-post-thumbnail","6":"product_cat-bioprocesy","7":"product_cat-bioprocesy-2","8":"product_cat-farmacja","9":"product_cat-grupy","10":"product_cat-komponenty","11":"product_cat-mieszanie","12":"product_cat-mieszanie-proszkow","13":"product_cat-mieszanie-w-3d","14":"product_cat-mikser-5","15":"product_cat-rozwiazania","16":"product_cat-systemy-procesowe-3","17":"product_cat-uprawa","18":"product_cat-wedlug-branz","19":"product_cat-zywnosc-i-napoje","20":"pa_supplier-bioengineering-pl","22":"first","23":"instock","24":"shipping-taxable","25":"purchasable","26":"product-type-simple"},"_links":{"self":[{"href":"https:\/\/thurne.se\/pl\/wp-json\/wp\/v2\/product\/18911","targetHints":{"allow":["GET"]}}],"collection":[{"href":"https:\/\/thurne.se\/pl\/wp-json\/wp\/v2\/product"}],"about":[{"href":"https:\/\/thurne.se\/pl\/wp-json\/wp\/v2\/types\/product"}],"wp:featuredmedia":[{"embeddable":true,"href":"https:\/\/thurne.se\/pl\/wp-json\/wp\/v2\/media\/18912"}],"wp:attachment":[{"href":"https:\/\/thurne.se\/pl\/wp-json\/wp\/v2\/media?parent=18911"}],"wp:term":[{"taxonomy":"product_cat","embeddable":true,"href":"https:\/\/thurne.se\/pl\/wp-json\/wp\/v2\/product_cat?post=18911"},{"taxonomy":"product_tag","embeddable":true,"href":"https:\/\/thurne.se\/pl\/wp-json\/wp\/v2\/product_tag?post=18911"}],"curies":[{"name":"wp","href":"https:\/\/api.w.org\/{rel}","templated":true}]}}