{"id":18904,"date":"2021-11-03T18:59:26","date_gmt":"2021-11-03T17:59:26","guid":{"rendered":"https:\/\/thurne.se\/product\/fluid-bed-dryer-lcf-for-continuous-operation\/"},"modified":"2025-05-26T15:10:12","modified_gmt":"2025-05-26T13:10:12","slug":"suszarka-fluidalna-lcf-do-pracy-ciaglej","status":"publish","type":"product","link":"https:\/\/thurne.se\/pl\/produkt\/suszarka-fluidalna-lcf-do-pracy-ciaglej\/","title":{"rendered":"Suszarka fluidalna LCF do pracy ci\u0105g\u0142ej"},"content":{"rendered":"<p>[vc_row][vc_column][vc_column_text]LCF \u2013 suszenie ci\u0105g\u0142e z okre\u015blonym rozk\u0142adem czasu retencji[\/vc_column_text][\/vc_column][\/vc_row][vc_row][vc_column][vc_column_text]<\/p>\n<h4>Broszura:<\/h4>\n<p>[\/vc_column_text][\/vc_column][vc_column width=&#8221;1\/3&#8243;][tm_button size=&#8221;lg&#8221; button=&#8221;url:%2Fwp-content%2Fuploads%2F2021%2F10%2FGRANUCON_Continuous_Drying-201301.pdf|title:BROSZURA|target:_blank&#8221; align=&#8221;center&#8221;][\/vc_column][vc_column width=&#8221;1\/3&#8243;][\/vc_column][vc_column width=&#8221;1\/3&#8243;][\/vc_column][\/vc_row]<\/p>\n","protected":false},"excerpt":{"rendered":"LCF &#8211; continuous drying with a defined retention time distribution","protected":false},"featured_media":18905,"template":"","meta":[],"product_cat":[793,803,805,818,863,797,806,808,800,820,798,832],"product_tag":[],"class_list":{"0":"post-18904","1":"product","2":"type-product","3":"status-publish","4":"has-post-thumbnail","6":"product_cat-bioprocesy","7":"product_cat-chemia","8":"product_cat-chemikalia-specjalistyczne","9":"product_cat-farmacja","10":"product_cat-granulator-2","11":"product_cat-grupy","12":"product_cat-hydrometallurgy-pl","13":"product_cat-rafinerie-i-przemysl-polimerowy","14":"product_cat-rozwiazania","15":"product_cat-sprzet-do-obslugi-proszku","16":"product_cat-wedlug-branz","17":"product_cat-zywnosc-i-napoje","18":"pa_supplier-lodige-pl","20":"first","21":"instock","22":"shipping-taxable","23":"purchasable","24":"product-type-simple"},"_links":{"self":[{"href":"https:\/\/thurne.se\/pl\/wp-json\/wp\/v2\/product\/18904","targetHints":{"allow":["GET"]}}],"collection":[{"href":"https:\/\/thurne.se\/pl\/wp-json\/wp\/v2\/product"}],"about":[{"href":"https:\/\/thurne.se\/pl\/wp-json\/wp\/v2\/types\/product"}],"wp:featuredmedia":[{"embeddable":true,"href":"https:\/\/thurne.se\/pl\/wp-json\/wp\/v2\/media\/18905"}],"wp:attachment":[{"href":"https:\/\/thurne.se\/pl\/wp-json\/wp\/v2\/media?parent=18904"}],"wp:term":[{"taxonomy":"product_cat","embeddable":true,"href":"https:\/\/thurne.se\/pl\/wp-json\/wp\/v2\/product_cat?post=18904"},{"taxonomy":"product_tag","embeddable":true,"href":"https:\/\/thurne.se\/pl\/wp-json\/wp\/v2\/product_tag?post=18904"}],"curies":[{"name":"wp","href":"https:\/\/api.w.org\/{rel}","templated":true}]}}